{"id":962,"date":"2019-03-12T08:33:56","date_gmt":"2019-03-12T11:33:56","guid":{"rendered":"http:\/\/dea.unsj.edu.ar\/principal\/?page_id=962"},"modified":"2019-03-12T08:33:56","modified_gmt":"2019-03-12T11:33:56","slug":"reserva-semanal-de-proyector-y-notebook-semestre-impar","status":"publish","type":"page","link":"https:\/\/dea.unsj.edu.ar\/principal\/docentes\/reserva-de-proyector-y-notebook\/reserva-semanal-de-proyector-y-notebook-semestre-impar\/","title":{"rendered":"Reserva Semanal de Proyector Y Notebook (Semestre Impar)"},"content":{"rendered":"\n<p>En esta p\u00e1gina se muestra la planilla con la reservas de Proyectores y Notebook realizados por los docentes para el dictado de clases para los semestres impares. <\/p>\n\n\n\n<div class=\"wp-block-columns is-layout-flex wp-container-core-columns-is-layout-9d6595d7 wp-block-columns-is-layout-flex\">\n<div class=\"wp-block-column is-layout-flow wp-block-column-is-layout-flow\" style=\"flex-basis:100%\">\n<figure class=\"wp-block-table is-style-stripes\"><table><tbody><tr><td><strong>USUARIO<\/strong><\/td><td><strong>HORARIO<\/strong><\/td><td><strong>DIA<\/strong><\/td><td><strong>PROY \/ NOT ASIGNADO<\/strong><\/td><td><strong>ASIGNATURA<\/strong><\/td><\/tr><tr><td><strong>Hugo Fernandez \/ Miguel Pe\u00f1a<\/strong><\/td><td><strong>08:00 a 10:30 hs<\/strong><\/td><td><strong>LUNES<\/strong><\/td><td><strong>N2 y P3<\/strong><\/td><td><strong>Electrotecnia \/Teor\u00eda de Circuitos<\/strong><\/td><\/tr><tr><td><strong>Sergio Mosconi<\/strong><\/td><td><strong>08:00 a 10:30 hs<\/strong><\/td><td><strong>LUNES<\/strong><\/td><td><strong>P5<\/strong><\/td><td><strong>Medicina Nuclear<\/strong><\/td><\/tr><tr><td><strong>Arnoldo Fern\u00e1ndez<\/strong><\/td><td><strong>08:00 a 10:30 hs<\/strong><\/td><td><strong>LUNES<\/strong><\/td><td><strong>N1 y P4<\/strong><\/td><td><strong>Redacci\u00f3n de Trabajos y Expresi\u00f3n Oral<\/strong><\/td><\/tr><tr><td><strong>Ana Mar\u00eda Echenique<\/strong><\/td><td><strong>10:30 a 13:00 hs<\/strong><\/td><td><strong>LUNES<\/strong><\/td><td><strong>P5<\/strong><\/td><td><strong>Electr\u00f3nica Anal\u00f3gica<\/strong><\/td><\/tr><tr><td><strong>Andr\u00e9s Valdez<\/strong><\/td><td><strong>15:50 a 17:30 hs<\/strong><\/td><td><strong>LUNES<\/strong><\/td><td><strong>P5<\/strong><\/td><td><strong>Sensores y Transductores<\/strong><\/td><\/tr><tr><td><strong>Daniel Gomez<\/strong><\/td><td><strong>16:00 a 18:30 hs<\/strong><\/td><td><strong>LUNES<\/strong><\/td><td><strong>P4<\/strong><\/td><td><strong>Qu\u00edmica II<\/strong><\/td><\/tr><tr><td><strong>Jos\u00e9 Luis Nacarato<\/strong><\/td><td><strong>16:00 a 21:00 hs<\/strong><\/td><td><strong>LUNES<\/strong><\/td><td><strong>P2<\/strong><\/td><td><strong>Gesti\u00f3n y Organizaci\u00f3n Producci\u00f3n<\/strong><\/td><\/tr><tr><td><strong>Eric Laciar<\/strong><\/td><td><strong>17:30 a 19:55 hs<\/strong><\/td><td><strong>LUNES<\/strong><\/td><td><strong>P3<\/strong><\/td><td><strong>Proces. y An\u00e1l. Avanz. Se\u00f1ales Biom\u00e9d.<\/strong><\/td><\/tr><tr><td><strong>Rodolfo Arroqui<\/strong><\/td><td><strong>17:30 a 21:00 hs<\/strong><\/td><td><strong>LUNES<\/strong><\/td><td><strong>P5<\/strong><\/td><td><strong>Propagaci\u00f3n y Radiaci\u00f3n<\/strong><\/td><\/tr><tr><td><strong>Vicente Mut<\/strong><\/td><td><strong>08:00 a 10:30 hs<\/strong><\/td><td><strong>MARTES<\/strong><\/td><td><strong>P5<\/strong><\/td><td><strong>Procesamiento Digital de Se\u00f1ales<\/strong><\/td><\/tr><tr><td><strong>Hugo Fernandez \/ Miguel Pe\u00f1a<\/strong><\/td><td><strong>08:00 a 10:30 hs<\/strong><\/td><td><strong>MARTES<\/strong><\/td><td><strong>N2 y P3<\/strong><\/td><td><strong>Electrotecnia\/Teor\u00eda de Circuitos<\/strong><\/td><\/tr><tr><td><strong>Valentina Reznichenco<\/strong><\/td><td><strong>08:00 a 10:30 hs<\/strong><\/td><td><strong>MARTES<\/strong><\/td><td><strong>P4<\/strong><\/td><td><strong>Anatom\u00eda<\/strong><\/td><\/tr><tr><td><strong>Cristian Sisterna<\/strong><\/td><td><strong>08:00 a 10:30 hs<\/strong><\/td><td><strong>MARTES<\/strong><\/td><td><strong>P2<\/strong><\/td><td><strong>Temas Espec. Electr\u00f3nica Digital I<\/strong><\/td><\/tr><tr><td><strong>Ana Mar\u00eda Echenique<\/strong><\/td><td><strong>10:30 a 13:00 hs<\/strong><\/td><td><strong>MARTES<\/strong><\/td><td><strong>P5<\/strong><\/td><td><strong>Electr\u00f3nica Anal\u00f3gica<\/strong><\/td><\/tr><tr><td><strong>Sergio Mosconi<\/strong><\/td><td><strong>10:30 a 13:00 hs<\/strong><\/td><td><strong>MARTES<\/strong><\/td><td><strong>P3<\/strong><\/td><td><strong>Medicina Nuclear<\/strong><\/td><\/tr><tr><td><strong>Juan Miguel Agliozzo<\/strong><\/td><td><strong>15:00 a 18:15 hs<\/strong><\/td><td><strong>MARTES<\/strong><\/td><td><strong>P5<\/strong><\/td><td><strong>Fisiopatolog\u00eda<\/strong><\/td><\/tr><tr><td><strong>Enrique \u00c1vila<\/strong><\/td><td><strong>16:00 a 18:15 hs<\/strong><\/td><td><strong>MARTES<\/strong><\/td><td><strong>P4<\/strong><\/td><td><strong>Instrumentaci\u00f3n Biom\u00e9dica II<\/strong><\/td><\/tr><tr><td><strong>Andr\u00e9s Lage<\/strong><\/td><td><strong>16:00 a 17:30 hs<\/strong><\/td><td><strong>MARTES<\/strong><\/td><td><strong>P3<\/strong><\/td><td><strong>Sistemas Industriales para Control<\/strong><\/td><\/tr><tr><td><strong>Juan Carlos Correa<\/strong><\/td><td><strong>17:30 a 19:10 hs<\/strong><\/td><td><strong>MARTES<\/strong><\/td><td><strong>P2<\/strong><\/td><td><strong>M\u00e1quinas El\u00e9ctricas<\/strong><\/td><\/tr><tr><td><strong>Juan Pablo Graffigna<\/strong><\/td><td><strong>19:15 a 21:00 hs<\/strong><\/td><td><strong>MARTES<\/strong><\/td><td><strong>P5<\/strong><\/td><td><strong>Introducci\u00f3n a la Bioingenier\u00eda<\/strong><\/td><\/tr><tr><td><strong>Juan Pablo Aguiar<\/strong><\/td><td><strong>19:15 a 21:00 hs<\/strong><\/td><td><strong>MARTES<\/strong><\/td><td><strong>P3<\/strong><\/td><td><strong>Telecomunicaciones I<\/strong><\/td><\/tr><tr><td><strong>Daniel Pati\u00f1o<\/strong><\/td><td><strong>08:00 a 10:30 hs<\/strong><\/td><td><strong>MIERC<\/strong><\/td><td><strong>P4<\/strong><\/td><td><strong>Control I<\/strong><\/td><\/tr><tr><td><strong>&nbsp;Fernando Di Sciascio \/ Elisa Perez<\/strong><\/td><td><strong>08:00 a 10:30 hs<\/strong><\/td><td><strong>MIERC<\/strong><\/td><td><strong>P5<\/strong><\/td><td><strong>Control II<\/strong><\/td><\/tr><tr><td><strong>Juan Pablo Graffigna<\/strong><\/td><td><strong>08:00 a 12:30 hs<\/strong><\/td><td><strong>MIERC<\/strong><\/td><td><strong>P3<\/strong><\/td><td><strong>Im\u00e1genes en Medicina<\/strong><\/td><\/tr><tr><td><strong>Vicente Mut<\/strong><\/td><td><strong>08:00 a 10:30 hs<\/strong><\/td><td><strong>MIERC<\/strong><\/td><td><strong>P2<\/strong><\/td><td><strong>Procesamiento Digital de Se\u00f1ales<\/strong><\/td><\/tr><tr><td><strong>Daniel Gomez<\/strong><\/td><td><strong>10:30 a 13:00 hs<\/strong><\/td><td><strong>MIERC<\/strong><\/td><td><strong>N2 y P5<\/strong><\/td><td><strong>Qu\u00edmica \/ Qu\u00edmica II<\/strong><\/td><\/tr><tr><td><strong>Valentina Reznichenco<\/strong><\/td><td><strong>10:30 a 13:00 hs<\/strong><\/td><td><strong>MIERC<\/strong><\/td><td><strong>P4<\/strong><\/td><td><strong>Anatom\u00eda<\/strong><\/td><\/tr><tr><td><strong>Daniel Nacarato \/ Sergio Perez<\/strong><\/td><td><strong>10:30 a 13:00 hs<\/strong><\/td><td><strong>MIERC<\/strong><\/td><td><strong>P2<\/strong><\/td><td><strong>Administraci\u00f3n de Hospitales<\/strong><\/td><\/tr><tr><td><strong>Andr\u00e9s Valdez<\/strong><\/td><td><strong>15:00 a 17:30 hs<\/strong><\/td><td><strong>MIERC<\/strong><\/td><td><strong>P5<\/strong><\/td><td><strong>Sensores y Transductores<\/strong><\/td><\/tr><tr><td><strong>Andr\u00e9s Lage<\/strong><\/td><td><strong>16:00 a 18:15 hs<\/strong><\/td><td><strong>MIERC<\/strong><\/td><td><strong>P4<\/strong><\/td><td><strong>Sistemas Industriales para Control<\/strong><\/td><\/tr><tr><td><strong>Daniel Gomez<\/strong><\/td><td><strong>18:20 a 19:55 hs<\/strong><\/td><td><strong>MIERC<\/strong><\/td><td><strong>P4<\/strong><\/td><td><strong>Qu\u00edmica II<\/strong><\/td><\/tr><tr><td><strong>Juan Pablo Aguiar<\/strong><\/td><td><strong>19:15 a 21:00 hs<\/strong><\/td><td><strong>MIERC<\/strong><\/td><td><strong>P5<\/strong><\/td><td><strong>Telecomunicaciones I<\/strong><\/td><\/tr><tr><td><strong>Daniel Pati\u00f1o<\/strong><\/td><td><strong>08:00 a 10:30 hs<\/strong><\/td><td><strong>JUEVES<\/strong><\/td><td><strong>P5<\/strong><\/td><td><strong>Control I<\/strong><\/td><\/tr><tr><td><strong>Hugo Fernandez \/ Miguel Pe\u00f1a<\/strong><\/td><td><strong>08:00 a 10:30 hs<\/strong><\/td><td><strong>JUEVES<\/strong><\/td><td><strong>P4<\/strong><\/td><td><strong>Electrotecnia \/Teor\u00eda de Circuitos<\/strong><\/td><\/tr><tr><td><strong>Silvia Rodrigo<\/strong><\/td><td><strong>10:30 a 13:00 hs<\/strong><\/td><td><strong>JUEVES<\/strong><\/td><td><strong>P5<\/strong><\/td><td><strong>Biomec\u00e1nica<\/strong><\/td><\/tr><tr><td><strong>Daniel Nacarato \/ Sergio Perez<\/strong><\/td><td><strong>10:30 a 13:00 hs<\/strong><\/td><td><strong>JUEVES<\/strong><\/td><td><strong>P3<\/strong><\/td><td><strong>Administraci\u00f3n de Hospitales<\/strong><\/td><\/tr><tr><td><strong>Enrique \u00c1vila<\/strong><\/td><td><strong>16:00 a 18:30 hs<\/strong><\/td><td><strong>JUEVES<\/strong><\/td><td><strong>P4<\/strong><\/td><td><strong>Instrumentaci\u00f3n Biom\u00e9dica II<\/strong><\/td><\/tr><tr><td><strong>Juan Carlos Correa<\/strong><\/td><td><strong>16:00 a 19:10 hs<\/strong><\/td><td><strong>JUEVES<\/strong><\/td><td><strong>P2<\/strong><\/td><td><strong>M\u00e1quinas El\u00e9ctricas<\/strong><\/td><\/tr><tr><td><strong>Andr\u00e9s Valdez<\/strong><\/td><td><strong>18:30 a 20:45 hs<\/strong><\/td><td><strong>JUEVES<\/strong><\/td><td><strong>P5<\/strong><\/td><td><strong>Sensores y Transductores<\/strong><\/td><\/tr><tr><td><strong>Rodolfo Arroqui<\/strong><\/td><td><strong>18:30 a 21:00 hs<\/strong><\/td><td><strong>JUEVES<\/strong><\/td><td><strong>P3<\/strong><\/td><td><strong>Propagaci\u00f3n y Radiaci\u00f3n<\/strong><\/td><\/tr><tr><td><strong>Juan Pablo Aguiar<\/strong><\/td><td><strong>19:15 a 21:00 hs<\/strong><\/td><td><strong>JUEVES<\/strong><\/td><td><strong>P4<\/strong><\/td><td><strong>Telecomunicaciones I<\/strong><\/td><\/tr><tr><td><strong>Daniel Gomez<\/strong><\/td><td><strong>08:00 a 10:30 hs<\/strong><\/td><td><strong>VIERNES<\/strong><\/td><td><strong>N2 y P3<\/strong><\/td><td><strong>Qu\u00edmica II<\/strong><\/td><\/tr><tr><td><strong>Juan Pablo Graffigna<\/strong><\/td><td><strong>08:00 a 10:30 hs<\/strong><\/td><td><strong>VIERNES<\/strong><\/td><td><strong>P4<\/strong><\/td><td><strong>Introducci\u00f3n a la Bioingenier\u00eda<\/strong><\/td><\/tr><tr><td><strong>Cristian Sisterna<\/strong><\/td><td><strong>10:30 a 13:00 hs<\/strong><\/td><td><strong>VIERNES<\/strong><\/td><td><strong>P5<\/strong><\/td><td><strong>Temas Espec. Electr\u00f3nica Digital I<\/strong><\/td><\/tr><tr><td><strong>Juan Miguel Agliozzo<\/strong><\/td><td><strong>15:00 a 17:25 hs<\/strong><\/td><td><strong>VIERNES<\/strong><\/td><td><strong>P4<\/strong><\/td><td><strong>Fisiopatolog\u00eda<\/strong><\/td><\/tr><tr><td><strong>Juan Pablo Graffigna<\/strong><\/td><td><strong>16:00 a 17:30 hs<\/strong><\/td><td><strong>VIERNES<\/strong><\/td><td><strong>P5<\/strong><\/td><td><strong>Im\u00e1genes en Medicina<\/strong><\/td><\/tr><tr><td><strong>Andr\u00e9s Lage<\/strong><\/td><td><strong>16:00 a 18:15 hs<\/strong><\/td><td><strong>VIERNES<\/strong><\/td><td><strong>P3<\/strong><\/td><td><strong>Sistemas Industriales para Control<\/strong><\/td><\/tr><\/tbody><\/table><\/figure>\n<\/div>\n<\/div>\n\n\n\n<p><\/p>\n","protected":false},"excerpt":{"rendered":"<div class=\"entry-summary\">\nEn esta p\u00e1gina se muestra la planilla con la reservas de Proyectores y Notebook realizados por los docentes para el&hellip;\n<\/div>\n<div class=\"link-more\"><a href=\"https:\/\/dea.unsj.edu.ar\/principal\/docentes\/reserva-de-proyector-y-notebook\/reserva-semanal-de-proyector-y-notebook-semestre-impar\/\" class=\"more-link\">Continue reading<span class=\"screen-reader-text\"> &ldquo;Reserva Semanal de Proyector Y Notebook (Semestre Impar)&rdquo;<\/span>&hellip;<\/a><\/div>\n","protected":false},"author":1,"featured_media":0,"parent":953,"menu_order":0,"comment_status":"closed","ping_status":"closed","template":"","meta":{"_acf_changed":false,"jetpack_post_was_ever_published":false,"footnotes":""},"class_list":["post-962","page","type-page","status-publish","hentry","entry"],"acf":[],"jetpack_sharing_enabled":true,"jetpack_shortlink":"https:\/\/wp.me\/PaLbeA-fw","_links":{"self":[{"href":"https:\/\/dea.unsj.edu.ar\/principal\/wp-json\/wp\/v2\/pages\/962","targetHints":{"allow":["GET"]}}],"collection":[{"href":"https:\/\/dea.unsj.edu.ar\/principal\/wp-json\/wp\/v2\/pages"}],"about":[{"href":"https:\/\/dea.unsj.edu.ar\/principal\/wp-json\/wp\/v2\/types\/page"}],"author":[{"embeddable":true,"href":"https:\/\/dea.unsj.edu.ar\/principal\/wp-json\/wp\/v2\/users\/1"}],"replies":[{"embeddable":true,"href":"https:\/\/dea.unsj.edu.ar\/principal\/wp-json\/wp\/v2\/comments?post=962"}],"version-history":[{"count":0,"href":"https:\/\/dea.unsj.edu.ar\/principal\/wp-json\/wp\/v2\/pages\/962\/revisions"}],"up":[{"embeddable":true,"href":"https:\/\/dea.unsj.edu.ar\/principal\/wp-json\/wp\/v2\/pages\/953"}],"wp:attachment":[{"href":"https:\/\/dea.unsj.edu.ar\/principal\/wp-json\/wp\/v2\/media?parent=962"}],"curies":[{"name":"wp","href":"https:\/\/api.w.org\/{rel}","templated":true}]}}