{"id":897,"date":"2019-03-10T12:27:25","date_gmt":"2019-03-10T15:27:25","guid":{"rendered":"http:\/\/dea.unsj.edu.ar\/principal\/?page_id=897"},"modified":"2019-03-10T12:27:25","modified_gmt":"2019-03-10T15:27:25","slug":"horarios-de-ingenieria-electronica","status":"publish","type":"page","link":"https:\/\/dea.unsj.edu.ar\/principal\/oferta-academica\/ingenieria-electronica\/horarios-de-ingenieria-electronica\/","title":{"rendered":"Horarios de Ingenier\u00eda Electr\u00f3nica"},"content":{"rendered":"\n<p> En esta p\u00e1gina se publican los horarios y lugares de dictado de las  clases en cursado regular de Ingenier\u00eda Electr\u00f3nica.  Los horarios y  lugares de dictado de las asignaturas optativas y de doble cursado se  indicaran en lugar aparte.  <\/p>\n\n\n<p><strong><a href=\"http:\/\/dea.unsj.edu.ar\/principal\/horario-de-ingenieria-electronica-impares\/\">Horarios de Ingenier\u00eda Electr\u00f3nica (Semestres Impares)<\/a><\/strong><\/p>\n\n<p><strong><a href=\"http:\/\/dea.unsj.edu.ar\/principal\/horarios-de-ingenieria-electronica-semestre-par\/\">Horarios de Ingenier\u00eda Electr\u00f3nica (Semestres Pares)<\/a><\/strong><\/p>","protected":false},"excerpt":{"rendered":"<div class=\"entry-summary\">\nEn esta p\u00e1gina se publican los horarios y lugares de dictado de las clases en cursado regular de Ingenier\u00eda Electr\u00f3nica.&hellip;\n<\/div>\n<div class=\"link-more\"><a href=\"https:\/\/dea.unsj.edu.ar\/principal\/oferta-academica\/ingenieria-electronica\/horarios-de-ingenieria-electronica\/\" class=\"more-link\">Continue reading<span class=\"screen-reader-text\"> &ldquo;Horarios de Ingenier\u00eda Electr\u00f3nica&rdquo;<\/span>&hellip;<\/a><\/div>\n","protected":false},"author":1,"featured_media":0,"parent":38,"menu_order":0,"comment_status":"closed","ping_status":"closed","template":"","meta":{"_acf_changed":false,"jetpack_post_was_ever_published":false,"footnotes":""},"class_list":["post-897","page","type-page","status-publish","hentry","entry"],"acf":[],"jetpack_sharing_enabled":true,"jetpack_shortlink":"https:\/\/wp.me\/PaLbeA-et","_links":{"self":[{"href":"https:\/\/dea.unsj.edu.ar\/principal\/wp-json\/wp\/v2\/pages\/897","targetHints":{"allow":["GET"]}}],"collection":[{"href":"https:\/\/dea.unsj.edu.ar\/principal\/wp-json\/wp\/v2\/pages"}],"about":[{"href":"https:\/\/dea.unsj.edu.ar\/principal\/wp-json\/wp\/v2\/types\/page"}],"author":[{"embeddable":true,"href":"https:\/\/dea.unsj.edu.ar\/principal\/wp-json\/wp\/v2\/users\/1"}],"replies":[{"embeddable":true,"href":"https:\/\/dea.unsj.edu.ar\/principal\/wp-json\/wp\/v2\/comments?post=897"}],"version-history":[{"count":0,"href":"https:\/\/dea.unsj.edu.ar\/principal\/wp-json\/wp\/v2\/pages\/897\/revisions"}],"up":[{"embeddable":true,"href":"https:\/\/dea.unsj.edu.ar\/principal\/wp-json\/wp\/v2\/pages\/38"}],"wp:attachment":[{"href":"https:\/\/dea.unsj.edu.ar\/principal\/wp-json\/wp\/v2\/media?parent=897"}],"curies":[{"name":"wp","href":"https:\/\/api.w.org\/{rel}","templated":true}]}}