{"id":803,"date":"2019-03-07T20:09:57","date_gmt":"2019-03-07T23:09:57","guid":{"rendered":"http:\/\/dea.unsj.edu.ar\/principal\/?page_id=803"},"modified":"2025-09-29T19:28:58","modified_gmt":"2025-09-29T22:28:58","slug":"unidades-que-colaboran-con-el-dea","status":"publish","type":"page","link":"https:\/\/dea.unsj.edu.ar\/principal\/acerca-del-dea\/unidades-que-colaboran-con-el-dea\/","title":{"rendered":"Unidades Relacionadas con el DEA"},"content":{"rendered":"\n<p>El Departamento Electr\u00f3nica y Autom\u00e1tica, junto con:&nbsp;&nbsp;<\/p>\n\n\n\n<ul class=\"wp-block-list\">\n<li><a href=\"https:\/\/www.cuteunsj.com\">Instituto de Autom\u00e1tica (INAUT)<\/a><\/li>\n\n\n\n<li><a href=\"http:\/\/idecom.unsj.edu.ar\/\">Instituto de Computaci\u00f3n (IDECOM)<\/a><\/li>\n\n\n\n<li><a href=\"http:\/\/www.inbio.fi.unsj.edu.ar\">Instituto de Bioingenier\u00eda (INBIO)<\/a><\/li>\n<\/ul>\n\n\n\n<p>Conforman el El Nucleamiento de Electr\u00f3nica y Autom\u00e1tica de la Facultad de Ingenier\u00eda de la Universidad Nacional de San Juan.<\/p>\n\n\n\n<p><\/p>\n","protected":false},"excerpt":{"rendered":"<div class=\"entry-summary\">\nEl Departamento Electr\u00f3nica y Autom\u00e1tica, junto con:&nbsp;&nbsp; Conforman el El Nucleamiento de Electr\u00f3nica y Autom\u00e1tica de la Facultad de Ingenier\u00eda&hellip;\n<\/div>\n<div class=\"link-more\"><a href=\"https:\/\/dea.unsj.edu.ar\/principal\/acerca-del-dea\/unidades-que-colaboran-con-el-dea\/\" class=\"more-link\">Continue reading<span class=\"screen-reader-text\"> &ldquo;Unidades Relacionadas con el DEA&rdquo;<\/span>&hellip;<\/a><\/div>\n","protected":false},"author":1,"featured_media":0,"parent":493,"menu_order":0,"comment_status":"closed","ping_status":"closed","template":"","meta":{"_acf_changed":false,"jetpack_post_was_ever_published":false,"footnotes":""},"class_list":["post-803","page","type-page","status-publish","hentry","entry"],"acf":[],"jetpack_sharing_enabled":true,"jetpack_shortlink":"https:\/\/wp.me\/PaLbeA-cX","_links":{"self":[{"href":"https:\/\/dea.unsj.edu.ar\/principal\/wp-json\/wp\/v2\/pages\/803","targetHints":{"allow":["GET"]}}],"collection":[{"href":"https:\/\/dea.unsj.edu.ar\/principal\/wp-json\/wp\/v2\/pages"}],"about":[{"href":"https:\/\/dea.unsj.edu.ar\/principal\/wp-json\/wp\/v2\/types\/page"}],"author":[{"embeddable":true,"href":"https:\/\/dea.unsj.edu.ar\/principal\/wp-json\/wp\/v2\/users\/1"}],"replies":[{"embeddable":true,"href":"https:\/\/dea.unsj.edu.ar\/principal\/wp-json\/wp\/v2\/comments?post=803"}],"version-history":[{"count":1,"href":"https:\/\/dea.unsj.edu.ar\/principal\/wp-json\/wp\/v2\/pages\/803\/revisions"}],"predecessor-version":[{"id":4494,"href":"https:\/\/dea.unsj.edu.ar\/principal\/wp-json\/wp\/v2\/pages\/803\/revisions\/4494"}],"up":[{"embeddable":true,"href":"https:\/\/dea.unsj.edu.ar\/principal\/wp-json\/wp\/v2\/pages\/493"}],"wp:attachment":[{"href":"https:\/\/dea.unsj.edu.ar\/principal\/wp-json\/wp\/v2\/media?parent=803"}],"curies":[{"name":"wp","href":"https:\/\/api.w.org\/{rel}","templated":true}]}}