{"id":726,"date":"2019-02-28T21:13:57","date_gmt":"2019-03-01T00:13:57","guid":{"rendered":"http:\/\/dea.unsj.edu.ar\/principal\/?page_id=726"},"modified":"2026-03-13T11:24:23","modified_gmt":"2026-03-13T14:24:23","slug":"jornada-de-materias-optativas","status":"publish","type":"page","link":"https:\/\/dea.unsj.edu.ar\/principal\/oferta-academica\/jornada-de-materias-optativas\/","title":{"rendered":"Jornada de Materias Optativas (2026)"},"content":{"rendered":"\n<p>Importante para los alumnos que cursan los \u00faltimos a\u00f1os de Ingenier\u00eda Electr\u00f3nica y Bioingenier\u00eda<\/p>\n\n\n\n<p>La Jornada de Materias Optativas tiene la funci\u00f3n de que los alumnos entren en contacto con los docentes que dictan las Materias Optativas y saquen sus dudas sobre las mismas.<\/p>\n\n\n\n<p>Esta se realizar\u00e1 el d\u00eda viernes 20 de marzo de 2026 en horario de 10:30 a 13:00.<\/p>\n\n\n\n<p>En horario de 10:30 a 11:20 estar\u00e1n disponible para consulta lo docentes de las asignaturas optativas de <strong>Ingenier\u00eda Electr\u00f3nica<\/strong>. \u00a0<\/p>\n\n\n\n<p>En horario de 11:20 a 12:100 estar\u00e1n disponible para consulta lo docentes de las asignaturas optativas comunes a <strong>Ingenier\u00eda Electr\u00f3nica y Bioingenier\u00eda<\/strong>.<\/p>\n\n\n\n<p>En horario de 12:10 a 13:00 estar\u00e1n disponible para consulta lo docentes de las asignaturas optativas de <strong>Bioingenier\u00eda<\/strong>. \u00a0<\/p>\n\n\n\n<p>En la p\u00e1gina<\/p>\n\n\n\n<p><a href=\"https:\/\/dea.unsj.edu.ar\/principal\/oferta-academica\/jornada-de-materias-optativas\/cronograma-de-la-jornada-de-materias-optativas\/\" data-type=\"page\" data-id=\"730\">Cronograma de la Jornada de Materias Optativas (2026)<\/a><\/p>\n\n\n\n<p>se encuentra el cronograma de jornada.<\/p>\n\n\n\n<h2 class=\"wp-block-heading\">Informaci\u00f3n sobre Materias Optativas<\/h2>\n\n\n\n<p>Para que los alumnos puedan elegir las Materias Optativas en las siguientes paginas se brinda informaci\u00f3n sobre las mimsas.<\/p>\n\n\n\n<h2 class=\"wp-block-heading\"><a href=\"http:\/\/dea.unsj.edu.ar\/principal\/optativas-de-ingenieria-electronica\/\">Ir a las Optativas de Electr\u00f3nica<\/a><\/h2>\n\n\n\n<h2 class=\"wp-block-heading\"><a rel=\"noopener noreferrer\" href=\"http:\/\/dea.unsj.edu.ar\/principal\/optativas-de-bioingenieria\/\">Ir a las Optativas de Bioingenier\u00eda<\/a><\/h2>\n\n\n\n<h2 class=\"wp-block-heading\">Lista de Reproducci\u00f3n de Videos en Youtube <\/h2>\n\n\n\n<p><a rel=\"noreferrer noopener\" href=\"https:\/\/www.youtube.com\/playlist?list=PLtG1Z52Xm_NgKudaC41yMtiKnkApTvIRY\" target=\"_blank\">https:\/\/www.youtube.com\/playlist?list=PLtG1Z52Xm_NgKudaC41yMtiKnkApTvIRY<\/a><\/p>\n\n\n\n<p><\/p>\n\n\n<h2><strong>Grabaci\u00f3n de las Exposiciones (2021)<br \/><\/strong><\/h2>\n<p>En esta secci\u00f3n se dan los enlaces a la grabaci\u00f3n de las charlas de las materias optativas que se realizaron en el a\u00f1o 2021. En este a\u00f1o las asignaturas se presentaron en forma virtual.<\/p>\n<p>Asignaturas Optativas para Bioingenier\u00eda<\/p>\n\n\n<p><a href=\"https:\/\/scalelite.unsj.edu.ar\/playback\/presentation\/2.0\/playback.html?meetingId=3d604b39586550d4f7c8f17ed1e60d7387bb046b-1615979374880\">Presentaciones del 17\/3\/2021<\/a><\/p>\n\n\n\n<p>Asignaturas Optativas para Ingenier\u00eda Electr\u00f3nica<\/p>\n\n\n\n<p><a href=\"https:\/\/scalelite.unsj.edu.ar\/playback\/presentation\/2.0\/playback.html?meetingId=3d604b39586550d4f7c8f17ed1e60d7387bb046b-1616067697245\">Presentaciones del 18\/3\/2021<\/a><\/p>\n\n\n\n<p>Asignaturas Optativas que se dan en com\u00fan para Ingenier\u00eda Electr\u00f3nica y Bioingenier\u00eda<\/p>\n\n\n\n<p><a href=\"https:\/\/scalelite.unsj.edu.ar\/playback\/presentation\/2.0\/playback.html?meetingId=3d604b39586550d4f7c8f17ed1e60d7387bb046b-1616153160200\">Presentaciones del 19\/3\/2021<\/a><\/p>\n","protected":false},"excerpt":{"rendered":"<div class=\"entry-summary\">\nImportante para los alumnos que cursan los \u00faltimos a\u00f1os de Ingenier\u00eda Electr\u00f3nica y Bioingenier\u00eda La Jornada de Materias Optativas tiene&hellip;\n<\/div>\n<div class=\"link-more\"><a href=\"https:\/\/dea.unsj.edu.ar\/principal\/oferta-academica\/jornada-de-materias-optativas\/\" class=\"more-link\">Continue reading<span class=\"screen-reader-text\"> &ldquo;Jornada de Materias Optativas (2026)&rdquo;<\/span>&hellip;<\/a><\/div>\n","protected":false},"author":1,"featured_media":0,"parent":562,"menu_order":0,"comment_status":"closed","ping_status":"closed","template":"","meta":{"_acf_changed":false,"jetpack_post_was_ever_published":true,"footnotes":""},"class_list":["post-726","page","type-page","status-publish","hentry","entry"],"acf":[],"jetpack_sharing_enabled":true,"jetpack_shortlink":"https:\/\/wp.me\/PaLbeA-bI","_links":{"self":[{"href":"https:\/\/dea.unsj.edu.ar\/principal\/wp-json\/wp\/v2\/pages\/726","targetHints":{"allow":["GET"]}}],"collection":[{"href":"https:\/\/dea.unsj.edu.ar\/principal\/wp-json\/wp\/v2\/pages"}],"about":[{"href":"https:\/\/dea.unsj.edu.ar\/principal\/wp-json\/wp\/v2\/types\/page"}],"author":[{"embeddable":true,"href":"https:\/\/dea.unsj.edu.ar\/principal\/wp-json\/wp\/v2\/users\/1"}],"replies":[{"embeddable":true,"href":"https:\/\/dea.unsj.edu.ar\/principal\/wp-json\/wp\/v2\/comments?post=726"}],"version-history":[{"count":6,"href":"https:\/\/dea.unsj.edu.ar\/principal\/wp-json\/wp\/v2\/pages\/726\/revisions"}],"predecessor-version":[{"id":4583,"href":"https:\/\/dea.unsj.edu.ar\/principal\/wp-json\/wp\/v2\/pages\/726\/revisions\/4583"}],"up":[{"embeddable":true,"href":"https:\/\/dea.unsj.edu.ar\/principal\/wp-json\/wp\/v2\/pages\/562"}],"wp:attachment":[{"href":"https:\/\/dea.unsj.edu.ar\/principal\/wp-json\/wp\/v2\/media?parent=726"}],"curies":[{"name":"wp","href":"https:\/\/api.w.org\/{rel}","templated":true}]}}