{"id":718,"date":"2019-02-28T12:20:02","date_gmt":"2019-02-28T15:20:02","guid":{"rendered":"http:\/\/dea.unsj.edu.ar\/principal\/?page_id=718"},"modified":"2019-02-28T12:20:02","modified_gmt":"2019-02-28T15:20:02","slug":"becas","status":"publish","type":"page","link":"https:\/\/dea.unsj.edu.ar\/principal\/alumnos\/becas\/","title":{"rendered":"Becas"},"content":{"rendered":"\n<p> En esta secci\u00f3n se dar\u00e1n una serie de enlaces a distintos tipos de becas de diferentes instituciones. <\/p>\n\n\n\n<h2 class=\"wp-block-heading\">Becas ofrecidas por la Facultad de Ingenier\u00eda<\/h2>\n\n\n\n<p><strong>Becas Desayuno.<\/strong>&nbsp;La Facultad de Ingenier\u00eda dispone de Becas Desayuno, destinadas a estudiantes de bajos recursos. Cada beca desayuno consta de un desayuno diario durante el a\u00f1o.&nbsp;<br><strong>Becas de Fotocopia.<\/strong>&nbsp;Se distribuyen a todos los estudiantes que las soliciten y que realmente la necesiten. Se debe destacar que esto se logr\u00f3 gracias a la gesti\u00f3n de esta Secretaria para conseguir mayor cantidad de fotocopias y a una distribuci\u00f3n mesurada y controlada de las mismas.&nbsp;<br><strong>Becas del Programa de Mejoramiento de la Educaci\u00f3n en Ingenier\u00eda (PROMEI).<\/strong>&nbsp;Estas becas son de dos clases: iniciaci\u00f3n y finalizaci\u00f3n de carrera.\n\n<\/p>\n\n\n\n<p style=\"text-align:center\"><a href=\"http:\/\/www.fi.unsj.edu.ar\/alumnosBecas.php\"><strong>Acceso a las Becas de la Facultad<\/strong><\/a><\/p>\n\n\n\n<h2 class=\"wp-block-heading\">Becas ofrecidas por la UNSJ<\/h2>\n\n\n\n<h3 class=\"wp-block-heading\">BECAS ESTUDIANTES<\/h3>\n\n\n\n<p>En la Direcci\u00f3n de Servicio Social Universitario, dependiente de la Secretar\u00eda de Bienestar Universitario, el equipo profesional est\u00e1 a disposici\u00f3n de todo alumno que cursa sus estudios en la UNSJ, para escuchar, asesorar y acompa\u00f1arlo en la superaci\u00f3n de las dificultades que se presenten durante el cursado del ciclo lectivo.<\/p>\n\n\n\n<p style=\"text-align:center\"><a href=\"http:\/\/www.unsj.edu.ar\/becas\/estudiantes\"><strong>Acceso a las Becas para Estudiantes de la UNSJ<\/strong><\/a><\/p>\n\n\n\n<h3 class=\"wp-block-heading\">BECAS POSGRADO Y MOVILIDAD<\/h3>\n\n\n\n<h4 class=\"wp-block-heading\">Becas Internas de estudios de Posgrado<\/h4>\n\n\n\n<p>Son aquellas que la UNSJ otorga al personal docente, de apoyo universitario, y egresados de la UNSJ, para realizar estudios de posgrado (especializaci\u00f3n, maestr\u00eda o doctorado) dentro del \u00e1mbito de esta universidad.<\/p>\n\n\n\n<h4 class=\"wp-block-heading\">Becas Externas de estudios de Posgrado<\/h4>\n\n\n\n<p>Son aquellas que la UNSJ otorga a docentes e investigadores y personal de apoyo de la UNSJ, para realizar estudios de posgrado en otras universidades del pa\u00eds o el extranjero.<\/p>\n\n\n\n<h4 class=\"wp-block-heading\">Becas de Movilidad y estudio en el Exterior<\/h4>\n\n\n\n<p>La UNSJ promueve la movilidad y el intercambio con el prop\u00f3sito de que se desarrollen nuevas competencias en el desempe\u00f1o profesional. <\/p>\n\n\n\n<p style=\"text-align:center\"><a href=\"http:\/\/www.unsj.edu.ar\/becas\/posgrado_movilidad\"><strong>Acceso a las Becas de Posgrado y Movilidad de la UNS<\/strong><\/a><\/p>\n\n\n\n<h2 class=\"wp-block-heading\"><strong>BECAS&nbsp;<\/strong>INVESTIGACI\u00d3N Y CREACI\u00d3N<\/h2>\n\n\n\n<p>Estas tiene el objetivo de estimular la formaci\u00f3n de recursos humanos a nivel de estudiantes, docentes y egresados de la UNSJ, en lo referente a la investigaci\u00f3n cient\u00edfica y el desarrollo tecnol\u00f3gico y art\u00edstico. <\/p>\n\n\n\n<p style=\"text-align:center\"><a href=\"http:\/\/www.unsj.edu.ar\/becas\/investigacion_creacion\"><strong>Acceso a las Becas de Investigaci\u00f3n y Creaci\u00f3n de la UNSJ<\/strong><\/a><\/p>\n\n\n\n<h2 class=\"wp-block-heading\">BECAS EXTENSI\u00d3N<\/h2>\n\n\n\n<p>Son aquellas que la UNSJ otorga al personal docente, de apoyo universitario, y egresados de la UNSJ, para realizar estudios de posgrado (especializaci\u00f3n, maestr\u00eda o doctorado) dentro del \u00e1mbito de esta universidad.<\/p>\n\n\n\n<p style=\"text-align:center\"><a href=\"http:\/\/www.unsj.edu.ar\/becas\/extension\"><strong>Acceso a las Becas de Extensi\u00f3n<\/strong><\/a><\/p>\n\n\n\n<h2 class=\"wp-block-heading\">BECAS OTRAS BECAS<\/h2>\n\n\n\n<p>En esta secci\u00f3n se presentan convocatorias a becas de organismos nacionales<\/p>\n\n\n\n<p style=\"text-align:center\"><a href=\"http:\/\/www.unsj.edu.ar\/becas\/otras\"><strong>Acceso a las Otras Becas de la UNSJ<\/strong><\/a><\/p>\n\n\n\n<p><\/p>\n","protected":false},"excerpt":{"rendered":"<div class=\"entry-summary\">\nEn esta secci\u00f3n se dar\u00e1n una serie de enlaces a distintos tipos de becas de diferentes instituciones. Becas ofrecidas por&hellip;\n<\/div>\n<div class=\"link-more\"><a href=\"https:\/\/dea.unsj.edu.ar\/principal\/alumnos\/becas\/\" class=\"more-link\">Continue reading<span class=\"screen-reader-text\"> &ldquo;Becas&rdquo;<\/span>&hellip;<\/a><\/div>\n","protected":false},"author":1,"featured_media":0,"parent":571,"menu_order":0,"comment_status":"closed","ping_status":"closed","template":"","meta":{"_acf_changed":false,"jetpack_post_was_ever_published":false,"footnotes":""},"class_list":["post-718","page","type-page","status-publish","hentry","entry"],"acf":[],"jetpack_sharing_enabled":true,"jetpack_shortlink":"https:\/\/wp.me\/PaLbeA-bA","_links":{"self":[{"href":"https:\/\/dea.unsj.edu.ar\/principal\/wp-json\/wp\/v2\/pages\/718","targetHints":{"allow":["GET"]}}],"collection":[{"href":"https:\/\/dea.unsj.edu.ar\/principal\/wp-json\/wp\/v2\/pages"}],"about":[{"href":"https:\/\/dea.unsj.edu.ar\/principal\/wp-json\/wp\/v2\/types\/page"}],"author":[{"embeddable":true,"href":"https:\/\/dea.unsj.edu.ar\/principal\/wp-json\/wp\/v2\/users\/1"}],"replies":[{"embeddable":true,"href":"https:\/\/dea.unsj.edu.ar\/principal\/wp-json\/wp\/v2\/comments?post=718"}],"version-history":[{"count":0,"href":"https:\/\/dea.unsj.edu.ar\/principal\/wp-json\/wp\/v2\/pages\/718\/revisions"}],"up":[{"embeddable":true,"href":"https:\/\/dea.unsj.edu.ar\/principal\/wp-json\/wp\/v2\/pages\/571"}],"wp:attachment":[{"href":"https:\/\/dea.unsj.edu.ar\/principal\/wp-json\/wp\/v2\/media?parent=718"}],"curies":[{"name":"wp","href":"https:\/\/api.w.org\/{rel}","templated":true}]}}