{"id":626,"date":"2019-02-27T19:02:17","date_gmt":"2019-02-27T22:02:17","guid":{"rendered":"http:\/\/dea.unsj.edu.ar\/principal\/?page_id=626"},"modified":"2019-02-27T19:02:17","modified_gmt":"2019-02-27T22:02:17","slug":"reconocimiento-academico","status":"publish","type":"page","link":"https:\/\/dea.unsj.edu.ar\/principal\/alumnos\/reconocimiento-academico\/","title":{"rendered":"Reconocimiento Acad\u00e9mico"},"content":{"rendered":"<p><br>\n<!--StartFragment--><\/p>\n\n\n<h1 class=\"wp-block-heading\">Sistema Nacional de Reconocimiento Acad\u00e9mico<\/h1>\n\n\n\n<h4 class=\"wp-block-heading\">\u00bfQue Permite SNRA?<\/h4>\n\n\n\n<p> Permitan el reconocimiento mutuo y autom\u00e1tico de trayectos formativos  (materias, ciclos, pr\u00e1cticas u otras experiencias formativas) para que  los estudiantes puedan transitar por el sistema de educaci\u00f3n superior  aprovechando toda su diversidad y profundizando su experiencia de  formaci\u00f3n. <\/p>\n\n\n\n<p><strong>A trav\u00e9s de este sistema el alumno podr\u00e1:<\/strong><\/p>\n\n\n\n<ul class=\"wp-block-list\"><li>Realizar un <strong>pase<\/strong> de universidad, por ejemplo si necesitara:<ul><li>Retomar sus estudios y\/o cambiar de carrera.<\/li><li>Cambiar de instituci\u00f3n en caso de traslado de domicilio.<\/li><\/ul><\/li><li>Realizar una <strong>movilidad<\/strong> temporaria, ya que el SNRA permite:<ul><li>Que  los estudiantes cuenten con diversas oportunidades de construcci\u00f3n de  sus trayectorias formativas con la garant\u00eda que al regresar a su  universidad de origen se le reconocer\u00e1 lo estudiado.<\/li><li>Aprovechar  la diversidad de perfiles de carreras y orientaciones que brinda el  sistema universitario a lo largo y ancho del pa\u00eds, sin necesidad de  cambiar de instituci\u00f3n.<\/li><\/ul><\/li><\/ul>\n\n\n\n<h4 class=\"wp-block-heading\">Simulador de reconocimientos<\/h4>\n\n\n\n<p>Aqu\u00ed podr\u00e1s consultar d\u00f3nde pod\u00e9s continuar tus estudios y qu\u00e9 trayectos te ser\u00e1n reconocidos.<\/p>\n\n\n\n<p style=\"text-align:center\"><a rel=\"noreferrer noopener\" aria-label=\" (abre en una nueva pesta\u00f1a)\" href=\"http:\/\/rtfsimulador.siu.edu.ar\/\" target=\"_blank\"><strong>SNRA<\/strong><\/a><\/p>\n\n\n\n<hr class=\"wp-block-separator\"\/>\n\n\n<p><!--EndFragment--><br>\n<br>\n<\/p>","protected":false},"excerpt":{"rendered":"<div class=\"entry-summary\">\nSistema Nacional de Reconocimiento Acad\u00e9mico \u00bfQue Permite SNRA? Permitan el reconocimiento mutuo y autom\u00e1tico de trayectos formativos (materias, ciclos, pr\u00e1cticas&hellip;\n<\/div>\n<div class=\"link-more\"><a href=\"https:\/\/dea.unsj.edu.ar\/principal\/alumnos\/reconocimiento-academico\/\" class=\"more-link\">Continue reading<span class=\"screen-reader-text\"> &ldquo;Reconocimiento Acad\u00e9mico&rdquo;<\/span>&hellip;<\/a><\/div>\n","protected":false},"author":1,"featured_media":0,"parent":571,"menu_order":0,"comment_status":"closed","ping_status":"closed","template":"","meta":{"_acf_changed":false,"jetpack_post_was_ever_published":false,"footnotes":""},"class_list":["post-626","page","type-page","status-publish","hentry","entry"],"acf":[],"jetpack_sharing_enabled":true,"jetpack_shortlink":"https:\/\/wp.me\/PaLbeA-a6","_links":{"self":[{"href":"https:\/\/dea.unsj.edu.ar\/principal\/wp-json\/wp\/v2\/pages\/626","targetHints":{"allow":["GET"]}}],"collection":[{"href":"https:\/\/dea.unsj.edu.ar\/principal\/wp-json\/wp\/v2\/pages"}],"about":[{"href":"https:\/\/dea.unsj.edu.ar\/principal\/wp-json\/wp\/v2\/types\/page"}],"author":[{"embeddable":true,"href":"https:\/\/dea.unsj.edu.ar\/principal\/wp-json\/wp\/v2\/users\/1"}],"replies":[{"embeddable":true,"href":"https:\/\/dea.unsj.edu.ar\/principal\/wp-json\/wp\/v2\/comments?post=626"}],"version-history":[{"count":0,"href":"https:\/\/dea.unsj.edu.ar\/principal\/wp-json\/wp\/v2\/pages\/626\/revisions"}],"up":[{"embeddable":true,"href":"https:\/\/dea.unsj.edu.ar\/principal\/wp-json\/wp\/v2\/pages\/571"}],"wp:attachment":[{"href":"https:\/\/dea.unsj.edu.ar\/principal\/wp-json\/wp\/v2\/media?parent=626"}],"curies":[{"name":"wp","href":"https:\/\/api.w.org\/{rel}","templated":true}]}}