{"id":573,"date":"2019-02-27T10:51:44","date_gmt":"2019-02-27T13:51:44","guid":{"rendered":"http:\/\/dea.unsj.edu.ar\/principal\/?page_id=573"},"modified":"2019-02-27T10:51:44","modified_gmt":"2019-02-27T13:51:44","slug":"docentes","status":"publish","type":"page","link":"https:\/\/dea.unsj.edu.ar\/principal\/docentes\/","title":{"rendered":"Docentes"},"content":{"rendered":"\n<p>En esta p\u00e1gina se brinda Informaci\u00f3n \u00fatil para los docentes. <\/p>\n\n\n<h2><a href=\"http:\/\/dea.unsj.edu.ar\/dea1\/\" target=\"_blank\" rel=\"noopener noreferrer\">Servidor de Asignaturas del DEA<\/a><\/h2>\n<ul>\n<li>Con este enlace se accede al entorno virtual de las asignaturas<\/li>\n<\/ul>\n<p><!--EndFragment--><\/p>\n<p>\u00a0<\/p>\n<h2><a href=\"http:\/\/dea.unsj.edu.ar\/licencias\/\" target=\"_blank\" rel=\"noopener noreferrer\">Pedido de Licencias Al DEA e INAUT<\/a><\/h2>\n<ul>\n<li>Con este enlace se accede al sistema de pedidos de licencias del DEA y del INAUT. Se debe tener la clave de acceso.<\/li>\n<\/ul>\n<p><!--EndFragment--><\/p>\n<p>\u00a0<\/p>\n<h2 class=\"h1\"><a href=\"http:\/\/dea.unsj.edu.ar\/principal\/reserva-de-proyector-y-notebook\/\" target=\"_blank\" rel=\"noopener noreferrer\">Reserva Semanal de Proyector Y Notebook<\/a><\/h2>\n<ul>\n<li>Con este enlace se accede al listado de reservas de Proyectores y Netbook para el dictados de clases.<\/li>\n<\/ul>\n<h2><a href=\"https:\/\/docs.google.com\/forms\/d\/1u6g8TQR6469063DU_UU363zNErBD5Xo0fEGKlXXr6zY\/viewform\">Salidas y Visitas a Otros Establecimientos o Instituciones con Alumnos<\/a><\/h2>\n<ul>\n<li>\n<p><span style=\"margin: 0px; color: #808080; font-family: 'Cambria','serif'; font-size: 12pt;\">Este formulario genera varias notas autom\u00e1ticamente. Buscar por la Secretar\u00eda, la nota de solicitud firmada por el Jefe de Departamento o Coordinador(a) de Carrera. En dicha nota se pide autorizaci\u00f3n para visitar la empresa\/instituci\u00f3n.<br \/>Presentar en la empresa y la copia firmada por el receptor la dejan en la Secretar\u00eda del DEA. Solicitar por escrito una aceptaci\u00f3n por parte de la Instituci\u00f3n. Desde el DEA se les entregar\u00e1 tambi\u00e9n una propuesta de nota de aceptaci\u00f3n para que la firme la empresa. La empresa puede redactar otra. Esta nota tambi\u00e9n hay que dejarla en Secretar\u00eda.<\/span><\/p>\n<\/li>\n<\/ul>\n<p><!--EndFragment--><\/p>\n<h2><a href=\"http:\/\/siu.fi.unsj.edu.ar\/\" target=\"_blank\" rel=\"noopener noreferrer\">SIU Guarani<\/a><\/h2>\n<ul>\n<li>En este enlace se tiene accedo al Sistema SIU Guaran\u00ed con el desempe\u00f1o acad\u00e9mico de los alumnos.<\/li>\n<\/ul>\n<p><!--EndFragment--><\/p>\n<p>\u00a0<\/p>\n<h2><a href=\"http:\/\/dea.unsj.edu.ar\/principal\/horarios-de-ingenieria-electronica\/\" target=\"_blank\" rel=\"noopener noreferrer\">Horarios de Ingenier\u00eda Electr\u00f3nica<\/a><\/h2>\n<ul>\n<li>Con este enlace se accede a los horario y lugares de clases de las asignaturas de Ingenier\u00eda Electr\u00f3nica.<\/li>\n<\/ul>\n<p><!--EndFragment--><\/p>\n<p>\u00a0<\/p>\n<h2><a href=\"http:\/\/dea.unsj.edu.ar\/principal\/horarios-de-bioingenieria\/\" target=\"_blank\" rel=\"noopener noreferrer\">Horarios de Bioingenier\u00eda<\/a><\/h2>\n<ul>\n<li>Con este enlace se accede a los horario y lugares de clases de las asignaturas de Bioingenier\u00eda.<\/li>\n<\/ul>\n<h2><a href=\"https:\/\/correo.unsj.edu.ar\/roundcube\/#q=\" target=\"_blank\" rel=\"noopener noreferrer\">Web Mail de la UNSJ<\/a><\/h2>\n<ul>\n<li>Con este enlace se accede al servidor de correo electr\u00f3nicos de la UNSJ.<\/li>\n<\/ul>\n<h2><a href=\"http:\/\/www.sigeva.unsj.edu.ar\/auth\/\" target=\"_blank\" rel=\"noopener noreferrer\">Sigeva de la UNSJ<\/a><\/h2>\n<ul>\n<li>Con este enlace se accede al Sistema Integrado de Gesti\u00f3n y Evaluaci\u00f3n (SIGEVA) de la UNSJ.<\/li>\n<\/ul>\n<h2><a href=\"http:\/\/www.biblioteca.mincyt.gob.ar\/\" target=\"_blank\" rel=\"noopener noreferrer\">Biblioteca Electr\u00f3nica de Ciencia y Tecnolog\u00eda<\/a><\/h2>\n<ul>\n<li>Con este enlace se accede a la Biblioteca Electr\u00f3nica de Ciencia y Tecnolog\u00eda del Ministerio de Educaci\u00f3n, Cultura, Ciencia y Tecnolog\u00eda.<\/li>\n<\/ul>\n<h2><a href=\"http:\/\/repositoriosdigitales.mincyt.gob.ar\" target=\"_blank\" rel=\"noopener noreferrer\">Sistema Nacional de Repositorios Digitales<\/a><\/h2>\n<ul>\n<li>Con este enlace se accede al Sistema Nacional de Repositorios Digitales del Ministerio de Educaci\u00f3n, Cultura, Ciencia y Tecnolog\u00eda.<\/li>\n<\/ul>\n<h2><a href=\"https:\/\/www.coneau.gob.ar\/\" target=\"_blank\" rel=\"noopener noreferrer\">CONEAU &#8211; Comisi\u00f3n Nacional de Evaluaci\u00f3n y Acreditaci\u00f3n Universitaria<\/a><\/h2>\n<ul>\n<li>Con este enlace se accede a la p\u00e1gina de la Comisi\u00f3n Nacional de Evaluaci\u00f3n y Acreditaci\u00f3n Universitaria.<\/li>\n<\/ul>\n\n\n<h2 class=\"wp-block-heading\">Otros Recursos<\/h2>\n\n\n\n<h3 class=\"wp-block-heading\">Convenio Colectivo para Docentes<\/h3>\n\n\n<ul>\n<li><a href=\"http:\/\/dea.unsj.edu.ar\/principal\/wp-content\/uploads\/2019\/04\/Decreto-1246-2015-Convenio-Colectivo-para-Docentes.pdf\">Decreto-1246-2015-Convenio Colectivo para Docentes<\/a><\/li>\n<\/ul>\n\n\n<p>Inscripci\u00f3n en Listas del DEA de Personal <\/p>\n\n\n\n<p>Reservas de Laboratorio<\/p>\n\n\n\n<p>Reserva de Material Did\u00e1ctico<\/p>\n\n\n\n<p>Participaci\u00f3n en Mesas de Examen<\/p>\n\n\n\n<p>Otros<\/p>\n\n\n\n<p><a href=\"http:\/\/cvar.sicytar.mincyt.gob.ar\/auth\/index.jsp\">CVAR<\/a><\/p>\n\n\n\n<p><a href=\"http:\/\/incentivos.siu.edu.ar\/\">Programa\nde Incentivos<\/a><\/p>\n\n\n\n<p><a href=\"http:\/\/www.conicet.gov.ar\/\">Sigeva-CONICET<\/a><\/p>\n\n\n\n<p><a href=\"http:\/\/www.coneau.gov.ar\/\">CONEAU<\/a><\/p>\n\n\n\n<p><a href=\"http:\/\/www.mincyt.gob.ar\/\">Mincyt<\/a><\/p>\n","protected":false},"excerpt":{"rendered":"<div class=\"entry-summary\">\nEn esta p\u00e1gina se brinda Informaci\u00f3n \u00fatil para los docentes. Servidor de Asignaturas del DEA Con este enlace se accede&hellip;\n<\/div>\n<div class=\"link-more\"><a href=\"https:\/\/dea.unsj.edu.ar\/principal\/docentes\/\" class=\"more-link\">Continue reading<span class=\"screen-reader-text\"> &ldquo;Docentes&rdquo;<\/span>&hellip;<\/a><\/div>\n","protected":false},"author":1,"featured_media":0,"parent":0,"menu_order":0,"comment_status":"closed","ping_status":"closed","template":"","meta":{"_acf_changed":false,"jetpack_post_was_ever_published":false,"footnotes":""},"class_list":["post-573","page","type-page","status-publish","hentry","entry"],"acf":[],"jetpack_sharing_enabled":true,"jetpack_shortlink":"https:\/\/wp.me\/PaLbeA-9f","_links":{"self":[{"href":"https:\/\/dea.unsj.edu.ar\/principal\/wp-json\/wp\/v2\/pages\/573","targetHints":{"allow":["GET"]}}],"collection":[{"href":"https:\/\/dea.unsj.edu.ar\/principal\/wp-json\/wp\/v2\/pages"}],"about":[{"href":"https:\/\/dea.unsj.edu.ar\/principal\/wp-json\/wp\/v2\/types\/page"}],"author":[{"embeddable":true,"href":"https:\/\/dea.unsj.edu.ar\/principal\/wp-json\/wp\/v2\/users\/1"}],"replies":[{"embeddable":true,"href":"https:\/\/dea.unsj.edu.ar\/principal\/wp-json\/wp\/v2\/comments?post=573"}],"version-history":[{"count":0,"href":"https:\/\/dea.unsj.edu.ar\/principal\/wp-json\/wp\/v2\/pages\/573\/revisions"}],"wp:attachment":[{"href":"https:\/\/dea.unsj.edu.ar\/principal\/wp-json\/wp\/v2\/media?parent=573"}],"curies":[{"name":"wp","href":"https:\/\/api.w.org\/{rel}","templated":true}]}}