{"id":569,"date":"2019-02-27T10:47:01","date_gmt":"2019-02-27T13:47:01","guid":{"rendered":"http:\/\/dea.unsj.edu.ar\/principal\/?page_id=569"},"modified":"2019-02-27T10:47:01","modified_gmt":"2019-02-27T13:47:01","slug":"egresados","status":"publish","type":"page","link":"https:\/\/dea.unsj.edu.ar\/principal\/egresados\/","title":{"rendered":"Egresados"},"content":{"rendered":"\n<p>Inscripci\u00f3n en Listas del\nDEA de Egresados <\/p>\n\n\n\n<p>Egresados Ingenier\u00eda\nElectr\u00f3nica<\/p>\n\n\n\n<p>Egresados de BioIngenier\u00eda<\/p>\n","protected":false},"excerpt":{"rendered":"<div class=\"entry-summary\">\nInscripci\u00f3n en Listas del DEA de Egresados Egresados Ingenier\u00eda Electr\u00f3nica Egresados de BioIngenier\u00eda\n<\/div>\n<div class=\"link-more\"><a href=\"https:\/\/dea.unsj.edu.ar\/principal\/egresados\/\" class=\"more-link\">Continue reading<span class=\"screen-reader-text\"> &ldquo;Egresados&rdquo;<\/span>&hellip;<\/a><\/div>\n","protected":false},"author":1,"featured_media":0,"parent":0,"menu_order":0,"comment_status":"closed","ping_status":"closed","template":"","meta":{"_acf_changed":false,"jetpack_post_was_ever_published":false,"footnotes":""},"class_list":["post-569","page","type-page","status-publish","hentry","entry"],"acf":[],"jetpack_sharing_enabled":true,"jetpack_shortlink":"https:\/\/wp.me\/PaLbeA-9b","_links":{"self":[{"href":"https:\/\/dea.unsj.edu.ar\/principal\/wp-json\/wp\/v2\/pages\/569","targetHints":{"allow":["GET"]}}],"collection":[{"href":"https:\/\/dea.unsj.edu.ar\/principal\/wp-json\/wp\/v2\/pages"}],"about":[{"href":"https:\/\/dea.unsj.edu.ar\/principal\/wp-json\/wp\/v2\/types\/page"}],"author":[{"embeddable":true,"href":"https:\/\/dea.unsj.edu.ar\/principal\/wp-json\/wp\/v2\/users\/1"}],"replies":[{"embeddable":true,"href":"https:\/\/dea.unsj.edu.ar\/principal\/wp-json\/wp\/v2\/comments?post=569"}],"version-history":[{"count":0,"href":"https:\/\/dea.unsj.edu.ar\/principal\/wp-json\/wp\/v2\/pages\/569\/revisions"}],"wp:attachment":[{"href":"https:\/\/dea.unsj.edu.ar\/principal\/wp-json\/wp\/v2\/media?parent=569"}],"curies":[{"name":"wp","href":"https:\/\/api.w.org\/{rel}","templated":true}]}}