{"id":565,"date":"2019-02-27T10:42:46","date_gmt":"2019-02-27T13:42:46","guid":{"rendered":"http:\/\/dea.unsj.edu.ar\/principal\/?page_id=565"},"modified":"2019-02-27T10:42:46","modified_gmt":"2019-02-27T13:42:46","slug":"investigacion-desarrollo-servicios","status":"publish","type":"page","link":"https:\/\/dea.unsj.edu.ar\/principal\/investigacion-desarrollo-servicios\/","title":{"rendered":"Investigaci\u00f3n, Desarrollo y Servicios"},"content":{"rendered":"\n<h2 class=\"wp-block-heading\">Proyectos<\/h2>\n\n\n<h2 class=\"font-headings\" style=\"padding-left: 40px;\"><a href=\"http:\/\/dea.unsj.edu.ar\/principal\/proyectos-dea-2018\/\">Proyectos DEA (2018)<\/a><\/h2>\n\n\n<p><br><\/p>\n\n\n\n<h2 class=\"wp-block-heading\">Servicios<\/h2>\n\n\n\n<p>El DEA ofrece a Empresas\ne Instituciones p\u00fablicas y privadas, sus servicios para (desarrollo de\ntecnolog\u00edas, asistencia y servicios t\u00e9cnicos, asesoramiento y formaci\u00f3n de\nrecursos humanos)<\/p>\n\n\n\n<h2 class=\"wp-block-heading\">Publicaciones<\/h2>\n\n\n\n<p>&#8211;<\/p>\n\n\n\n<h2 class=\"wp-block-heading\">Convenios<\/h2>\n\n\n\n<p>&#8211;<\/p>\n\n\n\n<p>Distintas dependencias de la Facultad de Ingenier\u00eda est\u00e1n relacionadas con el DEA y contribuyen en Investigaci\u00f3n, Desarrollo y Servicios.  <\/p>\n\n\n\n<p>Unidades que dependen del DEA<\/p>\n\n\n\n<ul class=\"wp-block-list\"><li><a href=\"http:\/\/gateme.unsj.edu.ar\/\">Gabinete\n     de Tecnolog\u00eda M\u00e9dica (GATEME)<\/a><\/li><li>Gabinete de Inform\u00e1tica (GAIN)<\/li><li>Laboratorio de Comunicaciones (LaCom)<\/li><li>Laboratorio de Electr\u00f3nica Digitales (LED)<\/li><li>Laboratorio de Idiomas (LI)<\/li><li>Laboratorio de Neurorehabilitaci\u00f3n (LaN)<\/li><\/ul>\n\n\n\n<p>Unidades Vinculadas al DEA por extensi\u00f3n<\/p>\n\n\n\n<ul class=\"wp-block-list\"><li>Centro Universitario T\u00e9cnico Educativo (CUTE)<\/li><li><a href=\"http:\/\/www.inaut.unsj.edu.ar\/\">Instituto\n     de Autom\u00e1tica (INAUT)<\/a> <\/li><li><a href=\"http:\/\/idecom.unsj.edu.ar\/\">Instituto\n     de Computaci\u00f3n (IDECOM)<\/a> <\/li><\/ul>\n\n\n\n<p>&nbsp;&nbsp;&nbsp;&nbsp;&nbsp;&nbsp;&nbsp;&nbsp; <\/p>\n","protected":false},"excerpt":{"rendered":"<div class=\"entry-summary\">\nProyectos Proyectos DEA (2018) Servicios El DEA ofrece a Empresas e Instituciones p\u00fablicas y privadas, sus servicios para (desarrollo de&hellip;\n<\/div>\n<div class=\"link-more\"><a href=\"https:\/\/dea.unsj.edu.ar\/principal\/investigacion-desarrollo-servicios\/\" class=\"more-link\">Continue reading<span class=\"screen-reader-text\"> &ldquo;Investigaci\u00f3n, Desarrollo y Servicios&rdquo;<\/span>&hellip;<\/a><\/div>\n","protected":false},"author":1,"featured_media":0,"parent":0,"menu_order":0,"comment_status":"closed","ping_status":"closed","template":"","meta":{"_acf_changed":false,"jetpack_post_was_ever_published":false,"footnotes":""},"class_list":["post-565","page","type-page","status-publish","hentry","entry"],"acf":[],"jetpack_sharing_enabled":true,"jetpack_shortlink":"https:\/\/wp.me\/PaLbeA-97","_links":{"self":[{"href":"https:\/\/dea.unsj.edu.ar\/principal\/wp-json\/wp\/v2\/pages\/565","targetHints":{"allow":["GET"]}}],"collection":[{"href":"https:\/\/dea.unsj.edu.ar\/principal\/wp-json\/wp\/v2\/pages"}],"about":[{"href":"https:\/\/dea.unsj.edu.ar\/principal\/wp-json\/wp\/v2\/types\/page"}],"author":[{"embeddable":true,"href":"https:\/\/dea.unsj.edu.ar\/principal\/wp-json\/wp\/v2\/users\/1"}],"replies":[{"embeddable":true,"href":"https:\/\/dea.unsj.edu.ar\/principal\/wp-json\/wp\/v2\/comments?post=565"}],"version-history":[{"count":0,"href":"https:\/\/dea.unsj.edu.ar\/principal\/wp-json\/wp\/v2\/pages\/565\/revisions"}],"wp:attachment":[{"href":"https:\/\/dea.unsj.edu.ar\/principal\/wp-json\/wp\/v2\/media?parent=565"}],"curies":[{"name":"wp","href":"https:\/\/api.w.org\/{rel}","templated":true}]}}