{"id":562,"date":"2019-02-27T10:37:29","date_gmt":"2019-02-27T13:37:29","guid":{"rendered":"http:\/\/dea.unsj.edu.ar\/principal\/?page_id=562"},"modified":"2019-02-27T10:37:29","modified_gmt":"2019-02-27T13:37:29","slug":"oferta-academica","status":"publish","type":"page","link":"https:\/\/dea.unsj.edu.ar\/principal\/oferta-academica\/","title":{"rendered":"Oferta Acad\u00e9mica"},"content":{"rendered":"\n<h2 class=\"wp-block-heading\">Carreras de Grado<\/h2>\n\n\n<h3 style=\"padding-left: 40px;\"><a href=\"http:\/\/dea.unsj.edu.ar\/principal\/bioingenieria\/\">BioIngenier\u00eda<\/a><\/h3>\n\n<h3 style=\"padding-left: 40px;\"><a href=\"http:\/\/dea.unsj.edu.ar\/principal\/ingenieria-electronica\/\">Ingenier\u00eda Electr\u00f3nica<\/a><\/h3>\n\n\n<h2 class=\"wp-block-heading\">Cursos de Actualizaci\u00f3n<\/h2>\n\n\n\n<p>&#8211;<\/p>\n\n\n\n<h2 class=\"wp-block-heading\">Cursos para Graduados<\/h2>\n\n\n\n<p><strong>Especializaci\u00f3n en Gesti\u00f3n y Vinculaci\u00f3n Tecnol\u00f3gica <\/strong><a rel=\"noreferrer noopener\" aria-label=\" (abre en una nueva pesta\u00f1a)\" href=\"http:\/\/www.facso.unsj.edu.ar\/ca_gtec.php\" target=\"_blank\">http:\/\/www.facso.unsj.edu.ar\/ca_gtec.php<\/a><\/p>\n\n\n\n<p><\/p>\n","protected":false},"excerpt":{"rendered":"<div class=\"entry-summary\">\nCarreras de Grado BioIngenier\u00eda Ingenier\u00eda Electr\u00f3nica Cursos de Actualizaci\u00f3n &#8211; Cursos para Graduados Especializaci\u00f3n en Gesti\u00f3n y Vinculaci\u00f3n Tecnol\u00f3gica http:\/\/www.facso.unsj.edu.ar\/ca_gtec.php\n<\/div>\n<div class=\"link-more\"><a href=\"https:\/\/dea.unsj.edu.ar\/principal\/oferta-academica\/\" class=\"more-link\">Continue reading<span class=\"screen-reader-text\"> &ldquo;Oferta Acad\u00e9mica&rdquo;<\/span>&hellip;<\/a><\/div>\n","protected":false},"author":1,"featured_media":0,"parent":0,"menu_order":0,"comment_status":"closed","ping_status":"closed","template":"","meta":{"_acf_changed":false,"jetpack_post_was_ever_published":false,"footnotes":""},"class_list":["post-562","page","type-page","status-publish","hentry","entry"],"acf":[],"jetpack_sharing_enabled":true,"jetpack_shortlink":"https:\/\/wp.me\/PaLbeA-94","_links":{"self":[{"href":"https:\/\/dea.unsj.edu.ar\/principal\/wp-json\/wp\/v2\/pages\/562","targetHints":{"allow":["GET"]}}],"collection":[{"href":"https:\/\/dea.unsj.edu.ar\/principal\/wp-json\/wp\/v2\/pages"}],"about":[{"href":"https:\/\/dea.unsj.edu.ar\/principal\/wp-json\/wp\/v2\/types\/page"}],"author":[{"embeddable":true,"href":"https:\/\/dea.unsj.edu.ar\/principal\/wp-json\/wp\/v2\/users\/1"}],"replies":[{"embeddable":true,"href":"https:\/\/dea.unsj.edu.ar\/principal\/wp-json\/wp\/v2\/comments?post=562"}],"version-history":[{"count":0,"href":"https:\/\/dea.unsj.edu.ar\/principal\/wp-json\/wp\/v2\/pages\/562\/revisions"}],"wp:attachment":[{"href":"https:\/\/dea.unsj.edu.ar\/principal\/wp-json\/wp\/v2\/media?parent=562"}],"curies":[{"name":"wp","href":"https:\/\/api.w.org\/{rel}","templated":true}]}}