{"id":494,"date":"2017-07-12T16:48:00","date_gmt":"2017-07-12T19:48:00","guid":{"rendered":"http:\/\/themedemos.webmandesign.eu\/reykjavik\/?page_id=25"},"modified":"2025-09-29T19:30:53","modified_gmt":"2025-09-29T22:30:53","slug":"contact-me","status":"publish","type":"page","link":"https:\/\/dea.unsj.edu.ar\/principal\/acerca-del-dea\/contact-me\/","title":{"rendered":"Cont\u00e1ctenos"},"content":{"rendered":"\n<h2 class=\"wp-block-heading\">Direcci\u00f3n Postal<\/h2>\n\n\n\n<p>Av. Libertador Gral. San Mart\u00edn (Oeste) 1109,<br>J5400ARL, San Juan<br>Departamento de Electr\u00f3nica y Autom\u00e1tica<br>Facultad de Ingenier\u00eda<br>Universidad Nacional de San Juan<br>San Juan, Argentina<\/p>\n\n\n\n<h2 class=\"wp-block-heading\">Mapa de Ubicaci\u00f3n<\/h2>\n\n\n\n<iframe loading=\"lazy\" src=\"https:\/\/www.google.com\/maps\/embed?pb=!1m18!1m12!1m3!1d3400.680840986243!2d-68.54582178565883!3d-31.532924681365415!2m3!1f0!2f0!3f0!3m2!1i1024!2i768!4f13.1!3m3!1m2!1s0x9681403489a8d56f%3A0x918f64a193b074e6!2sDepartamento+de+Electr%C3%B3nica+Y+Autom%C3%A1tica!5e0!3m2!1ses!2sar!4v1551312319565\" style=\"border:0\" allowfullscreen=\"\" width=\"600\" height=\"450\" frameborder=\"0\"><\/iframe>\n\n\n\n<p>Coordenadas de la puerta de Ingreso al\nDEA<\/p>\n\n\n\n<p class=\"has-text-align-center\"><a href=\"https:\/\/www.google.com\/maps\/place\/31%C2%B031'58.0%22S+68%C2%B032'37.7%22W\/@-31.5327702,-68.5459816,587m\/data=!3m1!1e3!4m5!3m4!1s0x0:0x0!8m2!3d-31.5327702!4d-68.5437929?hl=es\">31\u00b031&#8217;58.0&#8243;S 68\u00b032&#8217;37.7&#8243;W&nbsp;&nbsp; (-31.532770, -68.543793)<\/a><\/p>\n\n\n\n<h2 class=\"wp-block-heading\">Tel\u00e9fonos<\/h2>\n\n\n\n<p><strong>Facultad de Ingenier\u00eda<\/strong><\/p>\n\n\n\n<p class=\"has-text-align-center\">+54-0264-421-1700<\/p>\n\n\n\n<p><strong>Internos<\/strong><\/p>\n\n\n\n<figure class=\"wp-block-table\"><table class=\"has-fixed-layout\"><tbody><tr><td>Descripci\u00f3n<\/td><td>\n<p style=\"text-align: center;\">Interno de La Facultad de Ingenier\u00eda<\/p>\n<\/td><td>\n<p style=\"text-align: center;\">Tel\u00e9fono IP<\/p>\n<\/td><td>\n<p style=\"text-align: center;\">&nbsp;<\/p>\n<\/td><\/tr><tr><td>Direcci\u00f3n<\/td><td>\n<p style=\"text-align: center;\">360<\/p>\n<\/td><td>&nbsp;<\/td><td>&nbsp;<\/td><\/tr><tr><td>Secretaria DEA<\/td><td>\n<p style=\"text-align: center;\">354<\/p>\n<\/td><td>&nbsp;<\/td><td>&nbsp;<\/td><\/tr><tr><td>INBIO<\/td><td>\n<p style=\"text-align: center;\">313<\/p>\n<\/td><td>&nbsp;<\/td><td>&nbsp;<\/td><\/tr><tr><td>INAUT<\/td><td>\n<p style=\"text-align: center;\">353<\/p>\n<\/td><td>&nbsp;<\/td><td>&nbsp;<\/td><\/tr><tr><td><\/td><td><br><p style=\"text-align: center;\"><\/p><br><\/td><td>&nbsp;<\/td><td>&nbsp;<\/td><\/tr><tr><td>LED<\/td><td>359<\/td><td>&nbsp;<\/td><td>&nbsp;<\/td><\/tr><tr><td>IDECOM<\/td><td>\n<p style=\"text-align: center;\">391<\/p>\n<\/td><td>&nbsp;<\/td><td>&nbsp;<\/td><\/tr><tr><td>&nbsp;<\/td><td>&nbsp;<\/td><td>&nbsp;<\/td><td>&nbsp;<\/td><\/tr><\/tbody><\/table><\/figure>\n\n\n\n<h2 class=\"wp-block-heading\">Correo Electr\u00f3nico<\/h2>\n\n\n\n<p>sec_dea@unsj.edu.ar<\/p>\n\n\n\n<h2 class=\"wp-block-heading\">Formulario de contacto<\/h2>\n\n\n","protected":false},"excerpt":{"rendered":"<div class=\"entry-summary\">\nDirecci\u00f3n Postal Av. Libertador Gral. San Mart\u00edn (Oeste) 1109,J5400ARL, San JuanDepartamento de Electr\u00f3nica y Autom\u00e1ticaFacultad de Ingenier\u00edaUniversidad Nacional de San&hellip;\n<\/div>\n<div class=\"link-more\"><a href=\"https:\/\/dea.unsj.edu.ar\/principal\/acerca-del-dea\/contact-me\/\" class=\"more-link\">Continue reading<span class=\"screen-reader-text\"> &ldquo;Cont\u00e1ctenos&rdquo;<\/span>&hellip;<\/a><\/div>\n","protected":false},"author":1,"featured_media":0,"parent":493,"menu_order":0,"comment_status":"closed","ping_status":"closed","template":"","meta":{"_acf_changed":false,"jetpack_post_was_ever_published":false,"footnotes":""},"class_list":["post-494","page","type-page","status-publish","hentry","entry"],"acf":[],"jetpack_sharing_enabled":true,"jetpack_shortlink":"https:\/\/wp.me\/PaLbeA-7Y","_links":{"self":[{"href":"https:\/\/dea.unsj.edu.ar\/principal\/wp-json\/wp\/v2\/pages\/494","targetHints":{"allow":["GET"]}}],"collection":[{"href":"https:\/\/dea.unsj.edu.ar\/principal\/wp-json\/wp\/v2\/pages"}],"about":[{"href":"https:\/\/dea.unsj.edu.ar\/principal\/wp-json\/wp\/v2\/types\/page"}],"author":[{"embeddable":true,"href":"https:\/\/dea.unsj.edu.ar\/principal\/wp-json\/wp\/v2\/users\/1"}],"replies":[{"embeddable":true,"href":"https:\/\/dea.unsj.edu.ar\/principal\/wp-json\/wp\/v2\/comments?post=494"}],"version-history":[{"count":1,"href":"https:\/\/dea.unsj.edu.ar\/principal\/wp-json\/wp\/v2\/pages\/494\/revisions"}],"predecessor-version":[{"id":4495,"href":"https:\/\/dea.unsj.edu.ar\/principal\/wp-json\/wp\/v2\/pages\/494\/revisions\/4495"}],"up":[{"embeddable":true,"href":"https:\/\/dea.unsj.edu.ar\/principal\/wp-json\/wp\/v2\/pages\/493"}],"wp:attachment":[{"href":"https:\/\/dea.unsj.edu.ar\/principal\/wp-json\/wp\/v2\/media?parent=494"}],"curies":[{"name":"wp","href":"https:\/\/api.w.org\/{rel}","templated":true}]}}