{"id":493,"date":"2017-07-12T16:47:48","date_gmt":"2017-07-12T14:47:48","guid":{"rendered":"http:\/\/themedemos.webmandesign.eu\/reykjavik\/?page_id=21"},"modified":"2017-07-12T16:47:48","modified_gmt":"2017-07-12T14:47:48","slug":"acerca-del-dea","status":"publish","type":"page","link":"https:\/\/dea.unsj.edu.ar\/principal\/acerca-del-dea\/","title":{"rendered":"Acerca del DEA"},"content":{"rendered":"<p>El Departamento de Electr\u00f3nica y Autom\u00e1tica, o brevemente DEA, fue creado en 1985 y es una de las 10 Unidades Acad\u00e9micas de la Facultad de Ingenier\u00eda de La Universidad Nacional de San Juan.<\/p>\n<p>El objetivo principal del DEA es la formaci\u00f3n de recursos humanos en las \u00e1reas de Electr\u00f3nica, Autom\u00e1tica, Telecomunicaciones, Sistemas Digitales y Bioingenier\u00eda. Otros aspectos relevantes del Departamento son la investigaci\u00f3n, el desarrollo y la transferencia de tecnolog\u00eda.<\/p>\n<p>Esta Unidad Acad\u00e9mica es responsable del dictado de dos Carreras de Grado:<\/p>\n<ul>\n<li>INGENIER\u00cdA ELECTR\u00d3NICA<\/li>\n<li>BIOINGENIER\u00cdA<\/li>\n<\/ul>\n<p>El DEA desarrolla su actividad en uno de los edificios de la Facultad de Ingenier\u00eda, con una superficie de 600 metros cuadrados incluyendo laboratorios, sala de conferencias y cursos, salas para los investigadores y becarios, taller y \u00e1reas administrativas y auxiliares.<\/p>\n<p>\u00a0<\/p>\n<hr \/>\n\n\n<figure class=\"wp-block-image\"><img loading=\"lazy\" decoding=\"async\" width=\"774\" height=\"1032\" src=\"http:\/\/dea.unsj.edu.ar\/principal\/wp-content\/uploads\/2019\/03\/DEA8.jpg\" alt=\"Edificio del DEA\" class=\"wp-image-1302\" srcset=\"https:\/\/dea.unsj.edu.ar\/principal\/wp-content\/uploads\/2019\/03\/DEA8.jpg 774w, https:\/\/dea.unsj.edu.ar\/principal\/wp-content\/uploads\/2019\/03\/DEA8-225x300.jpg 225w, https:\/\/dea.unsj.edu.ar\/principal\/wp-content\/uploads\/2019\/03\/DEA8-768x1024.jpg 768w\" sizes=\"auto, (max-width: 774px) 100vw, 774px\" \/><figcaption>Edificio del DEA<\/figcaption><\/figure>\n","protected":false},"excerpt":{"rendered":"<div class=\"entry-summary\">\nEl Departamento de Electr\u00f3nica y Autom\u00e1tica, o brevemente DEA, fue creado en 1985 y es una de las 10 Unidades&hellip;\n<\/div>\n<div class=\"link-more\"><a href=\"https:\/\/dea.unsj.edu.ar\/principal\/acerca-del-dea\/\" class=\"more-link\">Continue reading<span class=\"screen-reader-text\"> &ldquo;Acerca del DEA&rdquo;<\/span>&hellip;<\/a><\/div>\n","protected":false},"author":1,"featured_media":0,"parent":0,"menu_order":0,"comment_status":"closed","ping_status":"closed","template":"","meta":{"_acf_changed":false,"jetpack_post_was_ever_published":false,"footnotes":""},"class_list":["post-493","page","type-page","status-publish","hentry","entry"],"acf":[],"jetpack_sharing_enabled":true,"jetpack_shortlink":"https:\/\/wp.me\/PaLbeA-7X","_links":{"self":[{"href":"https:\/\/dea.unsj.edu.ar\/principal\/wp-json\/wp\/v2\/pages\/493","targetHints":{"allow":["GET"]}}],"collection":[{"href":"https:\/\/dea.unsj.edu.ar\/principal\/wp-json\/wp\/v2\/pages"}],"about":[{"href":"https:\/\/dea.unsj.edu.ar\/principal\/wp-json\/wp\/v2\/types\/page"}],"author":[{"embeddable":true,"href":"https:\/\/dea.unsj.edu.ar\/principal\/wp-json\/wp\/v2\/users\/1"}],"replies":[{"embeddable":true,"href":"https:\/\/dea.unsj.edu.ar\/principal\/wp-json\/wp\/v2\/comments?post=493"}],"version-history":[{"count":0,"href":"https:\/\/dea.unsj.edu.ar\/principal\/wp-json\/wp\/v2\/pages\/493\/revisions"}],"wp:attachment":[{"href":"https:\/\/dea.unsj.edu.ar\/principal\/wp-json\/wp\/v2\/media?parent=493"}],"curies":[{"name":"wp","href":"https:\/\/api.w.org\/{rel}","templated":true}]}}