{"id":41,"date":"2019-02-19T11:26:05","date_gmt":"2019-02-19T14:26:05","guid":{"rendered":"http:\/\/dea.unsj.edu.ar\/principal\/?page_id=41"},"modified":"2019-02-19T11:26:05","modified_gmt":"2019-02-19T14:26:05","slug":"bioingenieria","status":"publish","type":"page","link":"https:\/\/dea.unsj.edu.ar\/principal\/oferta-academica\/bioingenieria\/","title":{"rendered":"Bioingenier\u00eda"},"content":{"rendered":"\n<p><strong>T\u00edtulo: <\/strong>Bioingeniero<br><strong>Duraci\u00f3n: <\/strong>11 Semestres (5 a\u00f1os y medio)<br><strong>Nivel: <\/strong>Grado  <\/p>\n\n\n\n<h2 class=\"wp-block-heading\">\u00bfQu\u00e9 es la Bioingenier\u00eda?<\/h2>\n\n\n\n<p>Es la ingenier\u00eda que utiliza la ciencia y la tecnolog\u00eda para resolver<br>problemas en la biolog\u00eda y medicina.<\/p>\n\n\n\n<p>En algunos lados se le llama Ingenier\u00eda Biom\u00e9dica.<\/p>\n\n\n\n<h2 class=\"wp-block-heading\">\u00bfPor qu\u00e9 Estudiar Bioingenier\u00eda en la UNSJ?   <\/h2>\n\n\n\n<ul class=\"wp-block-list\">\n<li>En tu formaci\u00f3n vas a lograr una s\u00f3lida base en ingenier\u00eda, integrando los conocimientos para aprender a solucionar problemas reales de nuestra sociedad.<\/li>\n\n\n\n<li>Trabajamos de manera conjunta con los hospitales de la provincia adquiriendo los fundamentos de medicina y biolog\u00eda, necesarios para tu desempe\u00f1o profesional.<\/li>\n\n\n\n<li>Vas a poder aplicar tus diferentes conocimientos  en nuestros laboratorios de electr\u00f3nica, inform\u00e1tica, rob\u00f3tica, procesamiento de se\u00f1ales e im\u00e1genes, rehabilitaci\u00f3n  y calibraci\u00f3n.<\/li>\n\n\n\n<li>Puedes integrar los grupos de estudiantes vocacionales que realizan investigaci\u00f3n aplicada para brindar diversas soluciones a problemas planteados.<\/li>\n<\/ul>\n\n\n\n<h2 class=\"wp-block-heading\">\u00bfD\u00f3nde Trabaja un Bioingeniero?<\/h2>\n\n\n\n<ul class=\"wp-block-list\">\n<li><strong>En Empresas de Tecnolog\u00eda Biom\u00e9dica: <\/strong> como especialista en  productos; en el dise\u00f1o y desarrollo de equipamiento; en el servicio t\u00e9cnico de equipamiento; en el control de calidad y en el asesoramiento.<\/li>\n\n\n\n<li><strong>En Centros de salud:<\/strong>  en el asesoramiento t\u00e9cnico en la adquisici\u00f3n de tecnolog\u00eda, en el dise\u00f1o de nuevos espacios con tecnolog\u00eda de alta complejidad, en gesti\u00f3n de la tecnolog\u00eda. y mantenimiento.<\/li>\n\n\n\n<li><strong>En Organismos de Control:<\/strong> en Ministerio de Salud de la naci\u00f3n y provinciales; en el ANMAT (Administraci\u00f3n Nacional de Medicamentos, Alimentos y Tecnolog\u00eda M\u00e9dica); Laboratorios de Certificaci\u00f3n.<\/li>\n\n\n\n<li><strong>Centros de Investigaci\u00f3n y Educaci\u00f3n<\/strong><\/li>\n<\/ul>\n\n\n\n<h2 class=\"wp-block-heading\">\u00bfPor qu\u00e9 se necesitan Bioingenieros?<\/h2>\n\n\n\n<p>La Fabricaci\u00f3n, Importaci\u00f3n y\/o Exportaci\u00f3n de nueva y compleja tecnolog\u00eda m\u00e9dica, y sus normativas hacen que la demanda de Bioingenieros se haga cada vez mayor. C\u00f3mo as\u00ed tambi\u00e9n en el \u00e1rea de investigaci\u00f3n con el avance de la tecnolog\u00eda se requiere generar nuevos conocimientos que ayuden a entender la informaci\u00f3n brindada desde esta tecnolog\u00eda, generar nuevas herramientas que ayuden en el diagn\u00f3stico y tratamiento de diferentes patolog\u00edas, dise\u00f1ar nuevos productos que ayuden a la teleasistencia y a la inclusi\u00f3n de pacientes; entre otras cosas.  <\/p>\n\n\n\n<h2 class=\"wp-block-heading\">\u00bfQu\u00e9 necesit\u00e1s para cursar Bioingenier\u00eda?<\/h2>\n\n\n\n<p>Ten\u00e9s que haber egresado del nivel secundario y\/o satisfacer los requisitos exigidos por la U.N.S.J. para ingreso a las carreras de grado. <\/p>\n\n\n\n<p><strong>B\u00e1sicamente son los siguientes:<\/strong><\/p>\n\n\n\n<ul class=\"wp-block-list\">\n<li>T\u00edtulo secundario.<\/li>\n\n\n\n<li>Los\/as estudiantes mayores de 25 a\u00f1os que no tengan aprobado el nivel<br>medio de ense\u00f1anza, podr\u00e1n acceder a la carrera, previa aprobaci\u00f3n de los<br>ex\u00e1menes correspondientes y requisitos establecidos por la Universidad<br>Nacional de San Juan.<\/li>\n\n\n\n<li>Titulaci\u00f3n extranjera sujeta a la normativa vigente de esta Casa de Estudios<br>al momento del ingreso.<\/li>\n\n\n\n<li>Aprobar los requerimientos que la instituci\u00f3n establece respecto al ingreso.<\/li>\n<\/ul>\n\n\n\n<h2 class=\"wp-block-heading\">\u00bfD\u00f3nde se encuentran nuestros egresados?<\/h2>\n\n\n<div class=\"wp-block-image\">\n<figure class=\"aligncenter\"><img decoding=\"async\" src=\"http:\/\/dea.unsj.edu.ar\/principal\/wp-content\/uploads\/2019\/04\/Sin-t\u00edtulo.jpg\" alt=\"\" class=\"wp-image-1415\"\/><\/figure>\n<\/div>\n\n\n<figure class=\"wp-block-image\"><img loading=\"lazy\" decoding=\"async\" width=\"960\" height=\"540\" src=\"http:\/\/dea.unsj.edu.ar\/principal\/wp-content\/uploads\/2019\/04\/Mundi_Bio.jpg\" alt=\"\" class=\"wp-image-1416\" srcset=\"https:\/\/dea.unsj.edu.ar\/principal\/wp-content\/uploads\/2019\/04\/Mundi_Bio.jpg 960w, https:\/\/dea.unsj.edu.ar\/principal\/wp-content\/uploads\/2019\/04\/Mundi_Bio-300x169.jpg 300w, https:\/\/dea.unsj.edu.ar\/principal\/wp-content\/uploads\/2019\/04\/Mundi_Bio-768x432.jpg 768w\" sizes=\"auto, (max-width: 960px) 100vw, 960px\" \/><\/figure>\n\n\n\n<h2 class=\"wp-block-heading\">\u00bfQuer\u00e9s conocer el plan de estudios?<\/h2>\n\n\n<p><a href=\"http:\/\/dea.unsj.edu.ar\/principal\/oferta-academica\/bioingenieria\/bioingenieria-plan-2023\/\" target=\"_blank\" rel=\"noopener\">Bioingenieria Plan 2023<\/a><\/p>\n\n\n\n\n<p><\/p>\n\n\n\n<p><strong>RESOLUCIONES DE PLANES DE ESTUDIO <\/strong><\/p>\n\n\n\n<p><strong>PLAN 2023<\/strong><\/p>\n\n\n\n<p><a rel=\"noreferrer noopener\" href=\"http:\/\/www.fi.unsj.edu.ar\/planEstudioAdmin.php?id_c=38\" target=\"_blank\"><\/a><\/p>\n\n\n\n<div data-wp-interactive=\"core\/file\" class=\"wp-block-file\"><object data-wp-bind--hidden=\"!state.hasPdfPreview\" hidden class=\"wp-block-file__embed\" data=\"http:\/\/dea.unsj.edu.ar\/principal\/wp-content\/uploads\/2022\/11\/ICO20220003-Aprueba-Plan-de-Bioingenieria.pdf\" type=\"application\/pdf\" style=\"width:100%;height:600px\" aria-label=\"Incrustado de ICO20220003-Aprueba-Plan-de-Bioingenieria.\"><\/object><a id=\"wp-block-file--media-7bccb34b-6f6f-4fcb-8cc0-415d58e1199f\" href=\"http:\/\/dea.unsj.edu.ar\/principal\/wp-content\/uploads\/2022\/11\/ICO20220003-Aprueba-Plan-de-Bioingenieria.pdf\">ICO20220003-Aprueba-Plan-de-Bioingenieria<\/a><a href=\"http:\/\/dea.unsj.edu.ar\/principal\/wp-content\/uploads\/2022\/11\/ICO20220003-Aprueba-Plan-de-Bioingenieria.pdf\" class=\"wp-block-file__button wp-element-button\" download aria-describedby=\"wp-block-file--media-7bccb34b-6f6f-4fcb-8cc0-415d58e1199f\">Descarga<\/a><\/div>\n\n\n\n<p><strong>PLAN 2014<\/strong><\/p>\n\n\n\n<div data-wp-interactive=\"core\/file\" class=\"wp-block-file\"><object data-wp-bind--hidden=\"!state.hasPdfPreview\" hidden class=\"wp-block-file__embed\" data=\"http:\/\/dea.unsj.edu.ar\/principal\/wp-content\/uploads\/2019\/03\/ICO20130010-Plan-de-Estudio-Bioingenieria-2014.pdf\" type=\"application\/pdf\" style=\"width:100%;height:600px\" aria-label=\"Incrustado de ICO20130010-Plan de Estudio-Bioingenieria-2014.\"><\/object><a id=\"wp-block-file--media-4a33b8c8-b934-4570-b3e2-3e202d026226\" href=\"http:\/\/dea.unsj.edu.ar\/principal\/wp-content\/uploads\/2019\/03\/ICO20130010-Plan-de-Estudio-Bioingenieria-2014.pdf\">ICO20130010-Plan de Estudio-Bioingenieria-2014<\/a><a href=\"http:\/\/dea.unsj.edu.ar\/principal\/wp-content\/uploads\/2019\/03\/ICO20130010-Plan-de-Estudio-Bioingenieria-2014.pdf\" class=\"wp-block-file__button wp-element-button\" download aria-describedby=\"wp-block-file--media-4a33b8c8-b934-4570-b3e2-3e202d026226\">Descarga<\/a><\/div>\n\n\n\n<p><strong>RESUMEN DE LA CARRERA<\/strong><\/p>\n\n\n\n<div data-wp-interactive=\"core\/file\" class=\"wp-block-file\"><object data-wp-bind--hidden=\"!state.hasPdfPreview\" hidden class=\"wp-block-file__embed\" data=\"http:\/\/dea.unsj.edu.ar\/principal\/wp-content\/uploads\/2024\/04\/Bioingenieria.pdf\" type=\"application\/pdf\" style=\"width:100%;height:600px\" aria-label=\"Incrustado de Bioingenieria.\"><\/object><a id=\"wp-block-file--media-8ce99b3f-c375-4624-b86e-182830fdd74c\" href=\"http:\/\/dea.unsj.edu.ar\/principal\/wp-content\/uploads\/2024\/04\/Bioingenieria.pdf\">Bioingenieria<\/a><a href=\"http:\/\/dea.unsj.edu.ar\/principal\/wp-content\/uploads\/2024\/04\/Bioingenieria.pdf\" class=\"wp-block-file__button wp-element-button\" download aria-describedby=\"wp-block-file--media-8ce99b3f-c375-4624-b86e-182830fdd74c\"><\/a><\/div>\n\n\n\n<p><\/p>\n","protected":false},"excerpt":{"rendered":"<div class=\"entry-summary\">\nT\u00edtulo: BioingenieroDuraci\u00f3n: 11 Semestres (5 a\u00f1os y medio)Nivel: Grado \u00bfQu\u00e9 es la Bioingenier\u00eda? Es la ingenier\u00eda que utiliza la ciencia&hellip;\n<\/div>\n<div class=\"link-more\"><a href=\"https:\/\/dea.unsj.edu.ar\/principal\/oferta-academica\/bioingenieria\/\" class=\"more-link\">Continue reading<span class=\"screen-reader-text\"> &ldquo;Bioingenier\u00eda&rdquo;<\/span>&hellip;<\/a><\/div>\n","protected":false},"author":1,"featured_media":1086,"parent":562,"menu_order":0,"comment_status":"closed","ping_status":"closed","template":"","meta":{"_acf_changed":false,"jetpack_post_was_ever_published":false,"footnotes":""},"class_list":["post-41","page","type-page","status-publish","has-post-thumbnail","hentry","entry"],"acf":[],"jetpack_sharing_enabled":true,"jetpack_shortlink":"https:\/\/wp.me\/PaLbeA-F","_links":{"self":[{"href":"https:\/\/dea.unsj.edu.ar\/principal\/wp-json\/wp\/v2\/pages\/41","targetHints":{"allow":["GET"]}}],"collection":[{"href":"https:\/\/dea.unsj.edu.ar\/principal\/wp-json\/wp\/v2\/pages"}],"about":[{"href":"https:\/\/dea.unsj.edu.ar\/principal\/wp-json\/wp\/v2\/types\/page"}],"author":[{"embeddable":true,"href":"https:\/\/dea.unsj.edu.ar\/principal\/wp-json\/wp\/v2\/users\/1"}],"replies":[{"embeddable":true,"href":"https:\/\/dea.unsj.edu.ar\/principal\/wp-json\/wp\/v2\/comments?post=41"}],"version-history":[{"count":0,"href":"https:\/\/dea.unsj.edu.ar\/principal\/wp-json\/wp\/v2\/pages\/41\/revisions"}],"up":[{"embeddable":true,"href":"https:\/\/dea.unsj.edu.ar\/principal\/wp-json\/wp\/v2\/pages\/562"}],"wp:featuredmedia":[{"embeddable":true,"href":"https:\/\/dea.unsj.edu.ar\/principal\/wp-json\/wp\/v2\/media\/1086"}],"wp:attachment":[{"href":"https:\/\/dea.unsj.edu.ar\/principal\/wp-json\/wp\/v2\/media?parent=41"}],"curies":[{"name":"wp","href":"https:\/\/api.w.org\/{rel}","templated":true}]}}