{"id":4068,"date":"2024-11-27T11:37:57","date_gmt":"2024-11-27T14:37:57","guid":{"rendered":"http:\/\/dea.unsj.edu.ar\/principal\/?page_id=4068"},"modified":"2026-03-04T20:47:41","modified_gmt":"2026-03-04T23:47:41","slug":"reglamentacion-interna-del-departamento","status":"publish","type":"page","link":"https:\/\/dea.unsj.edu.ar\/principal\/docentes\/reglamentacion-interna-del-departamento\/","title":{"rendered":"Reglamentaci\u00f3n Interna del Departamento"},"content":{"rendered":"\n<p>En esta p\u00e1gina se encuentra los reglamentos y lineamientos propios del Departamento de Electr\u00f3nica y Autom\u00e1tica para que est\u00e9n en conocimientos de los integrantes del mismo.<\/p>\n\n\n\n<h2 class=\"wp-block-heading\">Reglamento Grupos Estudiantiles Tem\u00e1ticos Tutelados (Ord 002-2016-CD) <\/h2>\n\n\n\n<p>La finalidad de los <strong>Grupos Estudiantiles Tem\u00e1ticos Tutelados (GETT)<\/strong> es la de proveer lazos sociales que fortalezcan la integraci\u00f3n de los alumnos con la instituci\u00f3n y con la sociedad en general. Deben estar formados por estudiantes voluntarios, cuya intenci\u00f3n es la ayuda mutua para conseguir un fin determinado.<\/p>\n\n\n\n<div class=\"wp-block-file\"><a id=\"wp-block-file--media-fbe108f8-096e-4987-a211-18687fbc92ea\" href=\"http:\/\/dea.unsj.edu.ar\/principal\/wp-content\/uploads\/2024\/11\/Ord-002-2016-Reglamento-Grupos-Estudiantiles-Tematicos-Tutelados.pdf\" target=\"_blank\" rel=\"noreferrer noopener\">Ord-002-2016-Reglamento-Grupos-Estudiantiles-Tematicos-Tutelados<\/a><a href=\"http:\/\/dea.unsj.edu.ar\/principal\/wp-content\/uploads\/2024\/11\/Ord-002-2016-Reglamento-Grupos-Estudiantiles-Tematicos-Tutelados.pdf\" class=\"wp-block-file__button wp-element-button\" download aria-describedby=\"wp-block-file--media-fbe108f8-096e-4987-a211-18687fbc92ea\">Descarga<\/a><\/div>\n\n\n\n<h2 class=\"wp-block-heading\">Reglamento de Actividades de Articulaci\u00f3n Pedag\u00f3gica (Ord. 118\/2018-CD)<\/h2>\n\n\n\n<p>La <strong>Articulaci\u00f3n Pedag\u00f3gica<\/strong> consiste en el intercambio de ideas y propuestas entre docentes u otros actores de la sociedad destinados a que las actividades pedag\u00f3gicas tengan continuidad en el tiempo y ayude a la formaci\u00f3n de los estudiantes.<\/p>\n\n\n\n<p>El <strong>Reglamento de Actividades de Articulaci\u00f3n Pedag\u00f3gica<\/strong> orienta sobre las actividades de articulaci\u00f3n dentro de las carreras pertenecientes al Departamento de Electr\u00f3nica y Autom\u00e1tica.<\/p>\n\n\n\n<div class=\"wp-block-file\"><a id=\"wp-block-file--media-847b85f4-bf69-4f9f-9be7-5ccb3b2ebaf0\" href=\"http:\/\/dea.unsj.edu.ar\/principal\/wp-content\/uploads\/2024\/11\/Ord-118-2018-Reglamento-de-Actividades-de-Articulacion-Pedagogica.pdf\" target=\"_blank\" rel=\"noreferrer noopener\">Ord-118-2018-Reglamento-de-Actividades-de-Articulacion-Pedagogica<\/a><a href=\"http:\/\/dea.unsj.edu.ar\/principal\/wp-content\/uploads\/2024\/11\/Ord-118-2018-Reglamento-de-Actividades-de-Articulacion-Pedagogica.pdf\" class=\"wp-block-file__button wp-element-button\" download aria-describedby=\"wp-block-file--media-847b85f4-bf69-4f9f-9be7-5ccb3b2ebaf0\">Descarga<\/a><\/div>\n\n\n\n<h2 class=\"wp-block-heading\">Lineamientos para la Evaluaci\u00f3n de Antecedentes para Concurso Docentes (2022)<\/h2>\n\n\n\n<p>El objetivo de este documento es establecer una gu\u00eda para analizar en forma sistem\u00e1tica y homog\u00e9nea los antecedentes de los postulantes para cubrir los cargos docentes del <strong>Departamento de Electr\u00f3nica y Autom\u00e1tica<\/strong>. Estos lineamientos fueron prepuestos en el a\u00f1o 2022 y aprobados en una reuni\u00f3n del Claustro Departamental.<\/p>\n\n\n\n<p>El establecimiento de una forma sistem\u00e1tica y homog\u00e9nea de analizar los antecedentes docentes, no solo permite reducir las discrepancias de criterios entre los distintos concursos que se realizan, sino que tambi\u00e9n permiten a los docentes encaminar las actividades que efect\u00faa para que su carrera acad\u00e9mica progrese en forma ordenada y provechosa.<\/p>\n\n\n\n<p>Junto con el documento principal se prob\u00e9 de una planilla de Excel que permite el an\u00e1lisis de los antecedentes de hasta 10 postulantes con la metodolog\u00eda planteada.<\/p>\n\n\n\n<div class=\"wp-block-file\"><a id=\"wp-block-file--media-6879f14b-4e5d-47a0-8093-273465359094\" href=\"http:\/\/dea.unsj.edu.ar\/principal\/wp-content\/uploads\/2024\/11\/2022-Lineamientos-para-la-Evaluacion-de-Antecedentes-para-Concurso-Docentes.pdf\" target=\"_blank\" rel=\"noreferrer noopener\">2022-Lineamientos-para-la-Evaluacion-de-Antecedentes-para-Concurso-Docentes<\/a><a href=\"http:\/\/dea.unsj.edu.ar\/principal\/wp-content\/uploads\/2024\/11\/2022-Lineamientos-para-la-Evaluacion-de-Antecedentes-para-Concurso-Docentes.pdf\" class=\"wp-block-file__button wp-element-button\" download aria-describedby=\"wp-block-file--media-6879f14b-4e5d-47a0-8093-273465359094\">Descarga<\/a><\/div>\n\n\n\n<div class=\"wp-block-file\"><a id=\"wp-block-file--media-627aa154-04e3-40f9-a257-914a7b84e9af\" href=\"http:\/\/dea.unsj.edu.ar\/principal\/wp-content\/uploads\/2024\/11\/Planilla-Lineamientos-para-la-Evaluacion-de-Antecedentes-para-Concurso-Docentes.xlsx\" target=\"_blank\" rel=\"noreferrer noopener\">Planilla-Lineamientos-para-la-Evaluacion-de-Antecedentes-para-Concurso-Docentes<\/a><a href=\"http:\/\/dea.unsj.edu.ar\/principal\/wp-content\/uploads\/2024\/11\/Planilla-Lineamientos-para-la-Evaluacion-de-Antecedentes-para-Concurso-Docentes.xlsx\" class=\"wp-block-file__button wp-element-button\" download aria-describedby=\"wp-block-file--media-627aa154-04e3-40f9-a257-914a7b84e9af\">Descarga<\/a><\/div>\n\n\n\n<h2 class=\"wp-block-heading\">Lineamientos para los Servicios a Terceros del DEA (10\/9\/2024)<\/h2>\n\n\n\n<p>Este documento estipula el Marco Institucional, los Procedimientos y la Distribuci\u00f3n de Fondos en las actividades de Servicios Formativos, Cient\u00edficos y Tecnol\u00f3gicas a Terceros realizados por el Departamento de Electr\u00f3nica y Autom\u00e1tica.<\/p>\n\n\n\n<p>El mismo fue aprobado en la reuni\u00f3n del Claustro Departamento del d\u00eda 10 de setiembre de 2024 y rige para las actividades que comiencen a desarrollarse a partir de esa fecha.<br>Este reglamento queda supeditado a la normativa que a tal efecto rija en las instituciones de las cuales depende, Facultad de Ingenier\u00eda y Universidad Nacional de San Juan.<\/p>\n\n\n\n<div class=\"wp-block-file\"><a id=\"wp-block-file--media-6dcafaa4-df21-4661-ae93-8a578e2a2023\" href=\"http:\/\/dea.unsj.edu.ar\/principal\/wp-content\/uploads\/2024\/11\/Lineamientos-Servicios-a-Terceros-del-DEA.pdf\" target=\"_blank\" rel=\"noreferrer noopener\">Lineamientos-Servicios-a-Terceros-del-DEA<\/a><a href=\"http:\/\/dea.unsj.edu.ar\/principal\/wp-content\/uploads\/2024\/11\/Lineamientos-Servicios-a-Terceros-del-DEA.pdf\" class=\"wp-block-file__button wp-element-button\" download aria-describedby=\"wp-block-file--media-6dcafaa4-df21-4661-ae93-8a578e2a2023\">Descarga<\/a><\/div>\n\n\n\n<h2 class=\"wp-block-heading\"><strong><strong>Gu\u00eda para la Adscripci\u00f3n de Egresados a C\u00e1tedras y Proyectos de Investigaci\u00f3n<\/strong><\/strong><\/h2>\n\n\n\n<p>Este es Instructivo para adscribir a Egresados a C\u00e1tedras y Proyectos de Investigaci\u00f3n.<\/p>\n\n\n\n<p>La ordenanza que regula esta adscripci\u00f3n son las <strong>N\u00ba 33\/93 CS<\/strong> y su modificaci\u00f3n la N\u00ba <strong>25\/97-CS<\/strong>.<\/p>\n\n\n\n<h3 class=\"wp-block-heading\">Informaci\u00f3n Importante<\/h3>\n\n\n\n<p>Se debe tener en cuenta que:<\/p>\n\n\n\n<ul class=\"wp-block-list\">\n<li>Las presentaciones se <strong>deben presentar ANTES que comience el a\u00f1o Acad\u00e9mico<\/strong> (normalmente 1 abril).<\/li>\n\n\n\n<li>El egresado debe tener una <strong>Formaci\u00f3n Af\u00edn<\/strong> con las tareas a realizar..<\/li>\n\n\n\n<li>La duraci\u00f3n m\u00ednima de la adscripci\u00f3n es como <strong>m\u00ednimo por 1 (un) a\u00f1o y como m\u00e1ximo por 2 (dos)<\/strong>.<\/li>\n\n\n\n<li>Se debe presentar un <strong>Curr\u00edculum Vitae y Constancias Debidamente Certificadas (T\u00edtulos y\/o Diplomas)<\/strong><\/li>\n\n\n\n<li>La categor\u00eda de adscripto <strong>en ning\u00fan caso ser\u00e1 rentada<\/strong>, ni genera tipo alguno de relaci\u00f3n de empleo con la Universidad, ni antig\u00fcedad.<\/li>\n\n\n\n<li>Se podr\u00e1 adscribir egresados en las categor\u00edas de<strong> \u201cAdscripto Auxiliar de Primera\u201d, \u201cAdscripto Jefe de Trabajos Pr\u00e1cticos\u201d o \u201cAdscripto Adjunto\u201d<\/strong>.-<\/li>\n\n\n\n<li>La adscripci\u00f3n ser\u00e1 <strong>compatible con el ejercicio de un cargo docente rentado.<\/strong><\/li>\n\n\n\n<li>El n\u00famero de adscriptos <strong>no puede ser a m\u00e1s de 2 (dos<\/strong>) por c\u00e1tedra o proyecto.<\/li>\n\n\n\n<li>El postulante deber\u00e1n presentarse a una <strong>entrevista con el tribunal examinador<\/strong><\/li>\n\n\n\n<li>Al t\u00e9rmino de la adscripci\u00f3n el postulante <strong>deber\u00e1 presentar un informe <\/strong>y la Facultad expedir\u00e1 un certificado oficial que acredite la actividad desarrollada.<\/li>\n<\/ul>\n\n\n\n<p>Es conveniente conocer los beneficios y obligaciones contemplados en la ordenanza <strong>N\u00ba 33\/93 CS<\/strong> y su modificaci\u00f3n la N\u00ba <strong>25\/97-CS<\/strong>.<\/p>\n\n\n\n<h3 class=\"wp-block-heading\">Contenido del expediente para la Adscripci\u00f3n<\/h3>\n\n\n\n<p>El expediente para la adscripci\u00f3n debe contener:<\/p>\n\n\n\n<ol class=\"wp-block-list\">\n<li>Nota del <strong>Jefe de Departamento<\/strong> dirigida al Decano solicitando la Adscripci\u00f3n<\/li>\n\n\n\n<li>Nota del<strong> Profesor Titular<\/strong> de la asignatura o Proyecto al Jefe de Departamento Solicitando la adscripci\u00f3n<\/li>\n\n\n\n<li>Nota del<strong> Interesado<\/strong> que est\u00e1 de acuerdo en adscribirse y que conoce la reglamentaci\u00f3n espec\u00edfica<\/li>\n\n\n\n<li><strong>Acta de la Entrevista<\/strong> realizada por el tribunal examinador al interesado.<\/li>\n\n\n\n<li><strong>Tareas y Cronograma<\/strong> a desarrollar durante la adscripci\u00f3n<\/li>\n\n\n\n<li><strong>Curriculum Vitae<\/strong> del interesado donde se constante la pertinencia<\/li>\n\n\n\n<li><strong>Constancias Debidamente Certificadas<\/strong> (T\u00edtulos y\/o diplomas)<\/li>\n\n\n\n<li><strong>Constancia del Seguro de Vida<\/strong> por el periodo de la adscripci\u00f3n. Se tramita en la secretaria del DEA.<\/li>\n<\/ol>\n\n\n\n<p>El archivo<\/p>\n\n\n\n<p><strong>\u00a0\u00a0 <\/strong><\/p>\n\n\n\n<div class=\"wp-block-file\"><a id=\"wp-block-file--media-da41fed3-8649-4003-9f52-b81be0e8fe3c\" href=\"https:\/\/dea.unsj.edu.ar\/principal\/wp-content\/uploads\/2026\/03\/GUIA-PARA-LA-ADSCRIPCION-DE-EGRESADOS.docx\">GUIA PARA LA ADSCRIPCI\u00d3N DE EGRESADOS<\/a><a href=\"https:\/\/dea.unsj.edu.ar\/principal\/wp-content\/uploads\/2026\/03\/GUIA-PARA-LA-ADSCRIPCION-DE-EGRESADOS.docx\" class=\"wp-block-file__button wp-element-button\" download aria-describedby=\"wp-block-file--media-da41fed3-8649-4003-9f52-b81be0e8fe3c\">Descarga<\/a><\/div>\n\n\n\n<p>Contiene los modelos de notas que se sugieren para presentar el expediente<\/p>\n\n\n\n<p>Y se puede consultar las ordenanzas &nbsp;la ordenanza <strong>N\u00ba 33\/93 CS<\/strong> y su modificaci\u00f3n la N\u00ba <strong>25\/97-CS<\/strong>.<\/p>\n\n\n\n<div class=\"wp-block-file\"><a id=\"wp-block-file--media-655fe216-e493-4b51-ac10-d3a905a795c8\" href=\"https:\/\/dea.unsj.edu.ar\/principal\/wp-content\/uploads\/2026\/03\/ORD33A-9310585-Acualizado-Aprueba-el-Sistema-y-Reglamento-de-Adscripcion-a-Catedras-o-a-Proyectos-de-Investigacion-para-graduados-universitarios.pdf\" target=\"_blank\" rel=\"noreferrer noopener\">ORD33A-9310585-Acualizado-Aprueba el Sistema y Reglamento de Adscripci\u00f3n a C\u00e1tedras o a Proyectos de Investigaci\u00f3n para graduados universitarios<\/a><a href=\"https:\/\/dea.unsj.edu.ar\/principal\/wp-content\/uploads\/2026\/03\/ORD33A-9310585-Acualizado-Aprueba-el-Sistema-y-Reglamento-de-Adscripcion-a-Catedras-o-a-Proyectos-de-Investigacion-para-graduados-universitarios.pdf\" class=\"wp-block-file__button wp-element-button\" download aria-describedby=\"wp-block-file--media-655fe216-e493-4b51-ac10-d3a905a795c8\">Descarga<\/a><\/div>\n\n\n\n<p><\/p>\n","protected":false},"excerpt":{"rendered":"<div class=\"entry-summary\">\nEn esta p\u00e1gina se encuentra los reglamentos y lineamientos propios del Departamento de Electr\u00f3nica y Autom\u00e1tica para que est\u00e9n en&hellip;\n<\/div>\n<div class=\"link-more\"><a href=\"https:\/\/dea.unsj.edu.ar\/principal\/docentes\/reglamentacion-interna-del-departamento\/\" class=\"more-link\">Continue reading<span class=\"screen-reader-text\"> &ldquo;Reglamentaci\u00f3n Interna del Departamento&rdquo;<\/span>&hellip;<\/a><\/div>\n","protected":false},"author":1,"featured_media":0,"parent":573,"menu_order":0,"comment_status":"closed","ping_status":"closed","template":"","meta":{"_acf_changed":false,"jetpack_post_was_ever_published":false,"footnotes":""},"class_list":["post-4068","page","type-page","status-publish","hentry","entry"],"acf":[],"jetpack_sharing_enabled":true,"jetpack_shortlink":"https:\/\/wp.me\/PaLbeA-13C","_links":{"self":[{"href":"https:\/\/dea.unsj.edu.ar\/principal\/wp-json\/wp\/v2\/pages\/4068","targetHints":{"allow":["GET"]}}],"collection":[{"href":"https:\/\/dea.unsj.edu.ar\/principal\/wp-json\/wp\/v2\/pages"}],"about":[{"href":"https:\/\/dea.unsj.edu.ar\/principal\/wp-json\/wp\/v2\/types\/page"}],"author":[{"embeddable":true,"href":"https:\/\/dea.unsj.edu.ar\/principal\/wp-json\/wp\/v2\/users\/1"}],"replies":[{"embeddable":true,"href":"https:\/\/dea.unsj.edu.ar\/principal\/wp-json\/wp\/v2\/comments?post=4068"}],"version-history":[{"count":1,"href":"https:\/\/dea.unsj.edu.ar\/principal\/wp-json\/wp\/v2\/pages\/4068\/revisions"}],"predecessor-version":[{"id":4561,"href":"https:\/\/dea.unsj.edu.ar\/principal\/wp-json\/wp\/v2\/pages\/4068\/revisions\/4561"}],"up":[{"embeddable":true,"href":"https:\/\/dea.unsj.edu.ar\/principal\/wp-json\/wp\/v2\/pages\/573"}],"wp:attachment":[{"href":"https:\/\/dea.unsj.edu.ar\/principal\/wp-json\/wp\/v2\/media?parent=4068"}],"curies":[{"name":"wp","href":"https:\/\/api.w.org\/{rel}","templated":true}]}}