{"id":3525,"date":"2023-04-02T09:48:27","date_gmt":"2023-04-02T12:48:27","guid":{"rendered":"http:\/\/dea.unsj.edu.ar\/principal\/?page_id=3525"},"modified":"2023-04-02T09:48:27","modified_gmt":"2023-04-02T12:48:27","slug":"inscripcion-diplomatura-en-reparacion-de-equipamiento-medico","status":"publish","type":"page","link":"https:\/\/dea.unsj.edu.ar\/principal\/oferta-academica\/diplomatura-en-reparacion-de-equipamiento-medico\/inscripcion-diplomatura-en-reparacion-de-equipamiento-medico\/","title":{"rendered":"Inscripci\u00f3n: Diplomatura en Reparaci\u00f3n de Equipamiento M\u00e9dico"},"content":{"rendered":"\n<p><strong>Para quedar definitivamente inscriptos SE DEBEN CUMPLIR LOS REQUISITOS QUE ESTABLECE LA DIPLOMATURA Y QUEDAR SELECCIONADO dentro del cupo de plazas preestablecidas. Las fechas que establece esta p\u00e1gina son orientativas y pueden variar de acuerdo a lo que establezca la autoridad universitaria.<\/strong><\/p>\n\n\n\n<h1 class=\"wp-block-heading\">Informaci\u00f3n para la Inscripci\u00f3n (2023)<\/h1>\n\n\n\n<h2 class=\"wp-block-heading\">Cupo de inscriptos:<\/h2>\n\n\n\n<ul class=\"wp-block-list\">\n<li>25 personas<\/li>\n<\/ul>\n\n\n\n<h2 class=\"wp-block-heading\">Requisitos m\u00ednimos de ingreso:<\/h2>\n\n\n\n<ol class=\"wp-block-list\" type=\"1\" start=\"1\">\n<li>Nivel de conocimientos t\u00e9cnicos en \u00e1reas relacionadas a la electr\u00f3nica y equipos m\u00e9dicos.<\/li>\n\n\n\n<li>Experiencia comprobable realizando trabajos en el \u00e1rea t\u00e9cnica de reparaci\u00f3n de equipamiento m\u00e9dico.<\/li>\n<\/ol>\n\n\n\n<h2 class=\"wp-block-heading\">Proceso de inscripci\u00f3n:<\/h2>\n\n\n\n<ol class=\"wp-block-list\" type=\"1\" start=\"1\">\n<li><strong>Preinscripci\u00f3n:<\/strong> Los postulantes deber\u00e1n realizar una preinscripci\u00f3n a la diplomatura a trav\u00e9s del presente formulario. Esta etapa comenzar\u00e1 el lunes 3 de abril del 2023 hasta el d\u00eda 17 de abril&nbsp;del 2023.<\/li>\n\n\n\n<li><strong>Selecci\u00f3n de candidatos:<\/strong> A partir de la lista de preinscriptos se confeccionar\u00e1 la lista final de ingresantes de la diplomatura. Esta lista se har\u00e1 p\u00fablica a trav\u00e9s del avisador y la p\u00e1gina web del Departamento de Electr\u00f3nica y Autom\u00e1tica <a href=\"http:\/\/dea.unsj.edu.ar\/principal\/\">(http:\/\/dea.unsj.edu.ar\/principal\/<\/a>). La misma ser\u00e1 publicada durante la tercera semana del mes de abril del 2023. Los postulantes tendr\u00e1n 5 d\u00edas para realizar cualquier reclamo u observaci\u00f3n de la lista al correo electr\u00f3nico diplomatura.reparacion.dea@gmail.com<\/li>\n\n\n\n<li><strong>Exceso de candidatos:<\/strong> En caso de exceso de candidatos el cuerpo docente de la diplomatura realizar\u00e1 el armado de un orden de m\u00e9rito teniendo en cuenta el Curriculum Vitae y la informaci\u00f3n obtenida de este formulario.<\/li>\n<\/ol>\n\n\n\n<h1 class=\"wp-block-heading\">Prinscipcion &nbsp;(2023)<\/h1>\n\n\n\n<p>Esta etapa comenzar\u00e1 el lunes 3 de abril del 2023 hasta el d\u00eda 17 de abril del 2023.<\/p>\n\n\n\n<h2 class=\"wp-block-heading\">Formulario<\/h2>\n\n\n\n<p>Para pre inscribirse se debe <strong>LLENAR EL SIGUIENTE FORMULARIO.<\/strong><\/p>\n\n\n\n<p><a href=\"https:\/\/forms.gle\/QTg8GEZ9jiQYGpmW6\"><strong>Formulario de Preinscripci\u00f3n<\/strong><\/a><strong><\/strong><\/p>\n\n\n\n<h2 class=\"wp-block-heading\">Importante<\/h2>\n\n\n\n<ul class=\"wp-block-list\">\n<li>El env\u00edo del Formulario de Preinscripci\u00f3n no garantiza un cupo para la realizaci\u00f3n de la diplomatura. Se debe cumplirse con todo el proceso de inscripci\u00f3n.<\/li>\n\n\n\n<li>El llenado del formulario tiene car\u00e1cter de Declaraci\u00f3n Jurada y el falsear informaci\u00f3n puede producir la anulaci\u00f3n de la preinscripci\u00f3n.<\/li>\n\n\n\n<li>La comisi\u00f3n que Selecci\u00f3n de candidatos pueden pedir probanzas para corroborar los datos cargados en el formulario.<\/li>\n<\/ul>\n\n\n\n<h2 class=\"wp-block-heading\">Selecci\u00f3n de Candidatos<\/h2>\n\n\n\n<p>A partir de la lista de preinscriptos se confeccionar\u00e1 una lista de candidatos, en la cual aparecer\u00e1n todos los postulantes que cumplan con los requisitos de ingreso. Esta lista se har\u00e1 p\u00fablica a trav\u00e9s del avisador y la p\u00e1gina web del Departamento de Electr\u00f3nica y Autom\u00e1tica <a href=\"http:\/\/dea.unsj.edu.ar\/principal\/\">(http:\/\/dea.unsj.edu.ar\/principal\/<\/a>). La misma ser\u00e1 publicada durante la semana siguiente a la finalizaci\u00f3n de la preinscripci\u00f3n. Los postulantes tendr\u00e1n una semana para realizar cualquier reclamo u observaci\u00f3n de la lista al correo electr\u00f3nico <a href=\"mailto:diplomaturas.dea@gmail.com\">diplomaturas.dea@gmail.com<\/a>.&nbsp;<\/p>\n\n\n\n<h2 class=\"wp-block-heading\">Lista de Preinscriptos<\/h2>\n\n\n\n<p>Este es el listado de preinscriptos en la Diplomatura Universitaria en Reparaci\u00f3n de Equipamiento M\u00e9dico.<\/p>\n\n\n\n<div data-wp-interactive=\"core\/file\" class=\"wp-block-file\"><object data-wp-bind--hidden=\"!state.hasPdfPreview\" hidden class=\"wp-block-file__embed\" data=\"http:\/\/dea.unsj.edu.ar\/principal\/wp-content\/uploads\/2023\/04\/Postulante-D.-Equipamiento-Medico.pdf\" type=\"application\/pdf\" style=\"width:100%;height:600px\" aria-label=\"Incrustado de Postulante-D.-Equipamiento-Medico.\"><\/object><a id=\"wp-block-file--media-23e2d423-6c92-4c46-a7ce-47b8df474963\" href=\"http:\/\/dea.unsj.edu.ar\/principal\/wp-content\/uploads\/2023\/04\/Postulante-D.-Equipamiento-Medico.pdf\">Postulante-D.-Equipamiento-Medico<\/a><a href=\"http:\/\/dea.unsj.edu.ar\/principal\/wp-content\/uploads\/2023\/04\/Postulante-D.-Equipamiento-Medico.pdf\" class=\"wp-block-file__button wp-element-button\" download aria-describedby=\"wp-block-file--media-23e2d423-6c92-4c46-a7ce-47b8df474963\">Descarga<\/a><\/div>\n\n\n\n<h2 class=\"wp-block-heading\">Lista de Candidatos<\/h2>\n\n\n\n<p>Este es el listado de prescriptos que cumplen los requisitos de inscripci\u00f3n.  Ante cualquier duda ponerse en contacto al correo \u00a0<a href=\"mailto:diplomaturas.dea@gmail.com\">diplomaturas.dea@gmail.com<\/a>.<\/p>\n\n\n\n<div data-wp-interactive=\"core\/file\" class=\"wp-block-file\"><object data-wp-bind--hidden=\"!state.hasPdfPreview\" hidden class=\"wp-block-file__embed\" data=\"http:\/\/dea.unsj.edu.ar\/principal\/wp-content\/uploads\/2023\/04\/Inscriptos-D.-Equipamiento-Medico.pdf\" type=\"application\/pdf\" style=\"width:100%;height:600px\" aria-label=\"Incrustado de Inscriptos-D.-Equipamiento-Medico.\"><\/object><a id=\"wp-block-file--media-4fd40b18-549e-4936-91a2-97c8342110b4\" href=\"http:\/\/dea.unsj.edu.ar\/principal\/wp-content\/uploads\/2023\/04\/Inscriptos-D.-Equipamiento-Medico.pdf\">Inscriptos-D.-Equipamiento-Medico<\/a><a href=\"http:\/\/dea.unsj.edu.ar\/principal\/wp-content\/uploads\/2023\/04\/Inscriptos-D.-Equipamiento-Medico.pdf\" class=\"wp-block-file__button wp-element-button\" download aria-describedby=\"wp-block-file--media-4fd40b18-549e-4936-91a2-97c8342110b4\">Descarga<\/a><\/div>\n\n\n\n<h2 class=\"wp-block-heading\">Lista Definitiva de Candidatos<\/h2>\n\n\n\n<p>En este lugar se publicar\u00e1 el listado definitivo de candidatos que pueden realizar la inscripci\u00f3n definitiva.<\/p>\n","protected":false},"excerpt":{"rendered":"<div class=\"entry-summary\">\nPara quedar definitivamente inscriptos SE DEBEN CUMPLIR LOS REQUISITOS QUE ESTABLECE LA DIPLOMATURA Y QUEDAR SELECCIONADO dentro del cupo de&hellip;\n<\/div>\n<div class=\"link-more\"><a href=\"https:\/\/dea.unsj.edu.ar\/principal\/oferta-academica\/diplomatura-en-reparacion-de-equipamiento-medico\/inscripcion-diplomatura-en-reparacion-de-equipamiento-medico\/\" class=\"more-link\">Continue reading<span class=\"screen-reader-text\"> &ldquo;Inscripci\u00f3n: Diplomatura en Reparaci\u00f3n de Equipamiento M\u00e9dico&rdquo;<\/span>&hellip;<\/a><\/div>\n","protected":false},"author":1,"featured_media":0,"parent":2508,"menu_order":0,"comment_status":"closed","ping_status":"closed","template":"","meta":{"_acf_changed":false,"jetpack_post_was_ever_published":false,"footnotes":""},"class_list":["post-3525","page","type-page","status-publish","hentry","entry"],"acf":[],"jetpack_sharing_enabled":true,"jetpack_shortlink":"https:\/\/wp.me\/PaLbeA-UR","_links":{"self":[{"href":"https:\/\/dea.unsj.edu.ar\/principal\/wp-json\/wp\/v2\/pages\/3525","targetHints":{"allow":["GET"]}}],"collection":[{"href":"https:\/\/dea.unsj.edu.ar\/principal\/wp-json\/wp\/v2\/pages"}],"about":[{"href":"https:\/\/dea.unsj.edu.ar\/principal\/wp-json\/wp\/v2\/types\/page"}],"author":[{"embeddable":true,"href":"https:\/\/dea.unsj.edu.ar\/principal\/wp-json\/wp\/v2\/users\/1"}],"replies":[{"embeddable":true,"href":"https:\/\/dea.unsj.edu.ar\/principal\/wp-json\/wp\/v2\/comments?post=3525"}],"version-history":[{"count":0,"href":"https:\/\/dea.unsj.edu.ar\/principal\/wp-json\/wp\/v2\/pages\/3525\/revisions"}],"up":[{"embeddable":true,"href":"https:\/\/dea.unsj.edu.ar\/principal\/wp-json\/wp\/v2\/pages\/2508"}],"wp:attachment":[{"href":"https:\/\/dea.unsj.edu.ar\/principal\/wp-json\/wp\/v2\/media?parent=3525"}],"curies":[{"name":"wp","href":"https:\/\/api.w.org\/{rel}","templated":true}]}}