{"id":3490,"date":"2023-03-20T11:57:23","date_gmt":"2023-03-20T14:57:23","guid":{"rendered":"http:\/\/dea.unsj.edu.ar\/principal\/?page_id=3490"},"modified":"2023-03-20T11:57:23","modified_gmt":"2023-03-20T14:57:23","slug":"diplomatura-en-instalacion-y-mantenimiento-en-redes-de-fibra-optica-2","status":"publish","type":"page","link":"https:\/\/dea.unsj.edu.ar\/principal\/oferta-academica\/diplomatura-en-instalacion-y-mantenimiento-en-redes-de-fibra-optica-2\/","title":{"rendered":"Diplomatura en Instalaci\u00f3n y Mantenimiento en Redes de Fibra \u00d3ptica"},"content":{"rendered":"\n<h1 class=\"wp-block-heading\">Objetivos<\/h1>\n\n\n\n<p>El objetivo general de esta diplomatura es capacitar a recursos humanos en aspectos t\u00e9cnicos referidos a la instalaci\u00f3n y mantenimiento de redes de datos basadas en transmisi\u00f3n por fibra \u00f3ptica, utilizadas actualmente. La misma abarca conceptos te\u00f3ricos b\u00e1sicos que ser\u00e1n aplicados mediante experiencias pr\u00e1cticas que se desarrollar\u00e1n durante el trayecto formativo.<\/p>\n\n\n\n<h1 class=\"wp-block-heading\">Importante<\/h1>\n\n\n\n<p>En la siguiente pagina puede encontrar la informaci\u00f3n de la diplomatura.<\/p>\n\n\n\n<p><a href=\"http:\/\/dea.unsj.edu.ar\/principal\/oferta-academica\/diplomatura-en-instalacion-y-mantenimiento-en-redes-de-fibra-optica-2\/diplomatura-en-instalacion-y-mantenimiento-en-redes-de-fibra-optica\/\">INFORMACI\u00d3N<\/a><\/p>\n\n\n\n<p>En la siguiente pagina se encuentra la informaci\u00f3n para la inscripci\u00f3n de la misma<\/p>\n\n\n\n<p><a href=\"http:\/\/dea.unsj.edu.ar\/principal\/oferta-academica\/diplomatura-en-instalacion-y-mantenimiento-en-redes-de-fibra-optica-2\/inscripcion-diplomatura-en-instalacion-y-mantenimiento-en-redes-de-fibra-optica\/\">INSCRIPCI\u00d3N<\/a><\/p>\n\n\n\n<p>Si tiene alguna duda puede consultar en la siguiente p\u00e1gina<\/p>\n\n\n\n<p><a href=\"http:\/\/dea.unsj.edu.ar\/principal\/oferta-academica\/diplomatura-en-instalacion-y-mantenimiento-en-redes-de-fibra-optica-2\/diplomatura-universitaria-en-instalacion-y-mantenimiento-de-redes-de-fibra-optica\/\">CONTACTO<\/a><\/p>\n","protected":false},"excerpt":{"rendered":"<div class=\"entry-summary\">\nObjetivos El objetivo general de esta diplomatura es capacitar a recursos humanos en aspectos t\u00e9cnicos referidos a la instalaci\u00f3n y&hellip;\n<\/div>\n<div class=\"link-more\"><a href=\"https:\/\/dea.unsj.edu.ar\/principal\/oferta-academica\/diplomatura-en-instalacion-y-mantenimiento-en-redes-de-fibra-optica-2\/\" class=\"more-link\">Continue reading<span class=\"screen-reader-text\"> &ldquo;Diplomatura en Instalaci\u00f3n y Mantenimiento en Redes de Fibra \u00d3ptica&rdquo;<\/span>&hellip;<\/a><\/div>\n","protected":false},"author":1,"featured_media":0,"parent":562,"menu_order":0,"comment_status":"closed","ping_status":"closed","template":"","meta":{"_acf_changed":false,"jetpack_post_was_ever_published":false,"footnotes":""},"class_list":["post-3490","page","type-page","status-publish","hentry","entry"],"acf":[],"jetpack_sharing_enabled":true,"jetpack_shortlink":"https:\/\/wp.me\/PaLbeA-Ui","_links":{"self":[{"href":"https:\/\/dea.unsj.edu.ar\/principal\/wp-json\/wp\/v2\/pages\/3490","targetHints":{"allow":["GET"]}}],"collection":[{"href":"https:\/\/dea.unsj.edu.ar\/principal\/wp-json\/wp\/v2\/pages"}],"about":[{"href":"https:\/\/dea.unsj.edu.ar\/principal\/wp-json\/wp\/v2\/types\/page"}],"author":[{"embeddable":true,"href":"https:\/\/dea.unsj.edu.ar\/principal\/wp-json\/wp\/v2\/users\/1"}],"replies":[{"embeddable":true,"href":"https:\/\/dea.unsj.edu.ar\/principal\/wp-json\/wp\/v2\/comments?post=3490"}],"version-history":[{"count":0,"href":"https:\/\/dea.unsj.edu.ar\/principal\/wp-json\/wp\/v2\/pages\/3490\/revisions"}],"up":[{"embeddable":true,"href":"https:\/\/dea.unsj.edu.ar\/principal\/wp-json\/wp\/v2\/pages\/562"}],"wp:attachment":[{"href":"https:\/\/dea.unsj.edu.ar\/principal\/wp-json\/wp\/v2\/media?parent=3490"}],"curies":[{"name":"wp","href":"https:\/\/api.w.org\/{rel}","templated":true}]}}