{"id":3485,"date":"2023-03-20T11:49:22","date_gmt":"2023-03-20T14:49:22","guid":{"rendered":"http:\/\/dea.unsj.edu.ar\/principal\/?page_id=3485"},"modified":"2023-03-20T11:49:22","modified_gmt":"2023-03-20T14:49:22","slug":"inscripcion-diplomatura-en-instalacion-y-mantenimiento-en-redes-de-fibra-optica","status":"publish","type":"page","link":"https:\/\/dea.unsj.edu.ar\/principal\/oferta-academica\/diplomatura-en-instalacion-y-mantenimiento-en-redes-de-fibra-optica-2\/inscripcion-diplomatura-en-instalacion-y-mantenimiento-en-redes-de-fibra-optica\/","title":{"rendered":"Inscripci\u00f3n: Diplomatura en Instalaci\u00f3n y Mantenimiento en Redes de Fibra \u00d3ptica"},"content":{"rendered":"\n<p><strong>Para quedar definitivamente inscriptos SE DEBEN CUMPLIR LOS REQUISITOS QUE ESTABLECE LA DIPLOMATURA Y QUEDAR SELECCIONADO dentro del cupo de plazas preestablecidas. Las fechas que establece esta p\u00e1gina son orientativas y pueden variar de acuerdo a lo que establezca la autoridad universitaria.<\/strong><\/p>\n\n\n\n<h1 class=\"wp-block-heading\">Informaci\u00f3n para la Inscripci\u00f3n (2023)<\/h1>\n\n\n\n<h2 class=\"wp-block-heading\">Cupo de inscriptos:<\/h2>\n\n\n\n<ul class=\"wp-block-list\">\n<li>30 personas<\/li>\n<\/ul>\n\n\n\n<h2 class=\"wp-block-heading\">Requisitos m\u00ednimos de ingreso:<\/h2>\n\n\n\n<ol class=\"wp-block-list\" type=\"1\" start=\"1\">\n<li>Nivel de conocimientos t\u00e9cnicos en \u00e1reas relacionadas a la inform\u00e1tica, electr\u00f3nica, telecomunicaciones y electromec\u00e1nica.<\/li>\n\n\n\n<li>Experiencia de 3 o m\u00e1s a\u00f1os realizando trabajos en el \u00e1rea t\u00e9cnica en una empresa de telecomunicaciones.<\/li>\n<\/ol>\n\n\n\n<h2 class=\"wp-block-heading\">Proceso de inscripci\u00f3n:<\/h2>\n\n\n\n<ol class=\"wp-block-list\" type=\"1\" start=\"1\">\n<li><strong>Preinscripci\u00f3n:<\/strong> Los postulantes deber\u00e1n realizar una preinscripci\u00f3n a la diplomatura a trav\u00e9s del presente formulario en la fecha establecida.<\/li>\n\n\n\n<li><strong>Selecci\u00f3n de Candidatos:<\/strong> A partir de la lista de preinscriptos se confeccionar\u00e1 una lista de candidatos, en la cual aparecer\u00e1n todos los postulantes que cumplan con los requisitos de ingreso. Esta lista se har\u00e1 p\u00fablica a trav\u00e9s del avisador y la p\u00e1gina web del Departamento de Electr\u00f3nica y Autom\u00e1tica <a href=\"http:\/\/dea.unsj.edu.ar\/principal\/\">(http:\/\/dea.unsj.edu.ar\/principal\/<\/a>). La misma ser\u00e1 publicada durante la primera semana del mes de abril del 2023. Los postulantes tendr\u00e1n una semana para realizar cualquier reclamo u observaci\u00f3n de la lista al correo electr\u00f3nico&nbsp;diplomaturas.dea@gmail.com.&nbsp;<\/li>\n\n\n\n<li><strong>Sorteo:<\/strong> En caso de que la lista de candidatos supere las 30 personas se realizar\u00e1 una etapa adicional que consistir\u00e1 en un sorteo. Este sorteo tiene como objetivo garantizar la igualdad de condiciones y posibilidades de ingreso a todos los candidatos previamente seleccionados. Este sorteo se realizar\u00e1 a trav\u00e9s de una plataforma en l\u00ednea especializada (<a href=\"https:\/\/www.randorium.com\/es\">https:\/\/www.randorium.com\/es<\/a> o <a href=\"https:\/\/app-sorteos.com\/es\">https:\/\/app-sorteos.com\/es<\/a>) el d\u00eda 21 de abril del 2023 a las 12hs. El enlace del sorteo ser\u00e1 publicado y enviado por correo electr\u00f3nico a todos los candidatos seleccionados el d\u00eda 17 de abril para que puedan entrar y consultar la lista de participantes del mismo.<\/li>\n\n\n\n<li><strong>Lista final de ingresantes:<\/strong> El d\u00eda 24 de abril se publicar\u00e1 la lista final de ingresantes de la diplomatura. Al igual que la lista de candidatos, se har\u00e1 p\u00fablica a trav\u00e9s del avisador y la p\u00e1gina web del Departamento de Electr\u00f3nica y Autom\u00e1tica (<a href=\"http:\/\/dea.unsj.edu.ar\/principal\/\">http:\/\/dea.unsj.edu.ar\/principal\/<\/a>).<\/li>\n<\/ol>\n\n\n\n<h1 class=\"wp-block-heading\">Prinscipcion &nbsp;(2023)<\/h1>\n\n\n\n<p>La preinscripci\u00f3n comenzar\u00e1 el 17 de marzo del 2023 y termina el d\u00eda 1 de abril del 2023.<\/p>\n\n\n\n<h2 class=\"wp-block-heading\">Formulario<\/h2>\n\n\n\n<p>Para pre inscribirse se debe <strong>LLENAR EL SIGUIENTE FORMULARIO.<\/strong><\/p>\n\n\n\n<p><strong><a href=\"https:\/\/docs.google.com\/forms\/d\/e\/1FAIpQLSeoJsydcOTtEdadhA1bLh_r2XRI5t9YcqiMW87iuaKcB0GSWg\/viewform\">Formulario de Preinscripci\u00f3n<\/a><\/strong><\/p>\n\n\n\n<h2 class=\"wp-block-heading\">Importante<\/h2>\n\n\n\n<ul class=\"wp-block-list\">\n<li>El env\u00edo del Formulario de Preinscripci\u00f3n no garantiza un cupo para la realizaci\u00f3n de la diplomatura. Se debe cumplirse con todo el proceso de inscripci\u00f3n.<\/li>\n\n\n\n<li>El llenado del formulario tiene car\u00e1cter de Declaraci\u00f3n Jurada y el falsear informaci\u00f3n puede producir la anulaci\u00f3n de la preinscripci\u00f3n.<\/li>\n\n\n\n<li>La comisi\u00f3n que Selecci\u00f3n de candidatos pueden pedir probanzas para corroborar los datos cargados en el formulario.<\/li>\n<\/ul>\n\n\n\n<h2 class=\"wp-block-heading\">Selecci\u00f3n de Candidatos<\/h2>\n\n\n\n<p>A partir de la lista de preinscriptos se confeccionar\u00e1 una lista de candidatos, en la cual aparecer\u00e1n todos los postulantes que cumplan con los requisitos de ingreso. Esta lista se har\u00e1 p\u00fablica a trav\u00e9s del avisador y la p\u00e1gina web del Departamento de Electr\u00f3nica y Autom\u00e1tica <a href=\"http:\/\/dea.unsj.edu.ar\/principal\/\">(http:\/\/dea.unsj.edu.ar\/principal\/<\/a>). La misma ser\u00e1 publicada durante la semana siguiente a la finalizaci\u00f3n de la preinscripci\u00f3n. Los postulantes tendr\u00e1n una semana para realizar cualquier reclamo u observaci\u00f3n de la lista al correo electr\u00f3nico <a href=\"mailto:diplomaturas.dea@gmail.com\">diplomaturas.dea@gmail.com<\/a>.&nbsp;<\/p>\n\n\n\n<h2 class=\"wp-block-heading\">Lista de Preinscriptos<\/h2>\n\n\n\n<p>Este es el listado de preinscriptos a la Diplomatura Universitaria en Instalaci\u00f3n y Mantenimiento en Redes de Fibra \u00d3ptica. Si alguien quiere hacer alg\u00fan reclamo u observaci\u00f3n, tiene tiempo de hacerlo hasta el viernes 14 de abril al correo &nbsp;<a href=\"mailto:diplomaturas.dea@gmail.com\">diplomaturas.dea@gmail.com<\/a>.<\/p>\n\n\n\n<div data-wp-interactive=\"core\/file\" class=\"wp-block-file\"><object data-wp-bind--hidden=\"!state.hasPdfPreview\" hidden class=\"wp-block-file__embed\" data=\"http:\/\/dea.unsj.edu.ar\/principal\/wp-content\/uploads\/2023\/04\/Listado-de-Preinscriptos-de-la-D-en-Instalacion-y-Mantenimiento-en-Redes-de-Fibra-Optica_v2.pdf\" type=\"application\/pdf\" style=\"width:100%;height:600px\" aria-label=\"Incrustado de Listado-de-Preinscriptos-de-la-D-en-Instalacion-y-Mantenimiento-en-Redes-de-Fibra-Optica_v2.\"><\/object><a id=\"wp-block-file--media-9bc154e5-cb06-4838-98a4-64e58521afa6\" href=\"http:\/\/dea.unsj.edu.ar\/principal\/wp-content\/uploads\/2023\/04\/Listado-de-Preinscriptos-de-la-D-en-Instalacion-y-Mantenimiento-en-Redes-de-Fibra-Optica_v2.pdf\">Listado-de-Preinscriptos-de-la-D-en-Instalacion-y-Mantenimiento-en-Redes-de-Fibra-Optica_v2<\/a><a href=\"http:\/\/dea.unsj.edu.ar\/principal\/wp-content\/uploads\/2023\/04\/Listado-de-Preinscriptos-de-la-D-en-Instalacion-y-Mantenimiento-en-Redes-de-Fibra-Optica_v2.pdf\" class=\"wp-block-file__button wp-element-button\" download aria-describedby=\"wp-block-file--media-9bc154e5-cb06-4838-98a4-64e58521afa6\">Descarga<\/a><\/div>\n\n\n\n<h2 class=\"wp-block-heading\">Lista de Candidatos<\/h2>\n\n\n\n<p>Como el n\u00famero de interesados es mayor que el cupo establecido para el dictado de la diplomatura se proceder\u00e1 a realizar un sorteo el d\u00eda 21 de abril de 2023 a las 12:00:00.<\/p>\n\n\n\n<h3 class=\"wp-block-heading\"><strong>Sorteo para determinar ingresantes a la Diplomatura Universitaria en Instalaci\u00f3n y Mantenimiento en Redes de Fibra \u00d3ptica<\/strong><\/h3>\n\n\n\n<p>Bases del sorteo:<\/p>\n\n\n\n<ol class=\"wp-block-list\" type=\"1\">\n<li>El sorteo se realizar\u00e1 el d\u00eda 21 de Abril a las 12hs a trav\u00e9s de la plataforma en l\u00ednea <a href=\"http:\/\/www.randorium.com\">www.randorium.com<\/a><\/li>\n\n\n\n<li>En el sorteo participan las 52 personas que aparecen en la lista de preinscriptos.<\/li>\n\n\n\n<li>Se sortear\u00e1n 35 lugares (Los primeros 30 corresponden a los ingresantes y los \u00faltimos 5 a los suplentes).<\/li>\n\n\n\n<li>Para ver el sorteo\/resultados debe ingresar en el siguiente enlace   <a href=\"http:\/\/randorium.com\/es\/GWThUK1z\">http:\/\/randorium.com\/es\/GWThUK1z<\/a><\/li>\n<\/ol>\n\n\n\n<p>Nota: Dentro del enlace de sorteo si ingresan en la pesta\u00f1a de presorteo pueden ver todos los participantes de este (su orden coincide con el de la lista de preinscripci\u00f3n).<\/p>\n\n\n\n<h2 class=\"wp-block-heading\">Lista de Definitiva de Candidatos<\/h2>\n\n\n\n<p>Despu\u00e9s de haberse realizado el sorteo, el listado de candidatos que pueden realizar la inscripci\u00f3n definitiva. Ante cualquier duda ponerse en contacto al correo \u00a0<a href=\"mailto:diplomaturas.dea@gmail.com\">diplomaturas.dea@gmail.com<\/a>. <\/p>\n\n\n\n<div data-wp-interactive=\"core\/file\" class=\"wp-block-file\"><object data-wp-bind--hidden=\"!state.hasPdfPreview\" hidden class=\"wp-block-file__embed\" data=\"http:\/\/dea.unsj.edu.ar\/principal\/wp-content\/uploads\/2023\/04\/Ingresantes-de-la-D-en-Instalacion-y-Mantenimiento-en-Redes-de-Fibra-Optica.pdf\" type=\"application\/pdf\" style=\"width:100%;height:600px\" aria-label=\"Incrustado de Ingresantes-de-la-D-en-Instalacion-y-Mantenimiento-en-Redes-de-Fibra-Optica.\"><\/object><a id=\"wp-block-file--media-a1f6ac4b-17c1-4edc-8e00-bb764fbaf11e\" href=\"http:\/\/dea.unsj.edu.ar\/principal\/wp-content\/uploads\/2023\/04\/Ingresantes-de-la-D-en-Instalacion-y-Mantenimiento-en-Redes-de-Fibra-Optica.pdf\">Ingresantes-de-la-D-en-Instalacion-y-Mantenimiento-en-Redes-de-Fibra-Optica<\/a><a href=\"http:\/\/dea.unsj.edu.ar\/principal\/wp-content\/uploads\/2023\/04\/Ingresantes-de-la-D-en-Instalacion-y-Mantenimiento-en-Redes-de-Fibra-Optica.pdf\" class=\"wp-block-file__button wp-element-button\" download aria-describedby=\"wp-block-file--media-a1f6ac4b-17c1-4edc-8e00-bb764fbaf11e\">Descarga<\/a><\/div>\n\n\n\n<p><\/p>\n","protected":false},"excerpt":{"rendered":"<div class=\"entry-summary\">\nPara quedar definitivamente inscriptos SE DEBEN CUMPLIR LOS REQUISITOS QUE ESTABLECE LA DIPLOMATURA Y QUEDAR SELECCIONADO dentro del cupo de&hellip;\n<\/div>\n<div class=\"link-more\"><a href=\"https:\/\/dea.unsj.edu.ar\/principal\/oferta-academica\/diplomatura-en-instalacion-y-mantenimiento-en-redes-de-fibra-optica-2\/inscripcion-diplomatura-en-instalacion-y-mantenimiento-en-redes-de-fibra-optica\/\" class=\"more-link\">Continue reading<span class=\"screen-reader-text\"> &ldquo;Inscripci\u00f3n: Diplomatura en Instalaci\u00f3n y Mantenimiento en Redes de Fibra \u00d3ptica&rdquo;<\/span>&hellip;<\/a><\/div>\n","protected":false},"author":1,"featured_media":0,"parent":3490,"menu_order":0,"comment_status":"closed","ping_status":"closed","template":"","meta":{"_acf_changed":false,"jetpack_post_was_ever_published":false,"footnotes":""},"class_list":["post-3485","page","type-page","status-publish","hentry","entry"],"acf":[],"jetpack_sharing_enabled":true,"jetpack_shortlink":"https:\/\/wp.me\/PaLbeA-Ud","_links":{"self":[{"href":"https:\/\/dea.unsj.edu.ar\/principal\/wp-json\/wp\/v2\/pages\/3485","targetHints":{"allow":["GET"]}}],"collection":[{"href":"https:\/\/dea.unsj.edu.ar\/principal\/wp-json\/wp\/v2\/pages"}],"about":[{"href":"https:\/\/dea.unsj.edu.ar\/principal\/wp-json\/wp\/v2\/types\/page"}],"author":[{"embeddable":true,"href":"https:\/\/dea.unsj.edu.ar\/principal\/wp-json\/wp\/v2\/users\/1"}],"replies":[{"embeddable":true,"href":"https:\/\/dea.unsj.edu.ar\/principal\/wp-json\/wp\/v2\/comments?post=3485"}],"version-history":[{"count":0,"href":"https:\/\/dea.unsj.edu.ar\/principal\/wp-json\/wp\/v2\/pages\/3485\/revisions"}],"up":[{"embeddable":true,"href":"https:\/\/dea.unsj.edu.ar\/principal\/wp-json\/wp\/v2\/pages\/3490"}],"wp:attachment":[{"href":"https:\/\/dea.unsj.edu.ar\/principal\/wp-json\/wp\/v2\/media?parent=3485"}],"curies":[{"name":"wp","href":"https:\/\/api.w.org\/{rel}","templated":true}]}}