{"id":3479,"date":"2023-03-17T19:53:22","date_gmt":"2023-03-17T22:53:22","guid":{"rendered":"http:\/\/dea.unsj.edu.ar\/principal\/?page_id=3479"},"modified":"2023-03-17T19:53:22","modified_gmt":"2023-03-17T22:53:22","slug":"diplomatura-en-instalacion-y-mantenimiento-en-redes-de-fibra-optica","status":"publish","type":"page","link":"https:\/\/dea.unsj.edu.ar\/principal\/oferta-academica\/diplomatura-en-instalacion-y-mantenimiento-en-redes-de-fibra-optica-2\/diplomatura-en-instalacion-y-mantenimiento-en-redes-de-fibra-optica\/","title":{"rendered":"Informaci\u00f3n: Diplomatura en Instalaci\u00f3n y Mantenimiento en Redes de Fibra \u00d3ptica"},"content":{"rendered":"\n<h1 class=\"wp-block-heading\">ORGANIZACI\u00d3N Y DICTADO<\/h1>\n\n\n\n<h2 class=\"wp-block-heading\">Objetivos<\/h2>\n\n\n\n<p>El objetivo general de esta diplomatura es capacitar a recursos humanos en aspectos t\u00e9cnicos referidos a la instalaci\u00f3n y mantenimiento de redes de datos basadas en transmisi\u00f3n por fibra \u00f3ptica, utilizadas actualmente. La misma abarca conceptos te\u00f3ricos b\u00e1sicos que ser\u00e1n aplicados mediante experiencias pr\u00e1cticas que se desarrollar\u00e1n durante el trayecto formativo.<\/p>\n\n\n\n<h2 class=\"wp-block-heading\">Justificaci\u00f3n<\/h2>\n\n\n\n<p>En la actualidad la conexi\u00f3n de internet a la que tenemos acceso en nuestros hogares, trabajo, etc., se transmite por tres medios principalmente: cable m\u00f3dem, enlaces inal\u00e1mbricos y fibra \u00f3ptica. En el caso de esta \u00faltima est\u00e1 adquiriendo mayor relevancia en los \u00faltimos a\u00f1os dado que es la tecnolog\u00eda que asegura a futuro la posibilidad de proveer los anchos de banda crecientes que necesitan los hogares para conectar cada vez m\u00e1s dispositivos, que a su vez corren aplicaciones de entretenimiento y juegos de video de alta definici\u00f3n.<\/p>\n\n\n\n<p>En este contexto de perspectivas de inversi\u00f3n y crecimiento en tecnolog\u00eda de acceso a internet y en particular en fibra \u00f3ptica, surge la necesidad de contar con capacidad t\u00e9cnica que permita maximizar el aprovechamiento de los recursos humanos de la provincia por medio de las PyMEs de diferentes localidades. De acuerdo a lo manifestado por dichas empresas, en la provincia de San Juan existe un \u00e1rea de vacancia referido a personal t\u00e9cnico capacitado en las instalaciones y mantenimiento de redes basadas en fibra \u00f3ptica.<\/p>\n\n\n\n<p>Mediante esta Diplomatura de Extensi\u00f3n Universitaria, se pretende capacitar en tendido, fusi\u00f3n y detecci\u00f3n de fallas en redes de fibra \u00f3ptica a personas con la finalidad de brindarles herramientas que luego le permitan cubrir la demanda de personal t\u00e9cnico prevista y a su vez, ampliar el campo laboral.<\/p>\n\n\n\n<h2 class=\"wp-block-heading\">Unidad Responsable<\/h2>\n\n\n\n<p>Departamento de Electr\u00f3nica y Autom\u00e1tica. Jefe de departamento: Dra. Bioing. Mar\u00eda Elisa Perez Berenguer<\/p>\n\n\n\n<h2 class=\"wp-block-heading\">Coordinador<\/h2>\n\n\n\n<p>Dr. Ing. Gabriel Eduardo Ca\u00f1adas Fragapane: Profesor adjunto del Departamento de Electr\u00f3nica y Autom\u00e1tica (DEA) de la Facultad de Ingenier\u00eda de la UNSJ.<\/p>\n\n\n\n<h2 class=\"wp-block-heading\">Comit\u00e9 Organizador<\/h2>\n\n\n\n<ul class=\"wp-block-list\">\n<li>Dr. Ing. Gabriel Eduardo Ca\u00f1adas Fragapane<\/li>\n\n\n\n<li>Dr. Ing. Martin Guzzo<\/li>\n\n\n\n<li>Dr. Ing. Eugenio Orosco Conrado<\/li>\n\n\n\n<li>Dra. Bioing. Mar\u00eda Elisa Perez Berenguer<\/li>\n<\/ul>\n\n\n\n<h2 class=\"wp-block-heading\">Profesores<\/h2>\n\n\n\n<ul class=\"wp-block-list\">\n<li>Dr. Ing. Martin Guzzo<\/li>\n\n\n\n<li>Dr. Ing. Marcelo Javier Segura<\/li>\n\n\n\n<li>Ing. Miguel Angel Morandi<\/li>\n\n\n\n<li>Ing. Juan Pablo Aguiar<\/li>\n\n\n\n<li>Ing. Rodolfo Arroqui<\/li>\n\n\n\n<li>Ing. Roberto Te\u00f3filo Linares<\/li>\n\n\n\n<li>Ing. Alejandro Dimas Martin Cosma<\/li>\n\n\n\n<li>Bioing. Carina Herrera<\/li>\n\n\n\n<li>Dr. Ing. Gabriel Eduardo Ca\u00f1adas Fragapane<\/li>\n<\/ul>\n\n\n\n<h2 class=\"wp-block-heading\">Disertante<\/h2>\n\n\n\n<ul class=\"wp-block-list\">\n<li>Javier Daniel Espinosa: Profesional t\u00e9cnico especialista en fibra \u00f3ptica de la empresa de telecomunicaciones Intersat.<\/li>\n<\/ul>\n\n\n\n<h1 class=\"wp-block-heading\">ASISTENTES<\/h1>\n\n\n\n<h2 class=\"wp-block-heading\">Destinatarios<\/h2>\n\n\n\n<ul class=\"wp-block-list\">\n<li>Esta diplomatura est\u00e1 destinada a personas que ya poseen nociones de sistemas de telecomunicaciones y est\u00e9n interesados en adquirir los conocimientos y habilidades propuestos en esta diplomatura universitaria.<\/li>\n<\/ul>\n\n\n\n<h2 class=\"wp-block-heading\">Requisitos de ingreso<\/h2>\n\n\n\n<ul class=\"wp-block-list\">\n<li>Nivel de conocimientos t\u00e9cnicos en \u00e1reas relacionadas a la inform\u00e1tica, electr\u00f3nica, telecomunicaciones y electromec\u00e1nica.<\/li>\n\n\n\n<li>Experiencia de 3 o m\u00e1s a\u00f1os realizando trabajos en el \u00e1rea t\u00e9cnica en una empresa de telecomunicaciones.<\/li>\n<\/ul>\n\n\n\n<h2 class=\"wp-block-heading\">Cantidad estimada<\/h2>\n\n\n\n<ul class=\"wp-block-list\">\n<li>La diplomatura exige un cupo m\u00ednimo de 15 (quince) alumnos matriculados. Asimismo, el cupo m\u00e1ximo se ha fijado en 30 (treinta) alumnos. Esto \u00faltimo se ha establecido en funci\u00f3n de garantizar el correcto desarrollo de las actividades pr\u00e1cticas<\/li>\n<\/ul>\n\n\n\n<h1 class=\"wp-block-heading\">PROGRAMA \u2013 MODALIDAD<\/h1>\n\n\n\n<h2 class=\"wp-block-heading\">Modalidad<\/h2>\n\n\n\n<ul class=\"wp-block-list\">\n<li>La modalidad ser\u00e1 semi-presencial. El cursado ser\u00e1 de manera virtual para clases te\u00f3ricas, a trav\u00e9s, de la plataforma del Sistema Institucional de Educaci\u00f3n a Distancia (SIED) de la UNSJ y presencial para actividades pr\u00e1cticas. Las mismas se llevar\u00e1n a cabo en los laboratorios del DEA.<\/li>\n<\/ul>\n\n\n\n<h2 class=\"wp-block-heading\">Duraci\u00f3n estimada (horas)<\/h2>\n\n\n\n<ul class=\"wp-block-list\">\n<li>Tendr\u00e1 una duraci\u00f3n total de 140 horas, de las cuales 70 horas ser\u00e1n de clases te\u00f3ricas (virtuales) y 70 horas de clases pr\u00e1cticas (presenciales).<\/li>\n<\/ul>\n\n\n\n<h2 class=\"wp-block-heading\">Programa<\/h2>\n\n\n\n<ol class=\"wp-block-list\" type=\"1\">\n<li><strong>Introducci\u00f3n a la Fibra \u00d3ptica<\/strong><ol><li><em>Evoluci\u00f3n de la fibra \u00f3ptica.<\/em><\/li><\/ol><ol><li><em>Aplicaciones. Ventajas de los sistemas de fibra \u00f3ptica. Nuevas tecnolog\u00edas.<\/em><\/li><\/ol>\n<ol class=\"wp-block-list\">\n<li><em>Campo Laboral.<\/em> <em>Competencias del personal t\u00e9cnico.<\/em><\/li>\n<\/ol>\n<\/li>\n\n\n\n<li><strong>Principios de Transmisi\u00f3n por Fibra \u00d3ptica<\/strong><ol><li><em>Enlaces de fibra. Transmisor. Receptor.<\/em><\/li><\/ol>\n<ol class=\"wp-block-list\">\n<li><em>Decibeles (dB). Potencia \u00d3ptica. Ganancia y Perdidas.<\/em><\/li>\n<\/ol>\n<\/li>\n\n\n\n<li><strong>Principios B\u00e1sicos de la luz<\/strong><ol><li><em>Longitud de onda. Frecuencia.<\/em><\/li><\/ol><ol><li><em>Radiaci\u00f3n electromagn\u00e9tica.<\/em><\/li><\/ol><ol><li><em>Espectro electromagn\u00e9tico.<\/em><\/li><\/ol><ol><li><em>Refracci\u00f3n.<\/em><\/li><\/ol>\n<ol class=\"wp-block-list\">\n<li><em>Reflexi\u00f3n interna total. Reflexi\u00f3n de Fresnel.<\/em><\/li>\n<\/ol>\n<\/li>\n\n\n\n<li><strong>Teor\u00eda y caracter\u00edsticas de la fibra \u00f3ptica<\/strong><ol><li><em>Componentes. Fuerza de Tensi\u00f3n.<\/em><em><\/em><\/li><\/ol><ol><li><em>Modos. Fibra \u00d3ptica Multimodo (MMF). Fibra \u00d3ptica Monomodo (SMF).<\/em><em><\/em><\/li><\/ol><ol><li><em>Perfiles de \u00edndice de refracci\u00f3n.<\/em><em><\/em><\/li><\/ol><ol><li><em>Dispersi\u00f3n. Atenuaci\u00f3n. P\u00e9rdidas por flexi\u00f3n. Apertura Num\u00e9rica.<\/em><em><\/em><\/li><\/ol><ol><li><em>Distribuci\u00f3n de modos en equilibrio (EMD).<\/em><em><\/em><\/li><\/ol>\n<ol class=\"wp-block-list\">\n<li><em>Especificaciones y Est\u00e1ndares.<\/em><em><\/em><\/li>\n<\/ol>\n<\/li>\n\n\n\n<li><strong>Cables de Fibra \u00d3ptica<\/strong><ol><li><em>Componentes. Tipos de cables.<\/em><\/li><\/ol><ol><li><em>M\u00e9todos de Terminaci\u00f3n de cables.<\/em><\/li><\/ol><ol><li><em>C\u00f3digos de cables.<\/em><\/li><\/ol>\n<ol class=\"wp-block-list\">\n<li><em>Clasificaci\u00f3n de Inflamabilidad para Cables Met\u00e1licos y \u00d3pticos.<\/em><\/li>\n<\/ol>\n<\/li>\n\n\n\n<li><strong>Empalmes en Redes \u00d3pticas<\/strong><ol><li><em>Factores Intr\u00ednsecos. Factores Extr\u00ednsecos.<\/em><\/li><\/ol><ol><li><em>Seguridad de empalme.<\/em><\/li><\/ol><ol><li><em>Equipamiento de empalme.<\/em><\/li><\/ol><ol><li><em>Procedimiento de empalme.<\/em><\/li><\/ol><ol><li><em>Requisitos de rendimiento. Problemas.<\/em><\/li><\/ol>\n<ol class=\"wp-block-list\">\n<li><em>Pr\u00e1ctica de Empalmes.<\/em><em><\/em><\/li>\n<\/ol>\n<\/li>\n\n\n\n<li><strong>Conectores de Fibra \u00d3ptica<\/strong><ol><li><em>Partes del conector.<\/em><\/li><\/ol><ol><li><em>Rendimiento de la conexi\u00f3n.<\/em><\/li><\/ol><ol><li><em>Tipos de conectores.<\/em><\/li><\/ol><ol><li><em>Limpieza e inspecci\u00f3n.<\/em><\/li><\/ol>\n<ol class=\"wp-block-list\">\n<li><em>Pr\u00e1ctica de armado de conectores.<\/em><em><\/em><\/li>\n<\/ol>\n<\/li>\n\n\n\n<li><strong>Fuentes de luz, transmisores, detectores y receptores<\/strong><ol><li><em>Fuentes de luz. Caracter\u00edsticas de rendimiento de las fuentes de luz.<\/em><\/li><\/ol><ol><li><em>Caracter\u00edsticas de los Transmisores.<\/em><\/li><\/ol><ol><li><em>Fotodiodos. Sensibilidad, eficiencia y velocidad del fotodiodo.<\/em><\/li><\/ol><ol><li><em>Receptores de Fibra \u00d3ptica. Caracter\u00edsticas de los receptores.<\/em><\/li><\/ol>\n<ol class=\"wp-block-list\">\n<li><em>Atenuadores \u00f3pticos.<\/em><\/li>\n<\/ol>\n<\/li>\n\n\n\n<li><strong><em>Instalaci\u00f3n de Redes \u00d3pticas<\/em><\/strong><ol><li><em>Redes Internas. Redes Externas.<\/em><\/li><\/ol><ol><li><em>GPON. FTTH.<\/em><\/li><\/ol><ol><li><em>Cables Drop. Micro-cables \u00d3pticos. DIO.<\/em><\/li><\/ol><ol><li><em>Gesti\u00f3n de Cableado.<\/em><\/li><\/ol><ol><li><em>Polaridad. M\u00e9todos de Instalaci\u00f3n.<\/em><\/li><\/ol>\n<ol class=\"wp-block-list\">\n<li><em>Practica de Instalaci\u00f3n de redes \u00f3pticas.<\/em><\/li>\n<\/ol>\n<\/li>\n\n\n\n<li><strong><em>Mediciones de cables y enlaces<\/em><\/strong><ol><li><em>Identificador de fibra.<\/em><\/li><\/ol><ol><li><em>Prueba de perdida de retorno \u00f3ptico.<\/em><\/li><\/ol><ol><li><em>Medidor de Potencia \u00d3ptica.<\/em><\/li><\/ol><ol><li><em>M\u00e9todos de medici\u00f3n de p\u00e9rdidas \u00f3pticas.<\/em><\/li><\/ol><ol><li><em>OTDR.<\/em><\/li><\/ol>\n<ol class=\"wp-block-list\">\n<li><em>Practica de medici\u00f3n de cables y enlaces.<\/em><\/li>\n<\/ol>\n<\/li>\n\n\n\n<li><strong><em>Redes de Datos<\/em><\/strong><ol><li><em>Breve introducci\u00f3n a las redes de datos.<\/em><\/li><\/ol><ol><li><em>Conceptos de MAC e IP.<\/em><\/li><\/ol><ol><li><em>Equipos de redes (switch, router, etc.)<\/em><\/li><\/ol><ol><li><em>Instalaci\u00f3n y configuraci\u00f3n de routers (concepto de DNS, DHCP, NAT, port forwarding, VLAN, etc.)<\/em><\/li><\/ol><ol><li><em>Configuraciones de redes para ofim\u00e1tica.<\/em><\/li><\/ol><ol><li><em>Diagn\u00f3stico y soluci\u00f3n a problemas de red.<\/em><\/li><\/ol>\n<ol class=\"wp-block-list\">\n<li><em>Sistemas de soporte de energ\u00eda ininterrumpidos (UPS)<\/em><\/li>\n<\/ol>\n<\/li>\n\n\n\n<li><strong><em>Higiene y Seguridad en el trabajo<\/em><\/strong><ol><li><em>Seguridad B\u00e1sica.<\/em><\/li><\/ol><ol><li><em>Equipamiento de protecci\u00f3n personal.<\/em><\/li><\/ol><ol><li><em>Seguridad Laser. Manejo de fibra.<\/em><\/li><\/ol><ol><li><em>Qu\u00edmicos.<\/em><\/li><\/ol><ol><li><em>Seguridad del lugar.<\/em><\/li><\/ol><ol><li><em>El\u00e9ctrica.<\/em><\/li><\/ol>\n<ol class=\"wp-block-list\">\n<li><em>Escaleras. Zanjas. Postes. Tendido en altura.<\/em><\/li>\n<\/ol>\n<\/li>\n\n\n\n<li><strong><em>Proyecto Final de Diplomatura<\/em><\/strong><\/li>\n<\/ol>\n\n\n\n<h2 class=\"wp-block-heading\">Bibliograf\u00eda<\/h2>\n\n\n\n<ol class=\"wp-block-list\" type=\"1\">\n<li>Woodward B. Fiber Optics Installer (FOI). Indianapolis: Sybex; 2015.<\/li>\n\n\n\n<li>DeCusatis C. Handbook of Fiber Optic Data Communication: A Practical Guide to Optical Networking. 4th ed. Elsevier; 2013.<\/li>\n\n\n\n<li>Oliviero A, Woodward B. Cabling?: Part 2?: Fiber-optic cabling and components. 5th ed. Indianapolis: Wiley Publishing; 2014.<\/li>\n\n\n\n<li>Stalling W. Comunicaciones Y Redes De Computadores. Pearson Educaci\u00f3n; 2004.<\/li>\n\n\n\n<li>Chomycz Bob. Fiber Optic Installer\u2019s Field Manual. 2nd ed. McGraw-Hill Education; 2015.<\/li>\n<\/ol>\n","protected":false},"excerpt":{"rendered":"<div class=\"entry-summary\">\nORGANIZACI\u00d3N Y DICTADO Objetivos El objetivo general de esta diplomatura es capacitar a recursos humanos en aspectos t\u00e9cnicos referidos a&hellip;\n<\/div>\n<div class=\"link-more\"><a href=\"https:\/\/dea.unsj.edu.ar\/principal\/oferta-academica\/diplomatura-en-instalacion-y-mantenimiento-en-redes-de-fibra-optica-2\/diplomatura-en-instalacion-y-mantenimiento-en-redes-de-fibra-optica\/\" class=\"more-link\">Continue reading<span class=\"screen-reader-text\"> &ldquo;Informaci\u00f3n: Diplomatura en Instalaci\u00f3n y Mantenimiento en Redes de Fibra \u00d3ptica&rdquo;<\/span>&hellip;<\/a><\/div>\n","protected":false},"author":1,"featured_media":0,"parent":3490,"menu_order":0,"comment_status":"closed","ping_status":"closed","template":"","meta":{"_acf_changed":false,"jetpack_post_was_ever_published":false,"footnotes":""},"class_list":["post-3479","page","type-page","status-publish","hentry","entry"],"acf":[],"jetpack_sharing_enabled":true,"jetpack_shortlink":"https:\/\/wp.me\/PaLbeA-U7","_links":{"self":[{"href":"https:\/\/dea.unsj.edu.ar\/principal\/wp-json\/wp\/v2\/pages\/3479","targetHints":{"allow":["GET"]}}],"collection":[{"href":"https:\/\/dea.unsj.edu.ar\/principal\/wp-json\/wp\/v2\/pages"}],"about":[{"href":"https:\/\/dea.unsj.edu.ar\/principal\/wp-json\/wp\/v2\/types\/page"}],"author":[{"embeddable":true,"href":"https:\/\/dea.unsj.edu.ar\/principal\/wp-json\/wp\/v2\/users\/1"}],"replies":[{"embeddable":true,"href":"https:\/\/dea.unsj.edu.ar\/principal\/wp-json\/wp\/v2\/comments?post=3479"}],"version-history":[{"count":0,"href":"https:\/\/dea.unsj.edu.ar\/principal\/wp-json\/wp\/v2\/pages\/3479\/revisions"}],"up":[{"embeddable":true,"href":"https:\/\/dea.unsj.edu.ar\/principal\/wp-json\/wp\/v2\/pages\/3490"}],"wp:attachment":[{"href":"https:\/\/dea.unsj.edu.ar\/principal\/wp-json\/wp\/v2\/media?parent=3479"}],"curies":[{"name":"wp","href":"https:\/\/api.w.org\/{rel}","templated":true}]}}