{"id":2719,"date":"2022-03-09T20:38:23","date_gmt":"2022-03-09T23:38:23","guid":{"rendered":"http:\/\/dea.unsj.edu.ar\/principal\/?page_id=2719"},"modified":"2022-03-09T20:38:23","modified_gmt":"2022-03-09T23:38:23","slug":"asignaturas-de-bioingenieria","status":"publish","type":"page","link":"https:\/\/dea.unsj.edu.ar\/principal\/oferta-academica\/bioingenieria\/asignaturas-de-bioingenieria\/","title":{"rendered":"Asignaturas de Bioingenier\u00eda"},"content":{"rendered":"\n<p>En esta p\u00e1gina se encuentran los datos de contactos con el responsable del dicado de las asignaturas de la carrea<\/p>\n\n\n\n<figure class=\"wp-block-table is-style-stripes\"><table><tbody><tr><td><strong>A\u00f1o<\/strong><\/td><td><strong>Sem.<\/strong><\/td><td><strong>Asignatura<\/strong><\/td><td><strong>Responsable<\/strong><\/td><td><strong>email 1<\/strong><\/td><td><strong>email 2<\/strong><\/td><td><strong>P\u00e1gina Web<\/strong><\/td><\/tr><tr><td>1<\/td><td>1<\/td><td>Introducci\u00f3n a la Bioingenier\u00eda<\/td><td>Juan Pablo Graffigna<\/td><td><a href=\"mailto:jgraffig@gateme.unsj.edu.ar\">jgraffig@gateme.unsj.edu.ar<\/a><\/td><td><\/td><td><\/td><\/tr><tr><td>1<\/td><td>1<\/td><td>\u00c1lgebra y Geometr\u00eda Anal\u00edtica<\/td><td>Anal\u00eda Moyano<\/td><td><a href=\"mailto:anamyo75@yahoo.com.ar\">anamyo75@yahoo.com.ar<\/a><\/td><td><\/td><td><\/td><\/tr><tr><td>1<\/td><td>1<\/td><td>C\u00e1lculo I<\/td><td>Jofr\u00e9 Adriana\u2010Cuadros Patricia<\/td><td><a href=\"mailto:pcuadros@unsj.edu.ar\">pcuadros@unsj.edu.ar<\/a><\/td><td><a href=\"mailto:Calculo1.fi.unsj@gmail.com\">Calculo1.fi.unsj@gmail.com<\/a><\/td><td><\/td><\/tr><tr><td>1<\/td><td>1<\/td><td>Inform\u00e1tica I<\/td><td>Oscar Nasisi<\/td><td><a href=\"mailto:onasisi@unsj.edu.ar\">onasisi@unsj.edu.ar<\/a><\/td><td><a href=\"mailto:ezavalla@inaut.unsj.edu.ar\">ezavalla@inaut.unsj.edu.ar<\/a><\/td><td><\/td><\/tr><tr><td>1<\/td><td>2<\/td><td>Qu\u00edmica I<\/td><td>Daniel Gomez, Cinthia Navas<\/td><td><a href=\"mailto:dgomez@unsj.edu.ar\">dgomez@unsj.edu.ar<\/a><\/td><td><a href=\"mailto:cnavas@unsj.edu.ar\">cnavas@unsj.edu.ar<\/a><\/td><td><\/td><\/tr><tr><td>1<\/td><td>2<\/td><td>F\u00edsica I<\/td><td>In\u00e9s Yunes<\/td><td><a href=\"mailto:iyunes@unsj.edu.ar\">iyunes@unsj.edu.ar<\/a><\/td><td><\/td><td><\/td><\/tr><tr><td>1<\/td><td>2<\/td><td>Dibujo y Sistemas de Representaci\u00f3n<\/td><td>Jorge Aguirre<\/td><td><a href=\"mailto:jaguirre@unsj.edu.ar\">jaguirre@unsj.edu.ar<\/a><\/td><td><\/td><td><\/td><\/tr><tr><td>1<\/td><td>2<\/td><td>Ingl\u00e9s I<\/td><td>Laura Girardi<\/td><td><a href=\"mailto:laugirardi@yahoo.com.ar\">laugirardi@yahoo.com.ar<\/a><\/td><td><\/td><td><\/td><\/tr><tr><td>2<\/td><td>3<\/td><td>Qu\u00edmica II<\/td><td>Daniel Gomez, Cinthia Navas<\/td><td><a href=\"mailto:dgomez@unsj.edu.ar\">dgomez@unsj.edu.ar<\/a><\/td><td><a href=\"mailto:cnavas@unsj.edu.ar\">cnavas@unsj.edu.ar<\/a><\/td><td><\/td><\/tr><tr><td>2<\/td><td>3<\/td><td>F\u00edsica II<\/td><td>Prof. Sandra Ansis\u00e9 Chirino<\/td><td><a href=\"mailto:anchir@unsj.edu.ar\">anchir@unsj.edu.ar<\/a><\/td><td><\/td><td><\/td><\/tr><tr><td>2<\/td><td>3<\/td><td>C\u00e1lculo II<\/td><td>Oliva Laura<\/td><td><a href=\"mailto:loliva@unsj.edu.ar\">loliva@unsj.edu.ar<\/a><\/td><td><a href=\"mailto:consultasaplicada2020@gmail.com\">consultasaplicada2020@gmail.com<\/a><\/td><td><\/td><\/tr><tr><td>2<\/td><td>3<\/td><td>Ingl\u00e9s II<\/td><td>Laura Girardi<\/td><td><a href=\"mailto:laugirardi@yahoo.com.ar\">laugirardi@yahoo.com.ar<\/a><\/td><td><\/td><td><\/td><\/tr><tr><td>2<\/td><td>4<\/td><td>Biolog\u00eda<\/td><td>Reznichenco Valentina<\/td><td><a href=\"mailto:vreznichenco@unsj.edu.ar\">vreznichenco@unsj.edu.ar<\/a><\/td><td><a href=\"mailto:valenreznichenco@gmail.com\">valenreznichenco@gmail.com<\/a><\/td><td><\/td><\/tr><tr><td>2<\/td><td>4<\/td><td>F\u00edsica III<\/td><td>Escudero Consuelo<\/td><td><a href=\"mailto:cescude@unsj.edu.ar\">cescude@unsj.edu.ar<\/a><\/td><td><a href=\"mailto:ejaime@unsj.edu.ar\">ejaime@unsj.edu.ar<\/a><\/td><td><\/td><\/tr><tr><td>2<\/td><td>4<\/td><td>Inform\u00e1tica II<\/td><td>Oscar Nasisi<\/td><td><a href=\"mailto:onasisi@unsj.edu.ar\">onasisi@unsj.edu.ar<\/a><\/td><td><a href=\"mailto:ezavalla@inaut.unsj.edu.ar\">ezavalla@inaut.unsj.edu.ar<\/a><\/td><td><\/td><\/tr><tr><td>2<\/td><td>4<\/td><td>Electrotecnia<\/td><td>Fernandez Hugo<\/td><td><a href=\"mailto:hfernand@gateme.unsj.edu.ar\">hfernand@gateme.unsj.edu.ar<\/a><\/td><td><\/td><td><\/td><\/tr><tr><td>3<\/td><td>5<\/td><td>Anatom\u00eda<\/td><td>Reznichenco Valentina<\/td><td><a href=\"mailto:vreznichenco@unsj.edu.ar\">vreznichenco@unsj.edu.ar<\/a><\/td><td><a href=\"mailto:valenreznichenco@gmail.com\">valenreznichenco@gmail.com<\/a><\/td><td><\/td><\/tr><tr><td>3<\/td><td>5<\/td><td>Electr\u00f3nica Anal\u00f3gica I<\/td><td>Ana Mar\u00eda Echenique<\/td><td><a href=\"mailto:amechenique@gateme.unsj.edu.ar\">amechenique@gateme.unsj.edu.ar<\/a><\/td><td><\/td><td><\/td><\/tr><tr><td>3<\/td><td>5<\/td><td>Matem\u00e1tica Aplicada<\/td><td>Oliva Laura<\/td><td><a href=\"mailto:loliva@unsj.edu.ar\">loliva@unsj.edu.ar<\/a><\/td><td><a href=\"mailto:consultasaplicada2020@gmail.com\">consultasaplicada2020@gmail.com<\/a><\/td><td><\/td><\/tr><tr><td>3<\/td><td>5<\/td><td>Biomec\u00e1nica<\/td><td>Silvia Rodrigo<\/td><td><a href=\"mailto:srodrigo@gateme.unsj.edu.ar\">srodrigo@gateme.unsj.edu.ar<\/a><\/td><td><\/td><td><\/td><\/tr><tr><td>3<\/td><td>5<\/td><td>Control I<\/td><td>Pati\u00f1o Daniel<\/td><td><a href=\"mailto:dpatino@inaut.edu.ar,\">dpatino@inaut.edu.ar,<\/a><\/td><td><a href=\"mailto:aperez@gateme.unsj.edu.ar\">aperez@gateme.unsj.edu.ar<\/a><\/td><td><\/td><\/tr><tr><td>3<\/td><td>6<\/td><td>Fisiolog\u00eda<\/td><td>Mario Carrizo Paez<\/td><td><a href=\"mailto:bioingenieria@unsj.edu.ar\">bioingenieria@unsj.edu.ar<\/a><\/td><td><\/td><td><\/td><\/tr><tr><td>3<\/td><td>6<\/td><td>Electr\u00f3nica Anal\u00f3gica II<\/td><td>Ana Mar\u00eda Echenique<\/td><td><a href=\"mailto:amechenique@gateme.unsj.edu.ar\">amechenique@gateme.unsj.edu.ar<\/a><\/td><td><\/td><td><\/td><\/tr><tr><td>3<\/td><td>6<\/td><td>Sistemas Digitales I<\/td><td>Sisterna Cristian<\/td><td><a href=\"mailto:cristian@unsj.edu.ar\">cristian@unsj.edu.ar<\/a><\/td><td><\/td><td><\/td><\/tr><tr><td>3<\/td><td>6<\/td><td>Control II<\/td><td>Fernando di Sciscio<\/td><td><a href=\"mailto:fernando@inaut.unsj.edu.ar\">fernando@inaut.unsj.edu.ar<\/a><\/td><td><a href=\"mailto:eperez@gateme.unsj.edu.ar\">eperez@gateme.unsj.edu.ar<\/a><\/td><td><\/td><\/tr><tr><td>4<\/td><td>7<\/td><td>Econom\u00eda y Empresa<\/td><td>Naccarato Daniel<\/td><td><a href=\"mailto:cdanielnaccarato@gmail.com\">cdanielnaccarato@gmail.com<\/a><\/td><td><\/td><td><\/td><\/tr><tr><td>4<\/td><td>7<\/td><td>Fisiopatolog\u00eda<\/td><td>Juan Miguel Agliozzo<\/td><td><a href=\"mailto:bioingenieria@unsj.edu.ar\">bioingenieria@unsj.edu.ar<\/a><\/td><td><a href=\"mailto:juanmiguelagliozzo@gmail.com\">juanmiguelagliozzo@gmail.com<\/a><\/td><td><\/td><\/tr><tr><td>4<\/td><td>7<\/td><td>Sistemas Digitales II<\/td><td>Gil Carlos<\/td><td><a href=\"mailto:cgil@unsj.edu.ar\">cgil@unsj.edu.ar<\/a><\/td><td><\/td><td><\/td><\/tr><tr><td>4<\/td><td>7<\/td><td>Sensores y Transductores<\/td><td>Andr\u00e9s Vald\u00e9z<\/td><td><a href=\"mailto:anvaldez@unsj.edu.ar\">anvaldez@unsj.edu.ar<\/a><\/td><td><\/td><td><\/td><\/tr><tr><td>4<\/td><td>8<\/td><td>Biomateriales<\/td><td>Dolly Granados<\/td><td><a href=\"mailto:dgranados@unsj.edu.ar\">dgranados@unsj.edu.ar<\/a><\/td><td><\/td><td><\/td><\/tr><tr><td>4<\/td><td>8<\/td><td>Ingenier\u00eda de Rehabilitaci\u00f3n<\/td><td>Silvia Rodrigo<\/td><td><a href=\"mailto:srodrigo@gateme.unsj.edu.ar\">srodrigo@gateme.unsj.edu.ar<\/a><\/td><td><\/td><td><\/td><\/tr><tr><td>4<\/td><td>8<\/td><td>Matem\u00e1tica Estad\u00edstica<\/td><td>Susana Ozan<\/td><td><a href=\"mailto:sozan@unsj.edu.ar\">sozan@unsj.edu.ar<\/a><\/td><td><\/td><td><\/td><\/tr><tr><td>4<\/td><td>8<\/td><td>Procesamiento de Se\u00f1ales Biom\u00e9dicas<\/td><td>Vicente Mut<\/td><td><a href=\"mailto:vmut@inaut.unsj.edu.ar\">vmut@inaut.unsj.edu.ar<\/a><\/td><td><\/td><td><\/td><\/tr><tr><td>4<\/td><td>8<\/td><td>Instrumentaci\u00f3n Biom\u00e9dica I<\/td><td>Eric Laciar<\/td><td><a href=\"mailto:laciar@gateme.unsj.edu.ar\">laciar@gateme.unsj.edu.ar<\/a><\/td><td><\/td><td><\/td><\/tr><tr><td>5<\/td><td>9<\/td><td>Im\u00e1genes en Medicina<\/td><td>Juan Pablo Graffigna<\/td><td><a href=\"mailto:jgraffig@gateme.unsj.edu.ar\">jgraffig@gateme.unsj.edu.ar<\/a><\/td><td><\/td><td><\/td><\/tr><tr><td>5<\/td><td>9<\/td><td>Medicina Nuclear<\/td><td>Mosconi Sergio<\/td><td><a href=\"mailto:slmosconi@gmail.com\">slmosconi@gmail.com<\/a><\/td><td><a href=\"mailto:megomez@gateme.unsj.edu.ar\">megomez@gateme.unsj.edu.ar<\/a><\/td><td><\/td><\/tr><tr><td>5<\/td><td>9<\/td><td>Instrumentaci\u00f3n Biom\u00e9dica II<\/td><td>Enrique \u00c1vila<\/td><td><a href=\"mailto:eavila@gateme.unsj.edu.ar\">eavila@gateme.unsj.edu.ar<\/a><\/td><td><\/td><td><\/td><\/tr><tr><td>5<\/td><td>9<\/td><td>Optativa Tecnol\u00f3gica I<\/td><td><\/td><td><\/td><td><\/td><td><\/td><\/tr><tr><td>5<\/td><td>10<\/td><td>Gesti\u00f3n y Organizaci\u00f3n de la Producci\u00f3n<\/td><td>Nacarato Jos\u00e9 Luis<\/td><td><a href=\"mailto:jlnacca.gestion@gmail.com\">jlnacca.gestion@gmail.com<\/a><\/td><td><\/td><td><\/td><\/tr><tr><td>5<\/td><td>10<\/td><td>Instalaciones Hospitalarias<\/td><td>Ra\u00fal Romo<\/td><td><a href=\"mailto:rromo@gateme.unsj.edu.ar\">rromo@gateme.unsj.edu.ar<\/a><\/td><td><\/td><td><\/td><\/tr><tr><td>6<\/td><td>11<\/td><td>Pr\u00e1ctica Profesional Supervisada<\/td><td>Andres Valdez<\/td><td><a href=\"mailto:anvaldez@unsj.edu.ar\">anvaldez@unsj.edu.ar<\/a><\/td><td><\/td><td><\/td><\/tr><tr><td>6<\/td><td>11<\/td><td>Trabajo Final<\/td><td>Enrique Avila<\/td><td><a href=\"mailto:eavila@gateme.unsj.edu.ar\">eavila@gateme.unsj.edu.ar<\/a><\/td><td><\/td><td><\/td><\/tr><tr><td><\/td><td><\/td><td><strong>Optativas<\/strong><\/td><td><\/td><td><\/td><td><\/td><td><\/td><\/tr><tr><td><\/td><td><\/td><td>Temas Espec\u00edficos de Control I<\/td><td>Orellana Adri\u00e1n<\/td><td><a href=\"mailto:orellana@inaut.unsj.edu.ar\">orellana@inaut.unsj.edu.ar<\/a><\/td><td><\/td><td><\/td><\/tr><tr><td><\/td><td><\/td><td>Complementos de Inform\u00e1tica<\/td><td>Orellana Adri\u00e1n<\/td><td><a href=\"mailto:orellana@inaut.unsj.edu.ar\">orellana@inaut.unsj.edu.ar<\/a><\/td><td><\/td><td><\/td><\/tr><tr><td><\/td><td><\/td><td>Inteligencia Artificial<\/td><td>Klenzi Ra\u00fal Oscar<\/td><td><a href=\"mailto:rauloscarklenzi@gmail.com\">rauloscarklenzi@gmail.com<\/a><\/td><td><\/td><td><\/td><\/tr><tr><td><\/td><td><\/td><td>Introducci\u00f3n a la Rob\u00f3tica<\/td><td>Secchi Humberto<\/td><td><a href=\"mailto:hsecchi@inaut.unsj.edu.ar\">hsecchi@inaut.unsj.edu.ar<\/a><\/td><td><\/td><td><\/td><\/tr><tr><td><\/td><td><\/td><td>Procesamiento y An\u00e1lisis Avanzado de Se\u00f1ales<\/td><td>Eric Laciar Leber<\/td><td><a href=\"mailto:laciar@gateme.unsj.edu.ar\">laciar@gateme.unsj.edu.ar<\/a><\/td><td><\/td><td><\/td><\/tr><tr><td><\/td><td><\/td><td>Inform\u00e1tica M\u00e9dica<\/td><td>Juan Pablo Graffigna<\/td><td><a href=\"mailto:jgraffig@gateme.unsj.edu.ar\">jgraffig@gateme.unsj.edu.ar<\/a><\/td><td><\/td><td><\/td><\/tr><tr><td><\/td><td><\/td><td>Complementos de Electr\u00f3nica Digital<\/td><td>Gil Carlos<\/td><td><a href=\"mailto:cgil@unsj.edu.ar\">cgil@unsj.edu.ar<\/a><\/td><td><\/td><td><\/td><\/tr><tr><td><\/td><td><\/td><td>Dise\u00f1o de Sistemas Digitales Avanzados<\/td><td>Sisterna Cristian<\/td><td><a href=\"mailto:cristian@unsj.edu.ar\">cristian@unsj.edu.ar<\/a><\/td><td><\/td><td><\/td><\/tr><tr><td><\/td><td><\/td><td>Administraci\u00f3n de Hospitales<\/td><td>Nacarato Daniel<\/td><td><a href=\"mailto:cdanielnaccarato@gmail.com\">cdanielnaccarato@gmail.com<\/a><\/td><td><\/td><td><\/td><\/tr><tr><td><\/td><td><\/td><td>Sistemas no Lineales<\/td><td>Flavio Roberti<\/td><td><a href=\"mailto:froberti@inaut.unsj.edu.ar\">froberti@inaut.unsj.edu.ar<\/a><\/td><td><\/td><td><\/td><\/tr><tr><td><\/td><td><\/td><td>Dise\u00f1o de Control Moderno<\/td><td>Humberto Secchi<\/td><td><a href=\"mailto:hsecchi@inaut.unsj.edu.ar\">hsecchi@inaut.unsj.edu.ar<\/a><\/td><td><\/td><td><\/td><\/tr><tr><td><\/td><td><\/td><td>Identificaci\u00f3n y Control Adaptable<\/td><td>Fernando di Sciscio<\/td><td><a href=\"mailto:fernando@inaut.unsj.edu.ar\">fernando@inaut.unsj.edu.ar<\/a><\/td><td><\/td><td><\/td><\/tr><tr><td><\/td><td><\/td><td>Relaciones Humanas y Din\u00e1mica de<\/td><td>Amelin D\u00e1vila<\/td><td><a href=\"mailto:amelin.dz@gmail.com\">amelin.dz@gmail.com<\/a><\/td><td><\/td><td><\/td><\/tr><tr><td><\/td><td><\/td><td>Neuroingenier\u00eda y Neurorehabilitaci\u00f3n<\/td><td>L\u00f3pez Natalia<\/td><td><a href=\"mailto:nlopez@gateme.unsj.edu.ar\">nlopez@gateme.unsj.edu.ar<\/a><\/td><td><\/td><td><\/td><\/tr><tr><td><\/td><td><\/td><td>Radiobiolog\u00eda y Radioprotecci\u00f3n<\/td><td>Garcia Alfredo<\/td><td><a href=\"mailto:alfredorg86@gmail.com\">alfredorg86@gmail.com<\/a><\/td><td><\/td><td><\/td><\/tr><\/tbody><\/table><\/figure>\n","protected":false},"excerpt":{"rendered":"<div class=\"entry-summary\">\nEn esta p\u00e1gina se encuentran los datos de contactos con el responsable del dicado de las asignaturas de la carrea&hellip;\n<\/div>\n<div class=\"link-more\"><a href=\"https:\/\/dea.unsj.edu.ar\/principal\/oferta-academica\/bioingenieria\/asignaturas-de-bioingenieria\/\" class=\"more-link\">Continue reading<span class=\"screen-reader-text\"> &ldquo;Asignaturas de Bioingenier\u00eda&rdquo;<\/span>&hellip;<\/a><\/div>\n","protected":false},"author":1,"featured_media":0,"parent":41,"menu_order":0,"comment_status":"closed","ping_status":"closed","template":"","meta":{"_acf_changed":false,"jetpack_post_was_ever_published":false,"footnotes":""},"class_list":["post-2719","page","type-page","status-publish","hentry","entry"],"acf":[],"jetpack_sharing_enabled":true,"jetpack_shortlink":"https:\/\/wp.me\/PaLbeA-HR","_links":{"self":[{"href":"https:\/\/dea.unsj.edu.ar\/principal\/wp-json\/wp\/v2\/pages\/2719","targetHints":{"allow":["GET"]}}],"collection":[{"href":"https:\/\/dea.unsj.edu.ar\/principal\/wp-json\/wp\/v2\/pages"}],"about":[{"href":"https:\/\/dea.unsj.edu.ar\/principal\/wp-json\/wp\/v2\/types\/page"}],"author":[{"embeddable":true,"href":"https:\/\/dea.unsj.edu.ar\/principal\/wp-json\/wp\/v2\/users\/1"}],"replies":[{"embeddable":true,"href":"https:\/\/dea.unsj.edu.ar\/principal\/wp-json\/wp\/v2\/comments?post=2719"}],"version-history":[{"count":0,"href":"https:\/\/dea.unsj.edu.ar\/principal\/wp-json\/wp\/v2\/pages\/2719\/revisions"}],"up":[{"embeddable":true,"href":"https:\/\/dea.unsj.edu.ar\/principal\/wp-json\/wp\/v2\/pages\/41"}],"wp:attachment":[{"href":"https:\/\/dea.unsj.edu.ar\/principal\/wp-json\/wp\/v2\/media?parent=2719"}],"curies":[{"name":"wp","href":"https:\/\/api.w.org\/{rel}","templated":true}]}}