{"id":2713,"date":"2022-03-09T20:30:26","date_gmt":"2022-03-09T23:30:26","guid":{"rendered":"http:\/\/dea.unsj.edu.ar\/principal\/?page_id=2713"},"modified":"2022-03-09T20:30:26","modified_gmt":"2022-03-09T23:30:26","slug":"asignaturas-de-ingenieria-electronica","status":"publish","type":"page","link":"https:\/\/dea.unsj.edu.ar\/principal\/oferta-academica\/ingenieria-electronica\/asignaturas-de-ingenieria-electronica\/","title":{"rendered":"Asignaturas de Ingenier\u00eda Electr\u00f3nica"},"content":{"rendered":"\n<p>En esta p\u00e1gina se encuentran los datos de contactos con el responsable del dicado de las asignaturas de la carrea<\/p>\n\n\n\n<figure class=\"wp-block-table is-style-stripes\"><table><tbody><tr><td>A\u00f1o<\/td><td>Sem.<\/td><td>Asignatura<\/td><td>Responsable<\/td><td>Email-1<\/td><td>Emil-2<\/td><td>P\u00e1gina web de contacto<\/td><\/tr><tr><td>1<\/td><td>1<\/td><td>\u00c1lgebra<\/td><td>MSc. Lic. Leonor Ester De la Torre<\/td><td><a href=\"mailto:etorre@unsj.edu.ar\">etorre@unsj.edu.ar<\/a><\/td><td><a href=\"mailto:esterdelat@gmail.com\">esterdelat@gmail.com<\/a><\/td><td><\/td><\/tr><tr><td>1<\/td><td>1<\/td><td>C\u00e1lculo I<\/td><td>Mg. Ing. Patricia Cuadros<\/td><td><a href=\"mailto:anamyo75@yahoo.com.ar\">pcuadros@unsj.edu.ar<\/a><\/td><td><a href=\"mailto:calculo1.fi.unsj@gmail.com\">calculo1.fi.unsj@gmail.com<\/a><\/td><td><\/td><\/tr><tr><td>1<\/td><td>1<\/td><td>Computaci\u00f3n I<\/td><td>Mg. Ing. Eduardo Zavalla<\/td><td><a href=\"mailto:ezavalla@inaut.unsj.edu.ar\">ezavalla@inaut.unsj.edu.ar<\/a><\/td><td><a href=\"mailto:onasisi@inaut.unsj.edu.ar\">onasisi@inaut.unsj.edu.ar<\/a><\/td><td><\/td><\/tr><tr><td>1<\/td><td>1<\/td><td>Qu\u00edmica<\/td><td>Lic. Daniel G\u00f3mez<\/td><td><a href=\"mailto:dgomez@unsj.edu.ar%20\">dgomez@unsj.edu.ar<\/a><\/td><td><a href=\"mailto:cnavas@unsj.edu.ar\">cnavas@unsj.edu.ar<\/a><\/td><td><\/td><\/tr><tr><td>1<\/td><td>1<\/td><td>Redacci\u00f3n de Trabajos y Expresi\u00f3n Oral<\/td><td>Mg. Ing. Arnoldo Fern\u00e1ndez<\/td><td><a href=\"mailto:arnoldofernandez@gmail.com\">arnoldofernandez@gmail.com<\/a><\/td><td><\/td><td><\/td><\/tr><tr><td>1<\/td><td>2<\/td><td>Dibujo y Dise\u00f1o Asistido por Computadora<\/td><td>Ing. Jorge Nelson Mercado<\/td><td><a href=\"mailto:jclucero@unsj.edu.ar\">jorgenmp@gmail.com<\/a><\/td><td><a href=\"mailto:iyunes@unsj.edu.ar\">dibujo.dsr.dac@gmail.com<\/a><\/td><td><\/td><\/tr><tr><td>1<\/td><td>2<\/td><td>F\u00edsica I<\/td><td>Prof. In\u00e9s del Carmen Yunes<\/td><td><a href=\"mailto:jaguirre@unsj.edu.ar\">iyunes@unsj.edu.ar<\/a><\/td><td><\/td><td><\/td><\/tr><tr><td>1<\/td><td>2<\/td><td>Geometr\u00eda Anal\u00edtica<\/td><td>Ing. Miguel Angel Porras<\/td><td><a href=\"mailto:laugirardi@yahoo.com.ar\">maporras513@gmail.com<\/a><\/td><td><\/td><td><\/td><\/tr><tr><td>1<\/td><td>2<\/td><td>Computaci\u00f3n II<\/td><td>Mg. Ing. Eduardo Zavalla<\/td><td><a href=\"mailto:dgomez@unsj.edu.ar\">ezavalla@inaut.unsj.edu.ar<\/a><\/td><td><\/td><td><\/td><\/tr><tr><td>1<\/td><td>2<\/td><td>Introducci\u00f3n a la Ingenier\u00eda<\/td><td>Dr. Ing. H. Daniel Pati\u00f1o<\/td><td><a href=\"mailto:cregalado@unsj.edu.ar\">dpatino@inaut.unsj.edu.ar<\/a><\/td><td><\/td><td><\/td><\/tr><tr><td>2<\/td><td>3<\/td><td>C\u00e1lculo II<\/td><td>MSc. Prof. Laura Oliva<\/td><td><a href=\"mailto:loliva@unsj.edu.ar\">loliva@unsj.edu.ar<\/a><\/td><td><\/td><td><\/td><\/tr><tr><td>2<\/td><td>3<\/td><td>Estad\u00edstica<\/td><td>Dra. Prof. Susana OZAN<\/td><td><a href=\"mailto:ecarrizo@unsj.edu.ar\">estadistica.fiunsj.consultas@gmail.com<\/a><\/td><td><\/td><td><\/td><\/tr><tr><td>2<\/td><td>3<\/td><td>Ingl\u00e9s I<\/td><td>Prof. Mar\u00eda Cristina Laplagne<\/td><td><a href=\"mailto:claplagne@unsj.edu.ar\">claplagne@unsj.edu.ar<\/a> &nbsp;<\/td><td><\/td><td><\/td><\/tr><tr><td>2<\/td><td>3<\/td><td>F\u00edsica II<\/td><td>Prof. Sandra Ansis\u00e9 Chirino<\/td><td><a href=\"mailto:cescude@unsj.edu.ar\">anchir@unsj.edu.ar<\/a><\/td><td><\/td><td><\/td><\/tr><tr><td>2<\/td><td>4<\/td><td>Fundamentos de Dispositivos Electr\u00f3nicos<\/td><td>Dr. Ing. Daniel Gandolfo<\/td><td><a href=\"mailto:ezavalla@inaut.unsj.edu.ar\">dgandolfo@inaut.unsj.edu.ar<\/a><\/td><td><\/td><td><\/td><\/tr><tr><td>2<\/td><td>4<\/td><td>Ingl\u00e9s II<\/td><td>Prof. Mar\u00eda Cristina Laplagne<\/td><td><a href=\"mailto:claplagne@unsj.edu.ar\">claplagne@unsj.edu.ar<\/a> &nbsp;<\/td><td><\/td><td><\/td><\/tr><tr><td>2<\/td><td>4<\/td><td>M\u00e9todos Num\u00e9ricos<\/td><td><\/td><td><a href=\"mailto:vreznichenco@unsj.edu.ar\">metodosnumericos.elo.unsj@gmail.com<\/a><\/td><td><\/td><td><\/td><\/tr><tr><td>2<\/td><td>4<\/td><td>Teor\u00eda de Circuitos<\/td><td>Dr. Ing. Miguel Pe\u00f1a<\/td><td><a href=\"mailto:amechenique@gateme.unsj.edu.ar\">mpena@inaut.unsj.edu.ar<\/a><\/td><td><\/td><td><\/td><\/tr><tr><td>2<\/td><td>4<\/td><td>Matem\u00e1tica Aplicada<\/td><td>MSc. Prof. Oliva, Laura S.<\/td><td><a href=\"mailto:loliva@unsj.edu.ar\">loliva@unsj.edu.ar<\/a><\/td><td><a href=\"mailto:consultasaplicada2020@gmail.com\">consultasaplicada2020@gmail.com<\/a><\/td><td><\/td><\/tr><tr><td>3<\/td><td>5<\/td><td>Control I<\/td><td>Dr. Ing. H. Daniel Pati\u00f1o<\/td><td><a href=\"mailto:srodrigo@gateme.unsj.edu.ar\">dpatino@inaut.unsj.edu.ar<\/a><\/td><td><\/td><td><\/td><\/tr><tr><td>3<\/td><td>5<\/td><td>Econom\u00eda y Empresa<\/td><td>CPN. Daniel Naccarato<\/td><td><a href=\"mailto:dpatino@inaut.edu.ar,\">cdanielnaccarato@gmail.com<\/a><\/td><td><\/td><td><\/td><\/tr><tr><td>3<\/td><td>5<\/td><td>Electr\u00f3nica Anal\u00f3gica I<\/td><td>Mg. Ing. Mario Mu\u00f1oz<\/td><td><a href=\"mailto:bioingenieria@unsj.edu.ar\">mmunoz@inaut.unsj.edu.ar<\/a><\/td><td><\/td><td><\/td><\/tr><tr><td>3<\/td><td>5<\/td><td>Electr\u00f3nica Digital I<\/td><td>Ing. Miguel Morandi<\/td><td><a href=\"mailto:morandi@unsj.edu.arx\">morandi@unsj.edu.arx<\/a><\/td><td><\/td><td><\/td><\/tr><tr><td>3<\/td><td>5<\/td><td>Propagaci\u00f3n y Radiaci\u00f3n<\/td><td>Ing. Rodolfo Arroqui<\/td><td><a href=\"mailto:cristian@unsj.edu.ar\">rodolfo.arroqui@gmail.com<\/a><\/td><td><\/td><td><\/td><\/tr><tr><td>3<\/td><td>6<\/td><td>Control II<\/td><td>Dr. Ing. Fernando di Sciascio<\/td><td><a href=\"mailto:fernando@inaut.unsj.edu.ar\">fernando@inaut.unsj.edu.ar<\/a><\/td><td><\/td><td><\/td><\/tr><tr><td>3<\/td><td>6<\/td><td>Electr\u00f3nica Anal\u00f3gica II<\/td><td>Dr. Ing. Carlos Soria<\/td><td><a href=\"mailto:cdanielnaccarato@gmail.com\">csoria@inaut.unsj.edu.ar<\/a><\/td><td><\/td><td><\/td><\/tr><tr><td>3<\/td><td>6<\/td><td>Electr\u00f3nica Digital II<\/td><td>Dr. Ing. Mart\u00edn Guzzo<\/td><td><a href=\"mailto:bioingenieria@unsj.edu.ar\">m.guzzo@unsj.edu.ar<\/a><\/td><td><\/td><td><\/td><\/tr><tr><td>3<\/td><td>6<\/td><td>Ingenier\u00eda Legal y Gesti\u00f3n Ambiental<\/td><td>Abg. Mar\u00eda Laura Monserrat<\/td><td><a href=\"mailto:cgil@unsj.edu.ar\">mlmonserrat@unsj.edu.ar<\/a><\/td><td><\/td><td><\/td><\/tr><tr><td>3<\/td><td>6<\/td><td>Procesamiento Anal\u00f3gica de Se\u00f1ales<\/td><td>Dr. Ing. Andr\u00e9s Lage<\/td><td><a href=\"mailto:anvaldez@unsj.edu.ar\">alage@inaut.unsj.edu.ar<\/a><\/td><td><\/td><td><\/td><\/tr><tr><td>4<\/td><td>7<\/td><td>Control III<\/td><td>Dr. Ing. Marcos Toibero<\/td><td><a href=\"mailto:dgranados@unsj.edu.ar\">mtoibero@inaut.unsj.edu.ar<\/a><\/td><td><\/td><td><\/td><\/tr><tr><td>4<\/td><td>7<\/td><td>Gesti\u00f3n y Organizaci\u00f3n de la Producci\u00f3n<\/td><td>CPN. Jos\u00e9 Luis Naccarato<\/td><td><a href=\"mailto:jlnacca.gestion@gmail.com\">jlnacca.gestion@gmail.com<\/a><\/td><td><\/td><td><\/td><\/tr><tr><td>4<\/td><td>7<\/td><td>M\u00e1quinas El\u00e9ctricas<\/td><td>Ing. Lucas Literas<\/td><td><a href=\"mailto:sozan@unsj.edu.ar\">lucas.literas@gmail.com<\/a><\/td><td><\/td><td><\/td><\/tr><tr><td>4<\/td><td>7<\/td><td>Procesamiento Digital de Se\u00f1ales<\/td><td>Dr. Ing. Vicente Mut<\/td><td><a href=\"mailto:vmut@inaut.unsj.edu.ar\">vmut@inaut.unsj.edu.ar<\/a><\/td><td><\/td><td><\/td><\/tr><tr><td>4<\/td><td>7<\/td><td>Telecomunicaciones I<\/td><td>Ing. Juan Pablo Aguiar<\/td><td><a href=\"mailto:laciar@gateme.unsj.edu.ar\">juan.pablo.aguiar@gmail.com<\/a><\/td><td><\/td><td><\/td><\/tr><tr><td>4<\/td><td>8<\/td><td>Electr\u00f3nica de Potencia<\/td><td>Ing. Marcelo Mart\u00edn<\/td><td><a href=\"mailto:jgraffig@gateme.unsj.edu.ar\">mmartin@inaut.unsj.edu.ar<\/a><\/td><td><\/td><td><\/td><\/tr><tr><td>4<\/td><td>8<\/td><td>Electr\u00f3nica Digital III<\/td><td>Dr. Ing. Eugenio Orosco<\/td><td><a href=\"mailto:slmosconi@gmail.com\">eorosco@inuat.unsj.edu.ar<\/a><\/td><td><\/td><td><\/td><\/tr><tr><td>4<\/td><td>8<\/td><td>Recursos Humanos en la Empresa<\/td><td>Lic. Amelin D\u00e1vila<\/td><td><a href=\"mailto:eavila@gateme.unsj.edu.ar\">amelin.dz@gmail.com<\/a><\/td><td><\/td><td><\/td><\/tr><tr><td>4<\/td><td>8<\/td><td>Sistemas para Control<\/td><td>Dr. Ing. Emanuel Slawi\u00f1ski<\/td><td><a href=\"mailto:slawinski@inaut.unsj.edu.ar\">slawinski@inaut.unsj.edu.ar<\/a><\/td><td><\/td><td><\/td><\/tr><tr><td>4<\/td><td>8<\/td><td>Telecomunicaciones II<\/td><td>Ing. Juan Pablo Aguiar<\/td><td><a href=\"mailto:jlnacca.gestion@gmail.com\">juan.pablo.aguiar@gmail.com<\/a><\/td><td><\/td><td><\/td><\/tr><tr><td>&nbsp;<\/td><td>&nbsp;<\/td><td><strong>OPTATIVAS<\/strong><strong><\/strong><\/td><td>&nbsp;<\/td><td>&nbsp;<\/td><td>&nbsp;<\/td><td>&nbsp;<\/td><\/tr><tr><td>5<\/td><td>9<\/td><td>Herramientas Gerenciales<\/td><td>Lic. Valeria Soria<\/td><td><a href=\"mailto:rromo@gateme.unsj.edu.ar\">soriavaleria@gmail.com<\/a><\/td><td><\/td><td><\/td><\/tr><tr><td>5<\/td><td>9<\/td><td>Dise\u00f1o de Control Moderno<\/td><td>Dr. Ing. Humberto Secchi<\/td><td><a href=\"mailto:hsecchi@inaut.unsj.edu.ar\">hsecchi@inaut.unsj.edu.ar<\/a><\/td><td><\/td><td><\/td><\/tr><tr><td>5<\/td><td>9<\/td><td>Identificaci\u00f3n y Control Adaptable<\/td><td>Dr. Ing. Fernando di Sciascio<\/td><td><a href=\"mailto:fernando@inaut.unsj.edu.ar\">fernando@inaut.unsj.edu.ar<\/a><\/td><td><\/td><td><\/td><\/tr><tr><td>5<\/td><td>9<\/td><td>Introducci\u00f3n a la Rob\u00f3tica<\/td><td>Dr. Ing. Humberto Secchi<\/td><td><a href=\"mailto:hsecchi@inaut.unsj.edu.ar\">hsecchi@inaut.unsj.edu.ar<\/a><\/td><td><\/td><td><\/td><\/tr><tr><td>5<\/td><td>9<\/td><td>Microcontroladores<\/td><td>Dr. Ing. Eugenio Orosco<\/td><td><a href=\"mailto:eorosco@inuat.unsj.edu.ar\">eorosco@inuat.unsj.edu.ar<\/a><\/td><td><\/td><td><\/td><\/tr><tr><td>5<\/td><td>9<\/td><td>Sistemas Industriales para Control<\/td><td>Dr. Ing. Andr\u00e9s Lage<\/td><td><a href=\"mailto:alage@inaut.unsj.edu.ar\">alage@inaut.unsj.edu.ar<\/a><\/td><td><\/td><td><\/td><\/tr><tr><td>5<\/td><td>9<\/td><td>Sistemas No Lineales<\/td><td>Dr. Flavio Roberti<\/td><td><a href=\"mailto:froberti@inaut.unsj.edu.ar\">froberti@inaut.unsj.edu.ar<\/a><\/td><td><\/td><td><\/td><\/tr><tr><td>5<\/td><td>9\/10<\/td><td>COMPLEMENTOS DE ELECTR\u00d3NICA ANAL\u00d3GICA I<\/td><td>Ing. Enrique \u00c1vila<\/td><td><a href=\"mailto:emorales@unsj.edu.ar\">eavila@gateme.unsj.edu.ar<\/a><\/td><td><\/td><td><\/td><\/tr><tr><td>5<\/td><td>9\/10<\/td><td>COMPLEMENTOS DE ELECTR\u00d3NICA ANAL\u00d3GICA II<\/td><td>Dr. Ing. Ernesto Accolti<\/td><td><a href=\"mailto:orellana@inaut.unsj.edu.ar\">eaccolti@inaut.unsj.edu.ar<\/a><\/td><td><\/td><td><\/td><\/tr><tr><td>5<\/td><td>9<\/td><td>Complementos de Inteligencia Artificial<\/td><td>Ing. Raul Klenzi<\/td><td><a href=\"mailto:rauloscarklenzi@gmail.com\">rauloscarklenzi@gmail.com<\/a><\/td><td><\/td><td><\/td><\/tr><tr><td>5<\/td><td>9<\/td><td>Relaciones Humanas y Dinamicas de Grupo<\/td><td>Lic. Amelin D\u00e1vila<\/td><td><a href=\"mailto:rauloscarklenzi@gmail.com\">adavila@unsj.edu.ar<\/a><\/td><td><\/td><td><\/td><\/tr><tr><td>5<\/td><td>9\/10<\/td><td>Redes de Datos<\/td><td>Ing. Miguel Morandi<\/td><td><a href=\"mailto:hsecchi@inaut.unsj.edu.ar\">morandi@unsj.edu.ar<\/a><\/td><td><\/td><td><\/td><\/tr><tr><td>5<\/td><td>9\/10<\/td><td>Temas Espec\u00edficos de Telecomunicaciones I<\/td><td>Ing. Rodolfo Arroqui.<\/td><td><a href=\"mailto:laciar@gateme.unsj.edu.ar\">rodolfo.arroqui@gmail.com<\/a><\/td><td><\/td><td><\/td><\/tr><tr><td>5<\/td><td>9<\/td><td>Temas Espec\u00edficos Complementarios I<\/td><td>Mg. Ing. Arnoldo Fern\u00e1ndez<\/td><td><a href=\"mailto:arnoldofernandez@gmail.com\">arnoldofernandez@gmail.com<\/a><\/td><td><\/td><td><\/td><\/tr><tr><td>5<\/td><td>9<\/td><td>Temas Espec\u00edficos de Control I<\/td><td>Dr. Ing. Adri\u00e1n Orellana<\/td><td><a href=\"mailto:cgil@unsj.edu.ar\">adrian03410@gmail.com<\/a><\/td><td><\/td><td><\/td><\/tr><tr><td>5<\/td><td>9\/10<\/td><td>Complementos de Inform\u00e1tica<\/td><td>Dr. Ing. Adri\u00e1n Orellana<\/td><td><a href=\"mailto:cristian@unsj.edu.ar\">adrian03410@gmail.com<\/a><\/td><td><\/td><td><\/td><\/tr><tr><td>5<\/td><td>9<\/td><td>Temas Espec\u00edficos de Electr\u00f3nica Digital I<\/td><td>Ing. Cristian Sisterna<\/td><td><a href=\"mailto:cdanielnaccarato@gmail.com\">cristian@unsj.edu.ar<\/a><\/td><td><\/td><td><\/td><\/tr><tr><td>5<\/td><td>9<\/td><td>Temas Espec\u00edficos de Telecomunicaciones III<\/td><td>Dr. Ing. Marcelo Segura<\/td><td><a href=\"mailto:froberti@inaut.unsj.edu.ar\">marcelosegura@gmail.com<\/a><\/td><td><\/td><td><\/td><\/tr><\/tbody><\/table><\/figure>\n","protected":false},"excerpt":{"rendered":"<div class=\"entry-summary\">\nEn esta p\u00e1gina se encuentran los datos de contactos con el responsable del dicado de las asignaturas de la carrea&hellip;\n<\/div>\n<div class=\"link-more\"><a href=\"https:\/\/dea.unsj.edu.ar\/principal\/oferta-academica\/ingenieria-electronica\/asignaturas-de-ingenieria-electronica\/\" class=\"more-link\">Continue reading<span class=\"screen-reader-text\"> &ldquo;Asignaturas de Ingenier\u00eda Electr\u00f3nica&rdquo;<\/span>&hellip;<\/a><\/div>\n","protected":false},"author":1,"featured_media":0,"parent":38,"menu_order":0,"comment_status":"closed","ping_status":"closed","template":"","meta":{"_acf_changed":false,"jetpack_post_was_ever_published":false,"footnotes":""},"class_list":["post-2713","page","type-page","status-publish","hentry","entry"],"acf":[],"jetpack_sharing_enabled":true,"jetpack_shortlink":"https:\/\/wp.me\/PaLbeA-HL","_links":{"self":[{"href":"https:\/\/dea.unsj.edu.ar\/principal\/wp-json\/wp\/v2\/pages\/2713","targetHints":{"allow":["GET"]}}],"collection":[{"href":"https:\/\/dea.unsj.edu.ar\/principal\/wp-json\/wp\/v2\/pages"}],"about":[{"href":"https:\/\/dea.unsj.edu.ar\/principal\/wp-json\/wp\/v2\/types\/page"}],"author":[{"embeddable":true,"href":"https:\/\/dea.unsj.edu.ar\/principal\/wp-json\/wp\/v2\/users\/1"}],"replies":[{"embeddable":true,"href":"https:\/\/dea.unsj.edu.ar\/principal\/wp-json\/wp\/v2\/comments?post=2713"}],"version-history":[{"count":0,"href":"https:\/\/dea.unsj.edu.ar\/principal\/wp-json\/wp\/v2\/pages\/2713\/revisions"}],"up":[{"embeddable":true,"href":"https:\/\/dea.unsj.edu.ar\/principal\/wp-json\/wp\/v2\/pages\/38"}],"wp:attachment":[{"href":"https:\/\/dea.unsj.edu.ar\/principal\/wp-json\/wp\/v2\/media?parent=2713"}],"curies":[{"name":"wp","href":"https:\/\/api.w.org\/{rel}","templated":true}]}}