{"id":266,"date":"2019-09-17T15:06:50","date_gmt":"2019-09-17T18:06:50","guid":{"rendered":"https:\/\/ledyt.wordpress.com\/?page_id=266"},"modified":"2019-09-17T15:06:50","modified_gmt":"2019-09-17T18:06:50","slug":"ledyt-personal","status":"publish","type":"page","link":"https:\/\/dea.unsj.edu.ar\/principal\/investigacion-desarrollo-servicios\/introduccion\/ledyt-personal\/","title":{"rendered":"LEDyT-Personal"},"content":{"rendered":"\n<div class=\"wp-block-columns alignwide has-2-columns has-3-columns is-layout-flex wp-container-core-columns-is-layout-9d6595d7 wp-block-columns-is-layout-flex\">\n<div class=\"wp-block-column is-layout-flow wp-block-column-is-layout-flow\">\n<figure class=\"wp-block-image\"><img decoding=\"async\" src=\"http:\/\/dea.unsj.edu.ar\/principal\/wp-content\/uploads\/2019\/10\/foto-juan-pablo-aguiar-1-1200x1501.jpg\" alt=\"\" class=\"wp-image-1761\"\/><\/figure>\n\n\n<p><a href=\"http:\/\/dea.unsj.edu.ar\/principal\/investigacion-desarrollo-servicios\/introduccion\/ledyt-personal\/ingeniero-juan-pablo-aguiar\/\">Ing. Juan Pablo Aguiar<\/a><\/p><\/div>\n\n\n\n<div class=\"wp-block-column is-layout-flow wp-block-column-is-layout-flow\">\n<div class=\"wp-block-image\"><figure class=\"aligncenter size-large is-resized\"><figure><figure><img loading=\"lazy\" decoding=\"async\" src=\"https:\/\/ledyt.files.wordpress.com\/2019\/09\/perfil-autor-3.jpg?w=626\" alt=\"\" class=\"wp-image-631\" width=\"170\" height=\"170\"><\/figure><\/figure><\/figure><\/div>\n\n\n<p><a href=\"http:\/\/dea.unsj.edu.ar\/principal\/investigacion-desarrollo-servicios\/introduccion\/ledyt-personal\/ingeniero-rodolfo-hernan-arroqui\/\">Ingeniero Rodolfo Hern\u00e1n Arroqui<\/a><\/p><\/div>\n<\/div>\n\n\n\n<div class=\"wp-block-columns alignwide has-2-columns has-3-columns is-layout-flex wp-container-core-columns-is-layout-9d6595d7 wp-block-columns-is-layout-flex\">\n<div class=\"wp-block-column is-layout-flow wp-block-column-is-layout-flow\">\n<div class=\"wp-block-image\"><figure class=\"aligncenter size-large is-resized\"><figure><figure><img loading=\"lazy\" decoding=\"async\" src=\"https:\/\/ledyt.files.wordpress.com\/2019\/09\/dellc2b4aquila-carlos-rubc3a9n-foto.jpg?w=367\" alt=\"\" class=\"wp-image-737\" width=\"178\" height=\"167\"><\/figure><\/figure><\/figure><\/div>\n\n\n\n<h2 class=\"has-cyan-bluish-gray-color has-text-color has-text-align-center wp-block-heading\"><strong><a href=\"https:\/\/ledyt.wordpress.com\/ingeniero-carlos-ruben-dellaquila\/\">Ingeniero Carlos Rub\u00e9n Dell&#8217;Aquila<\/a><\/strong><\/h2>\n\n\n\n<p><\/p>\n<\/div>\n\n\n\n<div class=\"wp-block-column is-layout-flow wp-block-column-is-layout-flow\">\n<div class=\"wp-block-image\"><figure class=\"aligncenter size-large is-resized\"><img loading=\"lazy\" decoding=\"async\" src=\"https:\/\/ledyt.files.wordpress.com\/2019\/09\/perfil-autor-5.jpg?w=626\" alt=\"\" class=\"wp-image-633\" width=\"165\" height=\"165\" \/><\/figure><\/div>\n\n\n\n<h2 class=\"has-pale-cyan-blue-color has-text-color has-text-align-center wp-block-heading\"><strong><a href=\"https:\/\/ledyt.wordpress.com\/ingeniero-gustavo-alberto-ensinck\/\">Ingeniero Gustavo Alberto Ensinck<\/a><\/strong><\/h2>\n<\/div>\n<\/div>\n\n\n\n<div class=\"wp-block-columns alignwide has-2-columns has-3-columns is-layout-flex wp-container-core-columns-is-layout-9d6595d7 wp-block-columns-is-layout-flex\">\n<div class=\"wp-block-column is-layout-flow wp-block-column-is-layout-flow\">\n<div class=\"wp-block-image\"><figure class=\"aligncenter size-large is-resized\"><img loading=\"lazy\" decoding=\"async\" src=\"https:\/\/ledyt.files.wordpress.com\/2019\/09\/page-1-image-1-2.jpg?w=319\" alt=\"\" class=\"wp-image-734\" width=\"168\" height=\"180\" \/><\/figure><\/div>\n\n\n\n<h2 class=\"has-pale-cyan-blue-color has-text-color has-text-align-center wp-block-heading\"><strong><a href=\"https:\/\/ledyt.wordpress.com\/doctor-martin-alejandro-guzzo\/\">Doctor Mart\u00edn Alejandro Guzzo<\/a><\/strong><\/h2>\n\n\n\n<p><\/p>\n<\/div>\n\n\n\n<div class=\"wp-block-column is-layout-flow wp-block-column-is-layout-flow\">\n<div class=\"wp-block-image\"><figure class=\"aligncenter size-large is-resized\"><img loading=\"lazy\" decoding=\"async\" src=\"https:\/\/ledyt.files.wordpress.com\/2019\/09\/perfil-autor-8.jpg?w=626\" alt=\"\" class=\"wp-image-636\" width=\"184\" height=\"184\" \/><\/figure><\/div>\n\n\n\n<h2 class=\"has-pale-cyan-blue-color has-text-color has-text-align-center wp-block-heading\"><strong><a href=\"https:\/\/ledyt.wordpress.com\/mg-raul-kienzi\/\">Mg. Ra\u00fal KLenzi<\/a><\/strong><\/h2>\n<\/div>\n<\/div>\n\n\n\n<div class=\"wp-block-columns alignwide has-2-columns has-3-columns is-layout-flex wp-container-core-columns-is-layout-9d6595d7 wp-block-columns-is-layout-flex\">\n<div class=\"wp-block-column is-layout-flow wp-block-column-is-layout-flow\">\n<div class=\"wp-block-image\"><figure class=\"aligncenter size-large is-resized\"><img loading=\"lazy\" decoding=\"async\" src=\"https:\/\/ledyt.files.wordpress.com\/2019\/09\/perfil-autor-10.jpg?w=626\" alt=\"\" class=\"wp-image-638\" width=\"192\" height=\"192\" \/><\/figure><\/div>\n\n\n\n<h2 class=\"has-text-align-center wp-block-heading\"><strong><a href=\"https:\/\/ledyt.wordpress.com\/ingeniero-alejandro-dimas-martin\/\">Ingeniero Alejandro Dimas Mart\u00edn<\/a><\/strong><\/h2>\n<\/div>\n\n\n\n<div class=\"wp-block-column is-layout-flow wp-block-column-is-layout-flow\">\n<div class=\"wp-block-image\"><figure class=\"aligncenter size-large is-resized\"><img loading=\"lazy\" decoding=\"async\" src=\"https:\/\/ledyt.files.wordpress.com\/2019\/09\/cv-1.jpg?w=260\" alt=\"\" class=\"wp-image-741\" width=\"154\" height=\"189\" \/><\/figure><\/div>\n\n\n\n<h2 class=\"has-text-align-center wp-block-heading\"><strong><a href=\"https:\/\/ledyt.wordpress.com\/doctor-eugenio-orosco\/\">Doctor Eugenio Orosco<\/a><\/strong><\/h2>\n<\/div>\n<\/div>\n\n\n\n<div style=\"height:32px\" aria-hidden=\"true\" class=\"wp-block-spacer desktop-only\"><\/div>\n\n\n\n<h2 class=\"has-text-align-center wp-block-heading\"> <\/h2>\n\n\n\n<div style=\"height:32px\" aria-hidden=\"true\" class=\"wp-block-spacer desktop-only\"><\/div>\n\n\n\n<hr class=\"wp-block-separator is-style-wide\"\/>\n","protected":false},"excerpt":{"rendered":"<div class=\"entry-summary\">\nIngeniero Carlos Rub\u00e9n Dell&#8217;Aquila Ingeniero Gustavo Alberto Ensinck Doctor Mart\u00edn Alejandro Guzzo Mg. Ra\u00fal KLenzi Ingeniero Alejandro Dimas Mart\u00edn Doctor&hellip;\n<\/div>\n<div class=\"link-more\"><a href=\"https:\/\/dea.unsj.edu.ar\/principal\/investigacion-desarrollo-servicios\/introduccion\/ledyt-personal\/\" class=\"more-link\">Continue reading<span class=\"screen-reader-text\"> &ldquo;LEDyT-Personal&rdquo;<\/span>&hellip;<\/a><\/div>\n","protected":false},"author":1,"featured_media":0,"parent":199,"menu_order":6,"comment_status":"closed","ping_status":"closed","template":"","meta":{"_acf_changed":false,"jetpack_post_was_ever_published":false,"footnotes":""},"class_list":["post-266","page","type-page","status-publish","hentry","entry"],"acf":[],"jetpack_sharing_enabled":true,"jetpack_shortlink":"https:\/\/wp.me\/PaLbeA-4i","_links":{"self":[{"href":"https:\/\/dea.unsj.edu.ar\/principal\/wp-json\/wp\/v2\/pages\/266","targetHints":{"allow":["GET"]}}],"collection":[{"href":"https:\/\/dea.unsj.edu.ar\/principal\/wp-json\/wp\/v2\/pages"}],"about":[{"href":"https:\/\/dea.unsj.edu.ar\/principal\/wp-json\/wp\/v2\/types\/page"}],"author":[{"embeddable":true,"href":"https:\/\/dea.unsj.edu.ar\/principal\/wp-json\/wp\/v2\/users\/1"}],"replies":[{"embeddable":true,"href":"https:\/\/dea.unsj.edu.ar\/principal\/wp-json\/wp\/v2\/comments?post=266"}],"version-history":[{"count":0,"href":"https:\/\/dea.unsj.edu.ar\/principal\/wp-json\/wp\/v2\/pages\/266\/revisions"}],"up":[{"embeddable":true,"href":"https:\/\/dea.unsj.edu.ar\/principal\/wp-json\/wp\/v2\/pages\/199"}],"wp:attachment":[{"href":"https:\/\/dea.unsj.edu.ar\/principal\/wp-json\/wp\/v2\/media?parent=266"}],"curies":[{"name":"wp","href":"https:\/\/api.w.org\/{rel}","templated":true}]}}