{"id":2600,"date":"2022-03-04T09:31:33","date_gmt":"2022-03-04T12:31:33","guid":{"rendered":"http:\/\/dea.unsj.edu.ar\/principal\/?page_id=2600"},"modified":"2022-03-04T09:31:33","modified_gmt":"2022-03-04T12:31:33","slug":"horarios-de-uso-del-laboratorio-de-idiomas-1-semestre","status":"publish","type":"page","link":"https:\/\/dea.unsj.edu.ar\/principal\/docentes\/horarios-de-uso-del-laboratorio-de-electronica\/horarios-de-uso-de-los-laboratorios-del-dea-1-semestre\/horarios-de-uso-del-laboratorio-de-idiomas-1-semestre\/","title":{"rendered":"Horarios de uso del Laboratorio de Idiomas (1\u00b0 semestre)"},"content":{"rendered":"\n<p>VERSION PRELIMINAR<\/p>\n\n\n\n<figure class=\"wp-block-table is-style-stripes\"><table><tbody><tr><td><strong>HORARIO MA\u00d1ANA<\/strong><\/td><td class=\"has-text-align-center\" data-align=\"center\"><strong>LUNES<\/strong><\/td><td><strong>MARTES<\/strong><\/td><td><strong>MI\u00c9RCOLES<\/strong><\/td><td><strong>JUEVES<\/strong><\/td><td><strong>VIERNES<\/strong><\/td><\/tr><tr><td>(1\u00ba) 8:00 a 8:45<\/td><td class=\"has-text-align-center\" data-align=\"center\">Ingl\u00e9s II (BIO)<br>Laura Girardi<br>(<a href=\"mailto:laugirardi@yahoo.com.ar\">laugirardi@yahoo.com.ar<\/a>)<\/td><td>Dibujo y Dise\u00f1o Asistido por Computadora<br>Jorge Mercado<\/td><td>Ingl\u00e9s II (BIO)<br>Laura Girardi<br>(<a href=\"mailto:laugirardi@yahoo.com.ar\">laugirardi@yahoo.com.ar<\/a>)<\/td><td>Dibujo y Dise\u00f1o Asistido por Computadora<br>Jorge Mercado<\/td><td>BIOMEC\u00c1NICA<br>Dra. Ing. Silvia Rodrigo<br>(<a href=\"mailto:srodrigo@gateme.unsj.edu.ar\">srodrigo@gateme.unsj.edu.ar<\/a>)<\/td><\/tr><tr><td>(2\u00ba) 8:50 a 9:35<\/td><td class=\"has-text-align-center\" data-align=\"center\">Ingl\u00e9s II (BIO)<\/td><td>Dibujo y Dise\u00f1o Asistido por Computadora<br>Jorge Mercado<\/td><td>Ingl\u00e9s II (BIO)<\/td><td>Dibujo y Dise\u00f1o Asistido por Computadora<br>Jorge Mercado<\/td><td>BIOMEC\u00c1NICA<\/td><\/tr><tr><td>(3\u00ba) 9:40 a 10:25<\/td><td class=\"has-text-align-center\" data-align=\"center\">Ingl\u00e9s II (BIO)<\/td><td>Dibujo y Dise\u00f1o Asistido por Computadora<br>Jorge Mercado<\/td><td>Ingl\u00e9s II (BIO)<\/td><td>Dibujo y Dise\u00f1o Asistido por Computadora<br>Jorge Mercado<\/td><td>BIOMEC\u00c1NICA<\/td><\/tr><tr><td>(4\u00ba) 10:30 a 11:15<\/td><td class=\"has-text-align-center\" data-align=\"center\">Ingl\u00e9s II (BIO)<br>Laura Girardi<br>(<a href=\"mailto:laugirardi@yahoo.com.ar\">laugirardi@yahoo.com.ar<\/a>)<\/td><td>Dibujo y Dise\u00f1o Asistido por Computadora<br>Jorge Mercado<\/td><td>INGL\u00c9S I (ELO)<br>Prof. Ing. Alberto Garc\u00eda, Prof. Mar\u00eda Cristina Laplagne<br>(<a href=\"mailto:claplagne@unsj.edu.ar\">claplagne@unsj.edu.ar<\/a>)<\/td><td>Dibujo y Dise\u00f1o Asistido por Computadora<br>Jorge Mercado<\/td><td><\/td><\/tr><tr><td>(5\u00ba) 11:20 a 12:05<\/td><td class=\"has-text-align-center\" data-align=\"center\">Ingl\u00e9s II (BIO)<\/td><td>Dibujo y Dise\u00f1o Asistido por Computadora<br>Jorge Mercado<\/td><td>INGL\u00c9S I (ELO)<\/td><td>Dibujo y Dise\u00f1o Asistido por Computadora<br>Jorge Mercado<\/td><td><\/td><\/tr><tr><td>(6\u00ba) 12:10 a 12:55<\/td><td class=\"has-text-align-center\" data-align=\"center\">Ingl\u00e9s II (BIO)<\/td><td>Dibujo y Dise\u00f1o Asistido por Computadora<br>Jorge Mercado<\/td><td>INGL\u00c9S I (ELO)<\/td><td>Dibujo y Dise\u00f1o Asistido por Computadora<br>Jorge Mercado<\/td><td><\/td><\/tr><tr><td><strong>TARDE<\/strong><\/td><td class=\"has-text-align-center\" data-align=\"center\"><strong>LUNES<\/strong><\/td><td><strong>MARTES<\/strong><\/td><td><strong>MI\u00c9RCOLES<\/strong><\/td><td><strong>JUEVES<\/strong><\/td><td><strong>VIERNES<\/strong><\/td><\/tr><tr><td>(1\u00ba) 15:00 a 15:45<\/td><td class=\"has-text-align-center\" data-align=\"center\"><\/td><td><\/td><td><\/td><td><\/td><td><\/td><\/tr><tr><td>(2\u00ba) 15:50 a 16:35<\/td><td class=\"has-text-align-center\" data-align=\"center\"><\/td><td><\/td><td><\/td><td><\/td><td><\/td><\/tr><tr><td>(3\u00ba) 16:40 a 17:25<\/td><td class=\"has-text-align-center\" data-align=\"center\"><\/td><td><\/td><td><\/td><td><\/td><td><\/td><\/tr><tr><td>(4\u00ba) 17:30 a 18:15<\/td><td class=\"has-text-align-center\" data-align=\"center\"><\/td><td><\/td><td><\/td><td><\/td><td><\/td><\/tr><tr><td>(5\u00ba) 18:20 a 19:05<\/td><td class=\"has-text-align-center\" data-align=\"center\"><\/td><td><\/td><td><\/td><td><\/td><td><\/td><\/tr><tr><td>(6\u00ba) 19:10 a 19:55<\/td><td class=\"has-text-align-center\" data-align=\"center\"><\/td><td><\/td><td><\/td><td><\/td><td><\/td><\/tr><tr><td>(7\u00ba) 20:00 a 20:45<\/td><td class=\"has-text-align-center\" data-align=\"center\"><\/td><td><\/td><td><\/td><td><\/td><td><\/td><\/tr><\/tbody><\/table><\/figure>\n\n\n\n<p><\/p>\n","protected":false},"excerpt":{"rendered":"<div class=\"entry-summary\">\nVERSION PRELIMINAR HORARIO MA\u00d1ANA LUNES MARTES MI\u00c9RCOLES JUEVES VIERNES (1\u00ba) 8:00 a 8:45 Ingl\u00e9s II (BIO)Laura Girardi(laugirardi@yahoo.com.ar) Dibujo y Dise\u00f1o&hellip;\n<\/div>\n<div class=\"link-more\"><a href=\"https:\/\/dea.unsj.edu.ar\/principal\/docentes\/horarios-de-uso-del-laboratorio-de-electronica\/horarios-de-uso-de-los-laboratorios-del-dea-1-semestre\/horarios-de-uso-del-laboratorio-de-idiomas-1-semestre\/\" class=\"more-link\">Continue reading<span class=\"screen-reader-text\"> &ldquo;Horarios de uso del Laboratorio de Idiomas (1\u00b0 semestre)&rdquo;<\/span>&hellip;<\/a><\/div>\n","protected":false},"author":1,"featured_media":0,"parent":2616,"menu_order":0,"comment_status":"closed","ping_status":"closed","template":"","meta":{"_acf_changed":false,"jetpack_post_was_ever_published":false,"footnotes":""},"class_list":["post-2600","page","type-page","status-publish","hentry","entry"],"acf":[],"jetpack_sharing_enabled":true,"jetpack_shortlink":"https:\/\/wp.me\/PaLbeA-FW","_links":{"self":[{"href":"https:\/\/dea.unsj.edu.ar\/principal\/wp-json\/wp\/v2\/pages\/2600","targetHints":{"allow":["GET"]}}],"collection":[{"href":"https:\/\/dea.unsj.edu.ar\/principal\/wp-json\/wp\/v2\/pages"}],"about":[{"href":"https:\/\/dea.unsj.edu.ar\/principal\/wp-json\/wp\/v2\/types\/page"}],"author":[{"embeddable":true,"href":"https:\/\/dea.unsj.edu.ar\/principal\/wp-json\/wp\/v2\/users\/1"}],"replies":[{"embeddable":true,"href":"https:\/\/dea.unsj.edu.ar\/principal\/wp-json\/wp\/v2\/comments?post=2600"}],"version-history":[{"count":0,"href":"https:\/\/dea.unsj.edu.ar\/principal\/wp-json\/wp\/v2\/pages\/2600\/revisions"}],"up":[{"embeddable":true,"href":"https:\/\/dea.unsj.edu.ar\/principal\/wp-json\/wp\/v2\/pages\/2616"}],"wp:attachment":[{"href":"https:\/\/dea.unsj.edu.ar\/principal\/wp-json\/wp\/v2\/media?parent=2600"}],"curies":[{"name":"wp","href":"https:\/\/api.w.org\/{rel}","templated":true}]}}