{"id":258,"date":"2019-09-17T15:02:49","date_gmt":"2019-09-17T18:02:49","guid":{"rendered":"https:\/\/ledyt.wordpress.com\/?page_id=258"},"modified":"2019-09-17T15:02:49","modified_gmt":"2019-09-17T18:02:49","slug":"ledyt-contactenos","status":"publish","type":"page","link":"https:\/\/dea.unsj.edu.ar\/principal\/investigacion-desarrollo-servicios\/introduccion\/ledyt-contactenos\/","title":{"rendered":"LEDyT-Cont\u00e1ctenos"},"content":{"rendered":"\n<p>Direcci\u00f3n: Av. Libertador Gral. San Martin Oeste 1109.<br>Capital, San Juan J5400ARL<br>Argentina<br>ledt.fi.unsj@gmail.com<br>+54 264 420-3085<\/p>\n\n\n\n<p><\/p>\n\n\n\n<p><\/p>\n\n\n\n<p>Gu\u00eda de Internos<br>-Sec. Depto. Electr\u00f3nica y Autom\u00e1tica: 4351<br>Laboratorio de Electr\u00f3nica Digital:<br>-Oficina 1: 4380 \u2013 Dr. Ing. Gabriel Ca\u00f1adas \u2013 Dr. Ing. Carlos Dell\u2019aquila<br>-Oficina 2: 359 \u2013 Ing. Carlos Gil \u2013 Dr. Ing. Eugenio Orozco<br>-Oficina 3: 4383 \u2013 Dr. Ing. Mart\u00edn Guzzo<br>-Oficina 4: 4381 \u2013 Ing. Gustavo Ensinck \u2013 Dr. Ing. Marcelo Segura<br>Telecomunicaciones:<br>-Oficina 5: 4386 \u2013 Ing. Juan Pablo Aguiar \u2013 Ing. Roberto Linares -Ing. Rodolfo Arroqui \u2013 Ing. Alejandro Mart\u00edn \u2013 Mg.Ing. Ra\u00fal Klensi<\/p>\n\n\n\n<p><\/p>\n","protected":false},"excerpt":{"rendered":"<div class=\"entry-summary\">\nDirecci\u00f3n: Av. Libertador Gral. San Martin Oeste 1109.Capital, San Juan J5400ARLArgentinaledt.fi.unsj@gmail.com+54 264 420-3085 Gu\u00eda de Internos-Sec. Depto. Electr\u00f3nica y Autom\u00e1tica:&hellip;\n<\/div>\n<div class=\"link-more\"><a href=\"https:\/\/dea.unsj.edu.ar\/principal\/investigacion-desarrollo-servicios\/introduccion\/ledyt-contactenos\/\" class=\"more-link\">Continue reading<span class=\"screen-reader-text\"> &ldquo;LEDyT-Cont\u00e1ctenos&rdquo;<\/span>&hellip;<\/a><\/div>\n","protected":false},"author":1,"featured_media":0,"parent":199,"menu_order":9,"comment_status":"closed","ping_status":"closed","template":"","meta":{"_acf_changed":false,"jetpack_post_was_ever_published":false,"footnotes":""},"class_list":["post-258","page","type-page","status-publish","hentry","entry"],"acf":[],"jetpack_sharing_enabled":true,"jetpack_shortlink":"https:\/\/wp.me\/PaLbeA-4a","_links":{"self":[{"href":"https:\/\/dea.unsj.edu.ar\/principal\/wp-json\/wp\/v2\/pages\/258","targetHints":{"allow":["GET"]}}],"collection":[{"href":"https:\/\/dea.unsj.edu.ar\/principal\/wp-json\/wp\/v2\/pages"}],"about":[{"href":"https:\/\/dea.unsj.edu.ar\/principal\/wp-json\/wp\/v2\/types\/page"}],"author":[{"embeddable":true,"href":"https:\/\/dea.unsj.edu.ar\/principal\/wp-json\/wp\/v2\/users\/1"}],"replies":[{"embeddable":true,"href":"https:\/\/dea.unsj.edu.ar\/principal\/wp-json\/wp\/v2\/comments?post=258"}],"version-history":[{"count":0,"href":"https:\/\/dea.unsj.edu.ar\/principal\/wp-json\/wp\/v2\/pages\/258\/revisions"}],"up":[{"embeddable":true,"href":"https:\/\/dea.unsj.edu.ar\/principal\/wp-json\/wp\/v2\/pages\/199"}],"wp:attachment":[{"href":"https:\/\/dea.unsj.edu.ar\/principal\/wp-json\/wp\/v2\/media?parent=258"}],"curies":[{"name":"wp","href":"https:\/\/api.w.org\/{rel}","templated":true}]}}