{"id":2508,"date":"2022-02-24T11:47:50","date_gmt":"2022-02-24T14:47:50","guid":{"rendered":"http:\/\/dea.unsj.edu.ar\/principal\/?page_id=2508"},"modified":"2022-02-24T11:47:50","modified_gmt":"2022-02-24T14:47:50","slug":"diplomatura-en-reparacion-de-equipamiento-medico","status":"publish","type":"page","link":"https:\/\/dea.unsj.edu.ar\/principal\/oferta-academica\/diplomatura-en-reparacion-de-equipamiento-medico\/","title":{"rendered":"Diplomatura en Reparaci\u00f3n de Equipamiento M\u00e9dico"},"content":{"rendered":"\n<p><strong>Objetivos<\/strong><\/p>\n\n\n\n<p>El objetivo general consiste en capacitar a recursos humanos en aspectos te\u00f3rico-pr\u00e1cticos para realizar tareas de reparaci\u00f3n de dispositivos m\u00e9dicos, generando buenas pr\u00e1cticas de manipulaci\u00f3n, mantenimiento y calibraci\u00f3n de equipos biom\u00e9dicos. La misma abarca conceptos te\u00f3ricos que ser\u00e1n aplicados mediante experiencias pr\u00e1cticas que se desarrollar\u00e1n durante el trayecto formativo.<\/p>\n\n\n\n<p><strong>Importante<\/strong><\/p>\n\n\n\n<p>En la siguiente p\u00e1gina puede encontrar la informaci\u00f3n de la diplomatura.<\/p>\n\n\n\n<p><a href=\"http:\/\/dea.unsj.edu.ar\/principal\/oferta-academica\/diplomatura-en-reparacion-de-equipamiento-medico\/informacion-diplomatura-en-reparacion-de-equipamiento-medico\/\" target=\"_blank\" rel=\"noreferrer noopener\">INFORMACI\u00d3N<\/a><\/p>\n\n\n\n<p>En la siguiente p\u00e1gina se encuentra la informaci\u00f3n para la inscripci\u00f3n de la misma<\/p>\n\n\n\n<p><a href=\"http:\/\/dea.unsj.edu.ar\/principal\/oferta-academica\/diplomatura-en-reparacion-de-equipamiento-medico\/inscripcion-diplomatura-en-reparacion-de-equipamiento-medico\/\">INSCRIPCI\u00d3N<\/a><\/p>\n\n\n\n<p>Si tiene alguna duda puede consultar en la siguiente p\u00e1gina<\/p>\n\n\n\n<p><a href=\"http:\/\/dea.unsj.edu.ar\/principal\/oferta-academica\/diplomatura-en-reparacion-de-equipamiento-medico\/contacto-diplomatura-en-reparacion-de-equipamiento-medico\/\" target=\"_blank\" rel=\"noreferrer noopener\">CONTACTO<\/a><\/p>\n","protected":false},"excerpt":{"rendered":"<div class=\"entry-summary\">\nObjetivos El objetivo general consiste en capacitar a recursos humanos en aspectos te\u00f3rico-pr\u00e1cticos para realizar tareas de reparaci\u00f3n de dispositivos&hellip;\n<\/div>\n<div class=\"link-more\"><a href=\"https:\/\/dea.unsj.edu.ar\/principal\/oferta-academica\/diplomatura-en-reparacion-de-equipamiento-medico\/\" class=\"more-link\">Continue reading<span class=\"screen-reader-text\"> &ldquo;Diplomatura en Reparaci\u00f3n de Equipamiento M\u00e9dico&rdquo;<\/span>&hellip;<\/a><\/div>\n","protected":false},"author":1,"featured_media":0,"parent":562,"menu_order":0,"comment_status":"closed","ping_status":"closed","template":"","meta":{"_acf_changed":false,"jetpack_post_was_ever_published":false,"footnotes":""},"class_list":["post-2508","page","type-page","status-publish","hentry","entry"],"acf":[],"jetpack_sharing_enabled":true,"jetpack_shortlink":"https:\/\/wp.me\/PaLbeA-Es","_links":{"self":[{"href":"https:\/\/dea.unsj.edu.ar\/principal\/wp-json\/wp\/v2\/pages\/2508","targetHints":{"allow":["GET"]}}],"collection":[{"href":"https:\/\/dea.unsj.edu.ar\/principal\/wp-json\/wp\/v2\/pages"}],"about":[{"href":"https:\/\/dea.unsj.edu.ar\/principal\/wp-json\/wp\/v2\/types\/page"}],"author":[{"embeddable":true,"href":"https:\/\/dea.unsj.edu.ar\/principal\/wp-json\/wp\/v2\/users\/1"}],"replies":[{"embeddable":true,"href":"https:\/\/dea.unsj.edu.ar\/principal\/wp-json\/wp\/v2\/comments?post=2508"}],"version-history":[{"count":0,"href":"https:\/\/dea.unsj.edu.ar\/principal\/wp-json\/wp\/v2\/pages\/2508\/revisions"}],"up":[{"embeddable":true,"href":"https:\/\/dea.unsj.edu.ar\/principal\/wp-json\/wp\/v2\/pages\/562"}],"wp:attachment":[{"href":"https:\/\/dea.unsj.edu.ar\/principal\/wp-json\/wp\/v2\/media?parent=2508"}],"curies":[{"name":"wp","href":"https:\/\/api.w.org\/{rel}","templated":true}]}}