{"id":1930,"date":"2020-04-06T10:12:08","date_gmt":"2020-04-06T13:12:08","guid":{"rendered":"http:\/\/dea.unsj.edu.ar\/principal\/?page_id=1930"},"modified":"2020-04-06T10:12:08","modified_gmt":"2020-04-06T13:12:08","slug":"covid-19-repositorio-de-informacion","status":"publish","type":"page","link":"https:\/\/dea.unsj.edu.ar\/principal\/covid-19\/covid-19-repositorio-de-informacion\/","title":{"rendered":"COVID 19-REPOSITORIO DE INFORMACI\u00d3N"},"content":{"rendered":"\n<p>En este sitio compartimos informaci\u00f3n de inter\u00e9s sobre aspectos t\u00e9cnicos relacionados con la pandemia del COVID-19.<\/p>\n\n\n\n<p>1. ARCHIVOS DE LA ORGANIZACI\u00d3N MUNDIAL DE LA SALUD (OMS)<\/p>\n\n\n\n<p><a href=\"https:\/\/www.dropbox.com\/sh\/11pjefzx3lhhpo1\/AAAQpp5xWsRglUVEep-BEW6Aa\/1.%20INFORMACI%C3%93N%20DE%20OMS?dl=0&amp;subfolder_nav_tracking=1\">dropbox: 1<\/a><\/p>\n\n\n\n<p>2. ARCHIVOS DEL MINISTERIO DE SALUD (ARGENTINA)<\/p>\n\n\n\n<p><a href=\"https:\/\/www.dropbox.com\/sh\/11pjefzx3lhhpo1\/AAAAAD6868pG9iQm8cAVMCCka\/2.%20REPOSITORIO%20MINISTERIO%20SALUD%20NACI%C3%93N?dl=0&amp;subfolder_nav_tracking=1\">dropbox 2<\/a><\/p>\n\n\n\n<p>3. NORMATIVAS ACERCA DE DISPOSITIVOS M\u00c9DICOS (ANMAT, FDA, etc.)<\/p>\n\n\n\n<p><a href=\"https:\/\/www.dropbox.com\/sh\/11pjefzx3lhhpo1\/AACWnUOW58MiEC6zs8v-iIrXa\/3.%20REPOSITORIO%20DE%20NORMATIVAS%20DE%20PRODUCTOS%20M%C3%89DICOS?dl=0&amp;subfolder_nav_tracking=1\">dropbox 3<\/a><\/p>\n\n\n\n<p>4. ELEMENTOS DISPONIBLES DE FUENTE ABIERTA (OPEN SOURCE)<\/p>\n\n\n\n<p><a href=\"https:\/\/www.dropbox.com\/sh\/11pjefzx3lhhpo1\/AAAwUXMPR288Rn1EvQlS6LI6a\/4.%20ELEMENTOS%20DISPONIBLES%20OPEN%20SOURCE?dl=0&amp;subfolder_nav_tracking=1\">dropbox 4<\/a><\/p>\n\n\n\n<p>5. OTROS RECURSOS DE INTER\u00c9S<\/p>\n\n\n\n<p><a href=\"https:\/\/www.dropbox.com\/sh\/11pjefzx3lhhpo1\/AADMSjnN9L6cq1UMbtQGo0wGa\/5.%20OTROS%20RECURSOS%20Y%20ENLACES?dl=0&amp;subfolder_nav_tracking=1\">dropbox 5<\/a><\/p>\n\n\n\n<p>6. ENLACES DE INTER\u00c9S<\/p>\n\n\n\n<ul class=\"wp-block-list\"><li><a href=\"https:\/\/www.argentina.gob.ar\/salud\">MINISTERIO DE SALUD (Argentina)<\/a><\/li><li><a href=\"https:\/\/www.who.int\/es\">ORGANIZACI\u00d3N MUNDIAL DE LA SALUD (OMS)<\/a><\/li><li><a href=\"http:\/\/sabi.org.ar\/index.php\/covid-19\/\">SOCIEDAD ARGENTINA DE BIOINGENIER\u00cdA (SABI): COVID-19<\/a><\/li><li><a href=\"https:\/\/covid.ingenieria.uner.edu.ar\/\">UNIVERSIDAD NACIONAL DE ENTRE R\u00cdOS: GRUPO DE EMERGENCIA SANITARIA<\/a><\/li><li><a href=\"https:\/\/accenet.org\/Pages\/ACCE%20COVID-19.aspx\">AMERICAN COLLEGE OF CLINICAL ENGINEERING (ACCE): COVID-19 Advisory<\/a><\/li><li><a href=\"https:\/\/ec.europa.eu\/commission\/presscorner\/detail\/en\/ip_20_502\">COMISI\u00d3N EUROPEA PARA EL COVID-19: NORMAS Y PATENTES EUROPEAS LIBERADAS<\/a><\/li><li><a href=\"https:\/\/www.medtronic.com\/us-en\/e\/covid19.html\">MEDTRONIC: RESPIRADOR PURITAN BENETT PATENTE LIBERADA<\/a><\/li><li>\u00a0<a href=\"https:\/\/www.argentina.gob.ar\/ciencia\/unidad-coronavirus\">ARGENTINA: UNIDAD CORONAVIRUS<\/a><\/li><li><a href=\"https:\/\/www.argentina.gob.ar\/noticias\/informacion-sobre-respiradores\">ARGENTINA: INFORMACI\u00d3N SOBRE RESPIRADORES<\/a><\/li><li>\u00a0<a href=\"https:\/\/www.argentina.gob.ar\/campana-nacional-para-la-produccion-solidaria-de-elementos-de-proteccion-personal\">ARGENTINA: PRODUCCI\u00d3N SOLIDARIA DE ELEMENTOS DE PROTECCI\u00d3N PERSONA<\/a><\/li><\/ul>\n\n\n\n<ul class=\"wp-block-list\"><li><a href=\"https:\/\/www.argentina.gob.ar\/noticias\/mecanismo-simplificado-para-la-ampliacion-de-rubro-yo-habilitacion-inicial-para-la\">ARGENTINA: MECANISMO SIMPLIFICADO PARA LA AMPLIACI\u00d3N DE RUBRO Y\/O HABILITACI\u00d3N INICIAL PARA LA IMPORTACI\u00d3N O FABRICACI\u00d3N DE PRODUCTOS M\u00c9DICOS CR\u00cdTICOS RELACIONADOS A LA PANDEMIA POR COVID-19<\/a><\/li><\/ul>\n\n\n\n<p><\/p>\n\n\n\n<div class=\"wp-block-group\"><div class=\"wp-block-group__inner-container is-layout-flow wp-block-group-is-layout-flow\">\n<pre class=\"wp-block-verse\">Departamento de Electr\u00f3nica y Autom\u00e1tica\nFacultad de Ingenier\u00eda\nUniversidad Nacional de San Juan<\/pre>\n\n\n\n<p><\/p>\n<\/div><\/div>\n\n\n\n<p><\/p>\n","protected":false},"excerpt":{"rendered":"<div class=\"entry-summary\">\nEn este sitio compartimos informaci\u00f3n de inter\u00e9s sobre aspectos t\u00e9cnicos relacionados con la pandemia del COVID-19. 1. ARCHIVOS DE LA&hellip;\n<\/div>\n<div class=\"link-more\"><a href=\"https:\/\/dea.unsj.edu.ar\/principal\/covid-19\/covid-19-repositorio-de-informacion\/\" class=\"more-link\">Continue reading<span class=\"screen-reader-text\"> &ldquo;COVID 19-REPOSITORIO DE INFORMACI\u00d3N&rdquo;<\/span>&hellip;<\/a><\/div>\n","protected":false},"author":1,"featured_media":1932,"parent":1964,"menu_order":0,"comment_status":"closed","ping_status":"closed","template":"","meta":{"_acf_changed":false,"jetpack_post_was_ever_published":false,"footnotes":""},"class_list":["post-1930","page","type-page","status-publish","has-post-thumbnail","hentry","entry"],"acf":[],"jetpack_sharing_enabled":true,"jetpack_shortlink":"https:\/\/wp.me\/PaLbeA-v8","_links":{"self":[{"href":"https:\/\/dea.unsj.edu.ar\/principal\/wp-json\/wp\/v2\/pages\/1930","targetHints":{"allow":["GET"]}}],"collection":[{"href":"https:\/\/dea.unsj.edu.ar\/principal\/wp-json\/wp\/v2\/pages"}],"about":[{"href":"https:\/\/dea.unsj.edu.ar\/principal\/wp-json\/wp\/v2\/types\/page"}],"author":[{"embeddable":true,"href":"https:\/\/dea.unsj.edu.ar\/principal\/wp-json\/wp\/v2\/users\/1"}],"replies":[{"embeddable":true,"href":"https:\/\/dea.unsj.edu.ar\/principal\/wp-json\/wp\/v2\/comments?post=1930"}],"version-history":[{"count":0,"href":"https:\/\/dea.unsj.edu.ar\/principal\/wp-json\/wp\/v2\/pages\/1930\/revisions"}],"up":[{"embeddable":true,"href":"https:\/\/dea.unsj.edu.ar\/principal\/wp-json\/wp\/v2\/pages\/1964"}],"wp:featuredmedia":[{"embeddable":true,"href":"https:\/\/dea.unsj.edu.ar\/principal\/wp-json\/wp\/v2\/media\/1932"}],"wp:attachment":[{"href":"https:\/\/dea.unsj.edu.ar\/principal\/wp-json\/wp\/v2\/media?parent=1930"}],"curies":[{"name":"wp","href":"https:\/\/api.w.org\/{rel}","templated":true}]}}