{"id":1822,"date":"2019-12-20T11:59:50","date_gmt":"2019-12-20T14:59:50","guid":{"rendered":"http:\/\/dea.unsj.edu.ar\/principal\/?page_id=1822"},"modified":"2019-12-20T11:59:50","modified_gmt":"2019-12-20T14:59:50","slug":"libro-ultrasonido-y-emision-acustica-para-ingenieros-y-estudiantes-de-ingenieria","status":"publish","type":"page","link":"https:\/\/dea.unsj.edu.ar\/principal\/oferta-academica\/biblioteca-libre-del-dea\/libro-ultrasonido-y-emision-acustica-para-ingenieros-y-estudiantes-de-ingenieria\/","title":{"rendered":"Libro: Ultrasonido y Emisi\u00f3n Ac\u00fastica para Ingenieros y Estudiantes de Ingenier\u00eda"},"content":{"rendered":"\n<div class=\"wp-block-file\"><a href=\"http:\/\/dea.unsj.edu.ar\/principal\/wp-content\/uploads\/2019\/12\/Ultrasonido-y-Emisi\u00f3n-Ac\u00fastica-para-Ingenieros-y-Estudiantes-de-Ingenier\u00eda.pdf\">Ultrasonido-y-Emisi\u00f3n-Ac\u00fastica-para-Ingenieros-y-Estudiantes-de-Ingenier\u00eda<\/a><a href=\"http:\/\/dea.unsj.edu.ar\/principal\/wp-content\/uploads\/2019\/12\/Ultrasonido-y-Emisi\u00f3n-Ac\u00fastica-para-Ingenieros-y-Estudiantes-de-Ingenier\u00eda.pdf\" class=\"wp-block-file__button\" download>Descarga<\/a><\/div>\n\n\n<p>T\u00edtulo: Ultrasonido y Emisi\u00f3n Ac\u00fastica para Ingenieros y Estudiantes de Ingenier\u00eda.<\/p>\n<p>A\u00f1o: 2019<\/p>\n<p>Autor\/es: Angel C. Veca, Jos\u00e9 E. Ruzzante, Mar\u00eda I. L\u00f3pez Pumarega, Ernesto Accolti.<\/p>\n<p>ISBN: 978-987-86-3199-8<\/p>\n<p>Contenido:<\/p>\n<p style=\"padding-left: 40px;\">Pr\u00f3logo del Editor (xiii)<\/p>\n<p style=\"padding-left: 40px;\">Red Iberoamericana de Tecnolog\u00edas Ultras\u00f3nicas (xvi)<\/p>\n<p style=\"padding-left: 40px;\">Significado de siglas usadas a lo largo de los cap\u00edtulos (xvii)<\/p>\n<p style=\"padding-left: 40px;\">Cap\u00edtulo I: Introducci\u00f3n (1)<\/p>\n<p style=\"padding-left: 40px;\">Cap\u00edtulo II: Principios F\u00edsicos, Ondas y Medios (39)<\/p>\n<p style=\"padding-left: 40px;\">Cap\u00edtulo III: Transductores y lentes ac\u00fasticas (87)<\/p>\n<p style=\"padding-left: 40px;\">Cap\u00edtulo IV: M\u00e9todos de Emisi\u00f3n y Recepci\u00f3n (141)<\/p>\n<p style=\"padding-left: 40px;\">Cap\u00edtulo V: La se\u00f1al de Eco (171)<\/p>\n<p style=\"padding-left: 40px;\">Cap\u00edtulo VI: M\u00e9todos de Registro y T\u00e9cnicas Operatorias I (219)<\/p>\n<p style=\"padding-left: 40px;\">Cap\u00edtulo VII: M\u00e9todos de Registro y T\u00e9cnicas Operatorias II (257)<\/p>\n<p style=\"padding-left: 40px;\">Cap\u00edtulo VIII: Estimaci\u00f3n de la Excitaci\u00f3n y de la Ganancia para una Aplicaci\u00f3n Espec\u00edfica (285)<\/p>\n<p style=\"padding-left: 40px;\">Cap\u00edtulo IX: Introducci\u00f3n a los Arrays y a la Focalizaci\u00f3n Electr\u00f3nica (303)<\/p>\n<p style=\"padding-left: 40px;\">Cap\u00edtulo X: Efecto Doppler en Medicina (357)<\/p>\n<p style=\"padding-left: 40px;\">Cap\u00edtulo XI: Generaci\u00f3n de Ultrasonido de Potencia (389)<\/p>\n<p style=\"padding-left: 40px;\">Cap\u00edtulo XII: Emisi\u00f3n Ac\u00fastica: Introducci\u00f3n Hist\u00f3rica (437)<\/p>\n<p style=\"padding-left: 40px;\">Cap\u00edtulo XIII: Se\u00f1ales de Emisi\u00f3n Ac\u00fastica (447)<\/p>\n<p style=\"padding-left: 40px;\">Cap\u00edtulo XIV: Ruido Magn\u00e9tico Ac\u00fastico Barkhausen y Emisi\u00f3n Magneto (479)<\/p>\n<p style=\"padding-left: 40px;\">Cap\u00edtulo XV: Normalizaci\u00f3n (511)<\/p>\n<p style=\"padding-left: 40px;\">Cap\u00edtulo XVI: Grupos Internacionales de EA (519)<\/p>\n<p style=\"padding-left: 40px;\">Cap\u00edtulo XVII: Esquemas b\u00e1sicos para la determinaci\u00f3n de tiempo de tr\u00e1nsito (523)<\/p>\n<p style=\"padding-left: 40px;\">Cap\u00edtulo XVIII: Medici\u00f3n de tt con dispositivos Electr\u00f3nicos Espec\u00edficos (549)<\/p>\n<p style=\"padding-left: 40px;\">Cap\u00edtulo XIX: An\u00e1lisis y Caracterizaci\u00f3n del M\u00f3dulo HC-SRQ4 (563)<\/p>\n<p style=\"padding-left: 40px;\">Ap\u00e9ndice A: Ondas Longitudinales y Transversales (589)<\/p>\n<p style=\"padding-left: 40px;\">Ap\u00e9ndice B: Elementos de Electroac\u00fastica. Analog\u00edas electro-mecano-ac\u00fasticas (595)<\/p>\n<p style=\"padding-left: 40px;\">Anexo A: Propiedades Ac\u00fasticas de Medios Materiales Met\u00e1licos, no Met\u00e1licos y L\u00edquidos<\/p>\n<p style=\"padding-left: 40px;\">Indice alfab\u00e9tico<\/p>","protected":false},"excerpt":{"rendered":"<div class=\"entry-summary\">\nT\u00edtulo: Ultrasonido y Emisi\u00f3n Ac\u00fastica para Ingenieros y Estudiantes de Ingenier\u00eda. A\u00f1o: 2019 Autor\/es: Angel C. Veca, Jos\u00e9 E. Ruzzante,&hellip;\n<\/div>\n<div class=\"link-more\"><a href=\"https:\/\/dea.unsj.edu.ar\/principal\/oferta-academica\/biblioteca-libre-del-dea\/libro-ultrasonido-y-emision-acustica-para-ingenieros-y-estudiantes-de-ingenieria\/\" class=\"more-link\">Continue reading<span class=\"screen-reader-text\"> &ldquo;Libro: Ultrasonido y Emisi\u00f3n Ac\u00fastica para Ingenieros y Estudiantes de Ingenier\u00eda&rdquo;<\/span>&hellip;<\/a><\/div>\n","protected":false},"author":1,"featured_media":1823,"parent":1547,"menu_order":0,"comment_status":"closed","ping_status":"closed","template":"","meta":{"_acf_changed":false,"jetpack_post_was_ever_published":false,"footnotes":""},"class_list":["post-1822","page","type-page","status-publish","has-post-thumbnail","hentry","entry"],"acf":[],"jetpack_sharing_enabled":true,"jetpack_shortlink":"https:\/\/wp.me\/PaLbeA-to","_links":{"self":[{"href":"https:\/\/dea.unsj.edu.ar\/principal\/wp-json\/wp\/v2\/pages\/1822","targetHints":{"allow":["GET"]}}],"collection":[{"href":"https:\/\/dea.unsj.edu.ar\/principal\/wp-json\/wp\/v2\/pages"}],"about":[{"href":"https:\/\/dea.unsj.edu.ar\/principal\/wp-json\/wp\/v2\/types\/page"}],"author":[{"embeddable":true,"href":"https:\/\/dea.unsj.edu.ar\/principal\/wp-json\/wp\/v2\/users\/1"}],"replies":[{"embeddable":true,"href":"https:\/\/dea.unsj.edu.ar\/principal\/wp-json\/wp\/v2\/comments?post=1822"}],"version-history":[{"count":0,"href":"https:\/\/dea.unsj.edu.ar\/principal\/wp-json\/wp\/v2\/pages\/1822\/revisions"}],"up":[{"embeddable":true,"href":"https:\/\/dea.unsj.edu.ar\/principal\/wp-json\/wp\/v2\/pages\/1547"}],"wp:featuredmedia":[{"embeddable":true,"href":"https:\/\/dea.unsj.edu.ar\/principal\/wp-json\/wp\/v2\/media\/1823"}],"wp:attachment":[{"href":"https:\/\/dea.unsj.edu.ar\/principal\/wp-json\/wp\/v2\/media?parent=1822"}],"curies":[{"name":"wp","href":"https:\/\/api.w.org\/{rel}","templated":true}]}}