{"id":1577,"date":"2019-06-12T19:36:04","date_gmt":"2019-06-12T22:36:04","guid":{"rendered":"http:\/\/dea.unsj.edu.ar\/principal\/?page_id=1577"},"modified":"2019-06-12T19:36:04","modified_gmt":"2019-06-12T22:36:04","slug":"libro-filtros-analogicos-clasicos-basados-en-capacitor-conmutado-y-con-fpaa","status":"publish","type":"page","link":"https:\/\/dea.unsj.edu.ar\/principal\/oferta-academica\/biblioteca-libre-del-dea\/libro-filtros-analogicos-clasicos-basados-en-capacitor-conmutado-y-con-fpaa\/","title":{"rendered":"Libro: Filtros Anal\u00f3gicos: cl\u00e1sicos, basados en Capacitor Conmutado  y con FPAA"},"content":{"rendered":"\n<div class=\"wp-block-file\"><a href=\"http:\/\/dea.unsj.edu.ar\/principal\/wp-content\/uploads\/2019\/06\/Filtros-Analogicos-Veca-Lage-Noguera-2014-1.pdf\">Filtros-Analogicos-Veca-Lage-Noguera-2014-1<\/a><a href=\"http:\/\/dea.unsj.edu.ar\/principal\/wp-content\/uploads\/2019\/06\/Filtros-Analogicos-Veca-Lage-Noguera-2014-1.pdf\" class=\"wp-block-file__button\" download>Descarga<\/a><\/div>\n\n\n\n<p>T\u00edtulo:\u00a0 Filtros Anal\u00f3gicos: cl\u00e1sicos, basados en Capacitor Conmutado  y con FPAA. <\/p>\n\n\n\n<p>A\u00f1o: 2014<\/p>\n\n\n\n<p>Autor\/es: Angel C. Veca, Andr\u00e9s Lage, Mario Ruiz Noguera.<\/p>\n\n\n\n<p>ISBN:  978-987-33-6154-8<\/p>\n\n\n\n<p>Contenido:<\/p>\n\n\n<p>INDICE<\/p>\n<p>Pr\u00f3logo VII<\/p>\n<p><strong>Cap\u00edtulo <\/strong><strong>I Introducci\u00f3n al Estudio de Se\u00f1ales y Sistemas Anal\u00f3gicos <\/strong><\/p>\n<p>1.1. Introducci\u00f3n 1<\/p>\n<p>1.2. Clasificaci\u00f3n de las se\u00f1ales 2<\/p>\n<p>1.2.1. Introducci\u00f3n 2<\/p>\n<p>1.2.2. Clasificaci\u00f3n de se\u00f1ales basada en la duraci\u00f3n 3<\/p>\n<p>1.3. Operaciones con se\u00f1ales 5<\/p>\n<p>1.4. Clasificaci\u00f3n basada en simetr\u00eda 6<\/p>\n<p>1.5. Energ\u00eda y Potencia 8<\/p>\n<p>1.6. Se\u00f1ales peri\u00f3dicas 10<\/p>\n<p>1.7. Combinaci\u00f3n de se\u00f1ales peri\u00f3dicas 10<\/p>\n<p>1.8. Se\u00f1ales cuasi peri\u00f3dicas 11<\/p>\n<p>1.9. Se\u00f1ales b\u00e1sicas de tiempo continuo 11<\/p>\n<p>1.9.1. Se\u00f1al de tiempo continuo Exponencial Compleja 11<\/p>\n<p>1.9.2. Se\u00f1al de tiempo continuo Senoidal 13<\/p>\n<p>1.9.3. Se\u00f1al de tiempo continuo Escal\u00f3n Unitario 16<\/p>\n<p>1.9.4. Se\u00f1al de tiempo continuo Impulso 16<\/p>\n<p>1.10. Aplicaci\u00f3n del estudio de funciones a la caracterizaci\u00f3n de se\u00f1ales 18<\/p>\n<p>1.11. Sistemas anal\u00f3gicos 18<\/p>\n<p>1.11.1. Clasificaci\u00f3n de los sistemas anal\u00f3gicos 18<\/p>\n<p>1.12. Combinaci\u00f3n de se\u00f1ales peri\u00f3dicas 19<\/p>\n<p>1.13. An\u00e1lisis completo de una se\u00f1al anal\u00f3gica 21<\/p>\n<p>1.13.1. An\u00e1lisis de una se\u00f1al modulada en amplitud 21<\/p>\n<p>1.13.2. An\u00e1lisis de la se\u00f1al 23<\/p>\n<p>1.13.2.1. Extracci\u00f3n de los par\u00e1metros fundamentales 24<\/p>\n<p>1.14. Conclusiones 26<\/p>\n<p>1.15. Problemas propuestos 26<\/p>\n<p>1.16. Referencias 28<\/p>\n<p><strong>Cap\u00edtulo II <\/strong><strong>Introducci\u00f3n a los Amplificadores Operacionales <\/strong><\/p>\n<p>2.1. Introducci\u00f3n 29<\/p>\n<p>2.2 Clasificaci\u00f3n de los amplificadores 29<\/p>\n<p>2.2.1. Introducci\u00f3n 29<\/p>\n<p>2.2.2. Amplificador de Tensi\u00f3n 29<\/p>\n<p>2.2.3. Amplificador de Corriente 30<\/p>\n<p>2.2.4. Amplificador de Transconductancia 31<br \/>2.2.5. Amplificador de Transresistencia 32<br \/>2.3. El amplificador operacional 33<br \/>2.3.1. Configuraciones b\u00e1sicas de un amplificador operacional 34<\/p>\n<p>2.3.1.2. Configuraci\u00f3n no inversor 37<\/p>\n<p>Ejemplo 2.2 39<\/p>\n<p>2.3.1.3. Configuraci\u00f3n Amplificador seguidor 40<br \/>Ejemplo 2.3 41<\/p>\n<p>2.4. Conclusiones 41<\/p>\n<p>2.5. Problemas propuestos 42<\/p>\n<p>2.6. Referencias 42<\/p>\n<p><strong>Cap\u00edtulo III <\/strong><strong>Desajustes y Limitaciones de los Amplificadores Operacionales <\/strong><\/p>\n<p>3.1. Introducci\u00f3n 45<\/p>\n<p>3.2. Desajustes de DC 45<\/p>\n<p>3.3. Limitaciones en AC47<\/p>\n<p>3.3.1. Limitaci\u00f3n de la Velocidad de Respuesta (Slew-rate) 47<\/p>\n<p>Ejemplo 3.1 48<\/p>\n<p>3.3.2. Respuesta en frecuencia del AO49<\/p>\n<p>Ejemplo 3.2 51<\/p>\n<p>3.3.3. Producto de Ganancia por Ancho de Banda 51<\/p>\n<p>Ejemplo 3.3 52<\/p>\n<p>3.4. Conclusiones 53<\/p>\n<p>3.5. Problemas propuestos 53<\/p>\n<p>3.6. Referencias 54<\/p>\n<p><strong>Cap\u00edtulo IV <\/strong><strong>Filtros Activos de 1<sup>er <\/sup>y 2<sup>do <\/sup>Orden <\/strong><strong>Primera parte: <\/strong><strong>Filtros Activos de 1<sup>er <\/sup>Orden <\/strong><\/p>\n<p>4.1. Introducci\u00f3n 55<\/p>\n<p>4.2. Filtros Activos de una Etapa de Primer orden 57<\/p>\n<p>4.2.1. Filtro Pasa bajos 57<\/p>\n<p>4.2.1.1. Configuraci\u00f3n inversora 58<\/p>\n<p>4.2.1.2. Configuraci\u00f3n no inversora 59<\/p>\n<p>Ejemplo 4.1 59<\/p>\n<p>4.2.2. Filtro Pasa altos 60<\/p>\n<p>4.2.2.1. Configuraci\u00f3n inversora 60<\/p>\n<p>4.2.2.2. Configuraci\u00f3n no inversora 61<\/p>\n<p>Ejemplo 4.2 61<\/p>\n<p>4.2.3. Diferencia entre integradores, diferenciadores con filtros pasa altos y pasa bajos, respectivamente 62<\/p>\n<p>Ejemplo 4.3 63<\/p>\n<p>Ejemplo 4.4 63<\/p>\n<p>Ejemplo 4.5 64<\/p>\n<p>4.2.4. Filtros Pasa banda y suprime banda 65<\/p>\n<p>4.2.4.1. Filtros Pasa banda 65<\/p>\n<p>Ejemplo 4.6 66<\/p>\n<p>4.3.5. Filtro Suprime banda 67<\/p>\n<p>Ejemplo 4.7 68<\/p>\n<p>Segunda parte: Filtros Activos de 2<sup>do <\/sup>orden<\/p>\n<p>4.4 Introducci\u00f3n 71<\/p>\n<p>4.4.1 Funci\u00f3n de transferencia de un filtro y respuestas est\u00e1ndar de segundo orden 71<\/p>\n<p>a-Respuesta Pasa bajos 73<\/p>\n<p>b-Respuesta Pasa alto 74<\/p>\n<p>c-Respuesta Pasa banda 75<\/p>\n<p>d-Respuesta Suprime banda 77<\/p>\n<p>4.4.2 Implementaci\u00f3n de Filtros activos de 2<sup>do <\/sup>orden 78<\/p>\n<p>4.4.2.1. Topolog\u00eda Sallen-Key 78<\/p>\n<p>a-Pasa bajos 78<\/p>\n<p>Ejemplo 4.8 81<\/p>\n<p>b-Pasa Alto 83<\/p>\n<p>Ejemplo 4.9 84<\/p>\n<p>c-Pasa Banda 85<\/p>\n<p>Ejemplo 4.10 85<\/p>\n<p>d-Suprime Banda 86<\/p>\n<p>Ejemplo 4.11 86<\/p>\n<p>4.4.2.2. Filtros de Realimentaci\u00f3n M\u00faltiple 87<\/p>\n<p>a-Pasa banda 87<\/p>\n<p>Procedimiento de dise\u00f1o 89<\/p>\n<p>Ejemplo 4.12 89<\/p>\n<p>b-Pasa bajos 89<\/p>\n<p>Procedimiento de dise\u00f1o 90<\/p>\n<p>Ejemplo 4.13 90<\/p>\n<p>c-Pasa altos 91<\/p>\n<p>Procedimiento de dise\u00f1o 92<\/p>\n<p>Ejemplo 4.14 92<\/p>\n<p>d-Suprime banda 93<\/p>\n<p>Procedimiento de dise\u00f1o 93<\/p>\n<p>Ejemplo 4.15 93<\/p>\n<p>4.4.3. Alternativa de Filtro pasa banda 94<\/p>\n<p>Ejemplo 4.16 95<\/p>\n<p>4.5. Filtros multi funci\u00f3n 95<\/p>\n<p>4.5.1. Filtros de variable de estado 96<\/p>\n<p>Ejemplo 4.17 97<\/p>\n<p>4.5.1.1. Filtros de variable de estado no inversores 98<\/p>\n<p>4.5.1.2. Filtros Bicuadrados 99<\/p>\n<p>Ejemplo 4.18 100<\/p>\n<p>4.5.1.3. Filtros Bicuadrados suprime banda 101<\/p>\n<p>Ejemplo 4.19 103<\/p>\n<p>4.6. Conclusiones104<\/p>\n<p>4.7. Problemas propuestos105<\/p>\n<p>4.8 Referencias106<\/p>\n<p><strong>Cap\u00edtulo V <\/strong><strong>Filtros Activos Basados en Funciones de Aproximaci\u00f3n <\/strong><\/p>\n<p>5.1 Introducci\u00f3n 107<\/p>\n<p>5.2. Plantillas de filtrado 107<\/p>\n<p>5.3. Filtros pasa bajos de Butterworth 108<\/p>\n<p>5.3.1.1. Visualizaci\u00f3n de los polos en funci\u00f3n de n 111 Ejemplo 5.1 114 Ejemplo 5.2 117<\/p>\n<p>5.4. Filtros pasa bajos de Chebyshev 118<\/p>\n<p>Ejemplo 5.3122<\/p>\n<p>5.4.1. Filtros pasa bajos de Chebyshev Tipo II 123<\/p>\n<p>5.5. Filtros pasa bajos de Bessel 125<\/p>\n<p>5.7. Filtros El\u00edpticos o de Cauer 125<\/p>\n<p>5.8. Comparaci\u00f3n de las respuestas Butterworth, Chebyshev y Bessel<\/p>\n<p>127 Ejemplo 5.4 127<\/p>\n<p>5.8.1. Dise\u00f1o para una aproximaci\u00f3n de Butterworth 127<\/p>\n<p>5.8.2. Dise\u00f1o para una aproximaci\u00f3n de Chebyshev \u03b1=0.5<\/p>\n<p>128<\/p>\n<p>5.8.4. Dise\u00f1o para una aproximaci\u00f3n de Bessel 129<\/p>\n<p>5.9. S\u00edntesis de pasa altos, pasa banda y suprime banda en cascada 131<\/p>\n<p>5.9.1. Filtro pasa bajo en cascada131<\/p>\n<p>5.9.2. Filtro pasa alto en cascada132 Ejemplo 5.5 134<\/p>\n<p>5.9.3. Filtro pasa banda en cascada136 Ejemplo 5.6 137<\/p>\n<p>5.9.4. Filtro suprime banda en cascada139 Ejemplo 5.7 140<\/p>\n<p>5.10. S\u00edntesis con Filtros Universales142<\/p>\n<p>5.11. Conclusiones143<\/p>\n<p>5.12. Problemas propuestos143<\/p>\n<p>5.13. Referencias144<\/p>\n<p><strong>Cap\u00edtulo VI <\/strong><strong>Introducci\u00f3n a la Teor\u00eda de la T\u00e9cnica del Capacitor Conmutado <\/strong><\/p>\n<p>1.6.1. Introducci\u00f3n145<\/p>\n<p>6.2. Generalidades145<\/p>\n<p>6.3. Integradores CS147<\/p>\n<p>6.3.1. Limitaciones Pr\u00e1cticas de los Filtros CS149<\/p>\n<p>6.4. Filtros a Capacitor Conmutado152<\/p>\n<p>6.4.1. Filtros Bicuadrados152 Ejemplo 6.1 154<\/p>\n<p>6.5. Topolog\u00edas b\u00e1sicas de filtros a Capacitor conmutado154<\/p>\n<p>6.5. Realizaci\u00f3n de Filtros de capacitor conmutado156<\/p>\n<p>6.5.1. Topolog\u00eda paralelo156<\/p>\n<p>6.5.2. Topolog\u00eda Serie158<\/p>\n<p>6.5.3. Topolog\u00eda Paralelo Serie158<\/p>\n<p>6.5.4. Topolog\u00eda Bilinear160<\/p>\n<p>6.5.5. Topolog\u00eda Transferencia Negativa160<\/p>\n<p>6.5.6. Topolog\u00eda Transresistencia Positiva161<\/p>\n<p>6.6. Filtros de capacitor conmutado a base de circuitos integrados 162<\/p>\n<p>6.6.1. Modos de Operaci\u00f3n<\/p>\n<p>164 6.6.1.1-Programaci\u00f3n Modo 1<\/p>\n<p>165 Ejemplo 6.2 166 6.6.1.2-Conexi\u00f3n en cascada<\/p>\n<p>167 Ejemplo 6.3 167<\/p>\n<p>6.6. Conclusiones 170<\/p>\n<p>6.7. Problemas propuestos 171<\/p>\n<p><em>6.8. Referencias <\/em>172<\/p>\n<p><strong>Cap\u00edtulo VII <\/strong><strong>Arreglos Anal\u00f3gicos Configurados por Campo <\/strong><\/p>\n<p>7.1. Introducci\u00f3n 173<\/p>\n<p>7.2. Arquitecturas anal\u00f3gicas programables (FPAA) 174<\/p>\n<p>7.2.1. Terminolog\u00eda 174<\/p>\n<p>7.2.2. Evoluci\u00f3n de los FPAA 175<\/p>\n<p>7.2.3. FPAA Comerciales 175<\/p>\n<p>7.3. An\u00e1lisis general de FPAA Lattice y Anadigm 176<\/p>\n<p>7.3.1. FPAA Lattice 176<\/p>\n<p>7.3.2. FPAD Zetex 177<\/p>\n<p>7.3.3. FPAA Anadigm 178<\/p>\n<p>7.4. Metodolog\u00eda de dise\u00f1o usando FPAA Lattice 181<\/p>\n<p>7.5. An\u00e1lisis espec\u00edfico de FPAA Lattice y Anadigm 181<\/p>\n<p>7.5.1. FPAA Lattice 181<\/p>\n<p>7.5.1.1. ispPAC-10 181<\/p>\n<p>7.5.1.2. ispPAC-20 182<\/p>\n<p>7.5.1.3 ispPAC-30 182<\/p>\n<p>7.5.1.4. Interfaz de usuario 183<\/p>\n<p>7.5.2. FPAA Anadigm 184<\/p>\n<p>7.5.2.1. AN221E02 184<\/p>\n<p>7.5.2.2. Reconfiguraci\u00f3n est\u00e1tica y din\u00e1mica 184<\/p>\n<p>7.5.2.4. AN120E04 185<\/p>\n<p>7.5.2.5. AN220E04 186<\/p>\n<p>7.5.2.6. AN221E04 y AN121E04 186<\/p>\n<p>7.5.3. Detalles de la arquitectura anal\u00f3gica 188<\/p>\n<p>7.5.3.1. Celda de Entrada\/Salida configurable 188<\/p>\n<p>7.5.3.2. Entrada\/Salida anal\u00f3gica multiplexada 189<\/p>\n<p>7.6.3. Celda de Salida 189<\/p>\n<p>7.5.3.4. Bloque Anal\u00f3gico Configurable 190<\/p>\n<p>7.5.3.5. Tabla de Verdad 191<\/p>\n<p>7.6.6. Operaci\u00f3n del SAR-ADC 192<\/p>\n<p>7.6.7. Tensi\u00f3n de Referencia y Generador IBIAS 192<\/p>\n<p>7.6.8. Sistema de relojes 193<\/p>\n<p>7.7. Interfaz de usuario 194<\/p>\n<p>7.7.1. Barra de herramienta y teclas asociadas 194<\/p>\n<p>7.7.2. Simulador funcional 194<\/p>\n<p>7.7.3. Informaci\u00f3n de Interfaz AnadigmDesigner2 195<\/p>\n<p>7.7.4. Herramienta para el dise\u00f1o de Filtros 197<\/p>\n<p>7.7.4. Ejemplo del uso de la herramienta AnadigmFilter 198<\/p>\n<p>7.7.5. Resumen de la Familia Anadigm202<\/p>\n<p>7.8. Ejemplo de Aplicaci\u00f3n202<\/p>\n<p>7.9. Generaci\u00f3n de una aplicaci\u00f3n desde AnadigmDesigner2206<\/p>\n<p>7.9. Reconfiguraci\u00f3n Din\u00e1mica208<\/p>\n<p>7.9.1. Construyendo el software para control din\u00e1mico209<\/p>\n<p>7.10. Conclusiones211<\/p>\n<p>7.11. Problemas propuestos B1. Tabla B1. Transformaciones desde un Prototipo Pasa bajo IV Tabla B2. Transformaciones a un Prototipo Pasa bajo IV<\/p>\n<p>Anexos<\/p>\n<p>Anexo A: Tablas normalizadas<\/p>\n<p>A1.1. Tabla. 5.1. Polos normalizados de Butterworth I<\/p>\n<p>A1.2. Polos de Chebyshev \u00a0\u00a0\u00a0\u00a0\u00a0\u00a0\u00a0\u00a0\u00a0 I<\/p>\n<p>A1.2.1. Tabla 5.2 Polos normalizados Chebyshev para \u03b1 = -3dB(\u03b5 = 1) \u00a0\u00a0\u00a0\u00a0\u00a0\u00a0\u00a0\u00a0\u00a0 I<\/p>\n<p>A1.2.2. Tabla 5.3 Polos normalizados Chebyshev para \u03b1 = -0,5dB(\u03b5 = 0,349) \u00a0\u00a0\u00a0\u00a0\u00a0\u00a0\u00a0\u00a0\u00a0 II<\/p>\n<p>A1.2.3. Tabla 5.4 Polos normalizados Chebyshev para \u03b1 = -1dB(\u03b5 = 0,508) \u00a0\u00a0\u00a0\u00a0\u00a0\u00a0\u00a0\u00a0\u00a0 II<\/p>\n<p>A1.3. Polos de Bessel. Tabla 5.5 Polos normalizados Bessel \u00a0\u00a0\u00a0\u00a0\u00a0\u00a0\u00a0\u00a0 III<\/p>\n<p>A1.4. Polos de Cauer \u00a0\u00a0\u00a0\u00a0\u00a0\u00a0 III<\/p>\n<p>\u00a0<\/p>\n<p>Anexo B: Resumen de transformaciones desde y hacia el prototipo<\/p>\n<p>Anexo C: Listado de funciones punto m para la s\u00edntesis de filtros gen\u00e9ricos, de Butterworth, Chebyshev y Cauer<\/p>\n<p>buttord, cheb1ord, cheb2ord, ellipord V butter, cheby1, cheby2, ellip V freqs y plot V Ejemplo V Tabla C1. Utilizaci\u00f3n de la funci\u00f3n para calcular el N de los filtros VII<\/p>","protected":false},"excerpt":{"rendered":"<div class=\"entry-summary\">\nT\u00edtulo:\u00a0 Filtros Anal\u00f3gicos: cl\u00e1sicos, basados en Capacitor Conmutado y con FPAA. A\u00f1o: 2014 Autor\/es: Angel C. Veca, Andr\u00e9s Lage, Mario&hellip;\n<\/div>\n<div class=\"link-more\"><a href=\"https:\/\/dea.unsj.edu.ar\/principal\/oferta-academica\/biblioteca-libre-del-dea\/libro-filtros-analogicos-clasicos-basados-en-capacitor-conmutado-y-con-fpaa\/\" class=\"more-link\">Continue reading<span class=\"screen-reader-text\"> &ldquo;Libro: Filtros Anal\u00f3gicos: cl\u00e1sicos, basados en Capacitor Conmutado  y con FPAA&rdquo;<\/span>&hellip;<\/a><\/div>\n","protected":false},"author":1,"featured_media":1579,"parent":1547,"menu_order":0,"comment_status":"closed","ping_status":"closed","template":"","meta":{"_acf_changed":false,"footnotes":""},"class_list":["post-1577","page","type-page","status-publish","has-post-thumbnail","hentry","entry"],"acf":[],"jetpack_sharing_enabled":true,"jetpack_shortlink":"https:\/\/wp.me\/PaLbeA-pr","_links":{"self":[{"href":"https:\/\/dea.unsj.edu.ar\/principal\/wp-json\/wp\/v2\/pages\/1577","targetHints":{"allow":["GET"]}}],"collection":[{"href":"https:\/\/dea.unsj.edu.ar\/principal\/wp-json\/wp\/v2\/pages"}],"about":[{"href":"https:\/\/dea.unsj.edu.ar\/principal\/wp-json\/wp\/v2\/types\/page"}],"author":[{"embeddable":true,"href":"https:\/\/dea.unsj.edu.ar\/principal\/wp-json\/wp\/v2\/users\/1"}],"replies":[{"embeddable":true,"href":"https:\/\/dea.unsj.edu.ar\/principal\/wp-json\/wp\/v2\/comments?post=1577"}],"version-history":[{"count":0,"href":"https:\/\/dea.unsj.edu.ar\/principal\/wp-json\/wp\/v2\/pages\/1577\/revisions"}],"up":[{"embeddable":true,"href":"https:\/\/dea.unsj.edu.ar\/principal\/wp-json\/wp\/v2\/pages\/1547"}],"wp:featuredmedia":[{"embeddable":true,"href":"https:\/\/dea.unsj.edu.ar\/principal\/wp-json\/wp\/v2\/media\/1579"}],"wp:attachment":[{"href":"https:\/\/dea.unsj.edu.ar\/principal\/wp-json\/wp\/v2\/media?parent=1577"}],"curies":[{"name":"wp","href":"https:\/\/api.w.org\/{rel}","templated":true}]}}