{"id":1562,"date":"2019-06-12T09:59:43","date_gmt":"2019-06-12T12:59:43","guid":{"rendered":"http:\/\/dea.unsj.edu.ar\/principal\/?page_id=1562"},"modified":"2019-06-12T09:59:43","modified_gmt":"2019-06-12T12:59:43","slug":"libro-clases-de-aplicaciones-industriales-del-ultrasonido-y-ultrasonido-para-uso-medico","status":"publish","type":"page","link":"https:\/\/dea.unsj.edu.ar\/principal\/oferta-academica\/biblioteca-libre-del-dea\/libro-clases-de-aplicaciones-industriales-del-ultrasonido-y-ultrasonido-para-uso-medico\/","title":{"rendered":"Libro: Clases de Aplicaciones Industriales del Ultrasonido y Ultrasonido para Uso M\u00e9dico."},"content":{"rendered":"\n<div class=\"wp-block-file\"><a href=\"http:\/\/dea.unsj.edu.ar\/principal\/wp-content\/uploads\/2019\/06\/Clases-de-Aplicaciones-Industriales-del-Ultrasonido-y-Ultrasonido-para-Uso-Medico-Veca-2018.pdf\">Clases-de-Aplicaciones-Industriales-del-Ultrasonido-y-Ultrasonido-para-Uso-Medico-Veca-2018<\/a><a href=\"http:\/\/dea.unsj.edu.ar\/principal\/wp-content\/uploads\/2019\/06\/Clases-de-Aplicaciones-Industriales-del-Ultrasonido-y-Ultrasonido-para-Uso-Medico-Veca-2018.pdf\" class=\"wp-block-file__button\" download>Descarga<\/a><\/div>\n\n\n\n<p>T\u00edtulo:\u00a0 Clases de Aplicaciones Industriales del Ultrasonido y Ultrasonido para Uso M\u00e9dico. <\/p>\n\n\n\n<p>A\u00f1o: 2018<\/p>\n\n\n\n<p>Autor\/es: \u00c1ngel C. Veca.<\/p>\n\n\n\n<p>ISBN:  978-987-42-7400-7 <\/p>\n\n\n\n<p>Contenido:<\/p>\n\n\n<p>Pr\u00f3logo del Editor<\/p>\n<p><strong>Tema I<\/strong><\/p>\n<p><strong>Introducci\u00f3n <\/strong>1<\/p>\n<p>\u00bfQu\u00e9 se entiende por Ultrasonido? 2<\/p>\n<p>Breve Introducci\u00f3n Hist\u00f3rica 6<\/p>\n<p>El ultrasonido en la naturaleza 13<\/p>\n<p>S\u00edntesis de las Bases de la Materia 14<\/p>\n<p>Concepto de Pulso-eco 14<\/p>\n<p>Propiedades del Medio 16<\/p>\n<p>Concepto de Impedancia Ac\u00fastica 16<\/p>\n<p>Coeficientes de Reflexi\u00f3n y Transmisi\u00f3n 18<\/p>\n<p>Atenuaci\u00f3n de la Energ\u00eda Ac\u00fastica 20<\/p>\n<p>Que es lo que el murci\u00e9lago no puede hacer 22<\/p>\n<p>Naturaleza de las Ondas Ultras\u00f3nicas 23<\/p>\n<p>Formas de Ondas Ultras\u00f3nicas 23<\/p>\n<p>Tipos de Ondas Ultras\u00f3nicas 24<\/p>\n<p>Reflexi\u00f3n y Transmisi\u00f3n de Ondas Ultras\u00f3nicas 25<\/p>\n<p>Ley de Snell 28<\/p>\n<p>Concepto de Efecto Doppler 31<\/p>\n<p>Referencias 34<\/p>\n<p><strong>Tema II<\/strong><\/p>\n<p><strong>T\u00e9cnicas de Emisi\u00f3n y Recepci\u00f3n <\/strong>35<\/p>\n<p>T\u00e9cnicas de Ultrasonido continuo 36<\/p>\n<p>T\u00e9cnicas de Ultrasonido Pulsado 37<\/p>\n<p>Propiedades del Medio 38<\/p>\n<p>T\u00e9cnica Pulso-eco 39<\/p>\n<p>G\u00e9nesis de la Zona Ciega del Eco de Interfaz 40<\/p>\n<p>Pulso-eco y Detecci\u00f3n por Umbral 42<\/p>\n<p>Sistemas de Representaci\u00f3n 47<\/p>\n<p>Interpretaci\u00f3n de Registros t\u00edpicos 48<\/p>\n<p>Esquema de un Sistema Anal\u00f3gico para A-scan 52<\/p>\n<p>Ejemplo de Registros con Sistemas para A-scan 53<\/p>\n<p>Sistema SENDAS 54<\/p>\n<p>M\u00f3dulos del Sistema SENDAS 55<\/p>\n<p>Interfaz a Usuario del Sistema SENDAS 57<\/p>\n<p>Sistema para END ULTRASCOPE 58<\/p>\n<p>Principales Funciones del Sistema ULTRASCOPE 59<\/p>\n<p>Diagrama en Bloques de un Sistema para Ecogr\u00e1fica M\u00e9dica 60<\/p>\n<p>Relaci\u00f3n entre A-scan y B-scan 61<\/p>\n<p>Correspondencia entre A-scan y B-scan (Modo A y Modo B) 62<\/p>\n<p>Vista s\u00f3lo de B-scan 63<\/p>\n<p>Diferencias entre Modo A, B y M 64<\/p>\n<p>Correspondencia entre A-scan y B-scan y Modo M 65<\/p>\n<p>B-scan: Probetas con taladros de fondo plano y horizontales 66<\/p>\n<p>Im\u00e1genes de Probetas con taladros de fondo plano y horizontales 67<\/p>\n<p>Imagen B y C-scan: Tapa de conservas alimenticias 68<\/p>\n<p>Control Atenuaci\u00f3n Distancia (CAD) 69<\/p>\n<p>Otros M\u00e9todos Usados en END 72<\/p>\n<p>Referencias 76<\/p>\n<p><strong>Tema III<\/strong><\/p>\n<p><strong>Transductores de Ultrasonidos, lentes Ac\u00fasticas y Arrays <\/strong>78<\/p>\n<p><strong>Primera parte<\/strong><\/p>\n<p>Transductores de Ultrasonidos y lentes Ac\u00fasticas 78<\/p>\n<p>Definici\u00f3n de transductor 79<\/p>\n<p>Modelo y Respuesta Mec\u00e1nica de un Transductor para Ultrasonido 80<\/p>\n<p>Tipos de Transductores y sus Caracter\u00edsticas Relevantes 81<\/p>\n<p>Transductores ac\u00fasticos electromagn\u00e9ticos 82<\/p>\n<p>Transductores Piezoel\u00e9ctricos 82<\/p>\n<p>Modelo El\u00e9ctrico de un Transductor Piezoel\u00e9ctrico 83<\/p>\n<p>El Campo de un Oscilador Ultras\u00f3nico 84<\/p>\n<p>Campo Cercano, Lejano y Apertura del Haz 85<\/p>\n<p>C\u00f3digo de Simulaci\u00f3n 86<\/p>\n<p>Radiaci\u00f3n de un Transductor tipo Pist\u00f3n 87<\/p>\n<p>C\u00f3digo de Simulaci\u00f3n 88<\/p>\n<p>Excitaci\u00f3n Pulsada y Resoluci\u00f3n Axial 89<\/p>\n<p>Resoluci\u00f3n Axial y Lateral 92<\/p>\n<p>Lentes Ac\u00fasticas 95<\/p>\n<p>Ejemplo 96<\/p>\n<p>Modificaci\u00f3n l\u00f3bulo de Directividad 97<\/p>\n<p>Ejemplo de aplicaci\u00f3n: Asistencia en la Movilidad 98<\/p>\n<p>Caracter\u00edsticas constructivas y variantes de Transductores 100<\/p>\n<p>Caracter\u00edsticas El\u00e9ctricas, Ac\u00fasticas y Frecuenciales 102<\/p>\n<p>Referencias 104<\/p>\n<p><strong>Segunda Parte<\/strong><\/p>\n<p><strong>Arrays Ultras\u00f3nicos y Focalizaci\u00f3n Electr\u00f3nica <\/strong>106<\/p>\n<p>Un poco de Historia 107<\/p>\n<p>Concepto de Array 108<\/p>\n<p>Arrays lineales de N fuentes equiespaciadas 109<\/p>\n<p>Par\u00e1metros Clave para la Calidad de la Imagen 110<\/p>\n<p>Concepto de Focalizaci\u00f3n Electr\u00f3nica 111<\/p>\n<p>Focalizaci\u00f3n en Emisi\u00f3n 112<\/p>\n<p>Focalizaci\u00f3n en Recepci\u00f3n 113<\/p>\n<p>Focalizaci\u00f3n sobre el eje Principal 114<\/p>\n<p>Focalizaci\u00f3n y deflexi\u00f3n del haz 115<\/p>\n<p>\u00bfQu\u00e9 Significa Focalizaci\u00f3n Din\u00e1mica? 117<\/p>\n<p>Focalizaci\u00f3n Din\u00e1mica en Emisi\u00f3n y Recepci\u00f3n 118<\/p>\n<p>T\u00e9cnicas Confocales: Principio de Funcionamiento 119<\/p>\n<p>Resumen de Focalizaci\u00f3n 120<\/p>\n<p>Sistemas electr\u00f3nicos de imagen Ultras\u00f3nica 121<\/p>\n<p>T\u00e9cnicas electr\u00f3nicas de focalizaci\u00f3n din\u00e1mica en recepci\u00f3n 130<\/p>\n<p>T\u00e9cnicas Anal\u00f3gicas 131<\/p>\n<p>T\u00e9cnicas Mixtas 132<\/p>\n<p>T\u00e9cnicas de Apertura Sint\u00e9ticas 133<\/p>\n<p>Focalizaci\u00f3n B\u00e1sica por Software 134<\/p>\n<p>Fundamentos de la Focalizaci\u00f3n Digital en Tiempo Real 135<\/p>\n<p>Focalizaci\u00f3n con Interpolaci\u00f3n 136<\/p>\n<p>Repaso de las Bases Te\u00f3ricas para la Interpolaci\u00f3n 136<\/p>\n<p>T\u00e9cnicas de Muestro selectivo 138<\/p>\n<p>Focalizaci\u00f3n Encadenada 139<\/p>\n<p>Apertura TMS para Focalizaci\u00f3n 141<\/p>\n<p>Focalizaci\u00f3n TMS en AMPLIA 142<\/p>\n<p>Introducci\u00f3n a la Simulaci\u00f3n de Arrays 143<\/p>\n<p>Referencias 148<\/p>\n<p><strong>Tema IV<\/strong><\/p>\n<p><strong>Simulaci\u00f3n de la Se\u00f1al de Eco <\/strong>150<\/p>\n<p>Modelaci\u00f3n de trazas 151<\/p>\n<p>Modelaci\u00f3n y Simulaci\u00f3n de Trazas A-scan usando Matlab 151<\/p>\n<p>Generaci\u00f3n de una Traza Simple usando Matlab 154<\/p>\n<p>Generaci\u00f3n de una Traza de 3 ecos en Matlab 162<\/p>\n<p>Detecci\u00f3n de M\u00faltiples M\u00e1ximos con Matlab 167<\/p>\n<p>Referencias 172<\/p>\n<p><strong>Tema V<\/strong><\/p>\n<p><strong>Estimaci\u00f3n de la Excitaci\u00f3n y de la Ganancia para una Aplicaci\u00f3n<\/strong><\/p>\n<p><strong>Espec\u00edfica <\/strong>173<\/p>\n<p>Concepto de partida: El Canal 174<\/p>\n<p>P\u00e9rdidas en el canal 175<\/p>\n<p>Definiciones y Unidades para Ultrasonido en el Aire 177<\/p>\n<p>Temperatura 179<\/p>\n<p>Ejemplo de C\u00e1mara Anecoica 180<\/p>\n<p>Determinaci\u00f3n de las caracter\u00edsticas del Canal 181<\/p>\n<p>Informaci\u00f3n dada por el Fabricante de los Transductores 182<\/p>\n<p>Ejemplo 184<\/p>\n<p>Aplicaci\u00f3n en END y Medicina 186<\/p>\n<p>Ejemplos de Aplicaci\u00f3n 193<\/p>\n<p>Referencias 194<\/p>\n<p><strong>Tema VI<\/strong><\/p>\n<p><strong>Efecto Doppler en Medicina <\/strong>195<\/p>\n<p>Concepto de Efecto Doppler 196<\/p>\n<p>Ayudas al Diagn\u00f3stico 199<\/p>\n<p>Revisi\u00f3n de Modulaci\u00f3n y Demodulaci\u00f3n de AM 200<\/p>\n<p>Concepto de Doppler Direccional y No Direccional 201<\/p>\n<p>Visualizaci\u00f3n Direccional 202<\/p>\n<p>Doppler Continuo (CW) 203<\/p>\n<p>Demodulaci\u00f3n Coherente (No Direccional) 204<\/p>\n<p>Demodulaci\u00f3n Heterodina (Direccional) 205<\/p>\n<p>Demodulaci\u00f3n en Cuadratura 206<\/p>\n<p>Extracci\u00f3n de las componentes del Flujo 207<\/p>\n<p>Proceso de Visualizaci\u00f3n 211<\/p>\n<p>Concepto de Doppler Pulsado ( PW) 212<\/p>\n<p>Operaci\u00f3n del PW 213<\/p>\n<p>PW No direccional: Esquema en Bloques y Operaci\u00f3n 214<\/p>\n<p>Ejemplo PW No direccional 216<\/p>\n<p>PW No direccional: Estimaci\u00f3n de la velocidad y el \u00e1ngulo<\/p>\n<p>de incidencia 217<\/p>\n<p>PW direccional: Esquema en Bloques y Operaci\u00f3n 218<\/p>\n<p>Limitaciones del PW Direccional 219<\/p>\n<p>Resumen de Diferencias entre CW y PW 222<\/p>\n<p>Algunos Ejemplos 223<\/p>\n<p>Ayudas al Diagn\u00f3stico 224<\/p>\n<p>Otras Limitaciones del PW Direccional 225<\/p>\n<p>Variantes del PW 226<\/p>\n<p>Ejemplos de combinaci\u00f3n Doppler-Imagen 229<\/p>\n<p>Referencias 230<\/p>\n<p><strong>Tema VII<\/strong><\/p>\n<p><strong>Ultrasonido de Potencia <\/strong>231<\/p>\n<p>Introducci\u00f3n 232<\/p>\n<p>Materiales Usados para la Generaci\u00f3n de Transductores de Potencia 234<\/p>\n<p>Variantes de Transductores de Potencia 235<\/p>\n<p>Ejemplo de Transductores Electromagn\u00e9ticos 235<\/p>\n<p>Transductores Piezoel\u00e9ctricos para Sonar 236<\/p>\n<p>Transductor Langevin 237<\/p>\n<p>Sonar 250<\/p>\n<p>Referencias 254<\/p>","protected":false},"excerpt":{"rendered":"<div class=\"entry-summary\">\nT\u00edtulo:\u00a0 Clases de Aplicaciones Industriales del Ultrasonido y Ultrasonido para Uso M\u00e9dico. A\u00f1o: 2018 Autor\/es: \u00c1ngel C. Veca. ISBN: 978-987-42-7400-7&hellip;\n<\/div>\n<div class=\"link-more\"><a href=\"https:\/\/dea.unsj.edu.ar\/principal\/oferta-academica\/biblioteca-libre-del-dea\/libro-clases-de-aplicaciones-industriales-del-ultrasonido-y-ultrasonido-para-uso-medico\/\" class=\"more-link\">Continue reading<span class=\"screen-reader-text\"> &ldquo;Libro: Clases de Aplicaciones Industriales del Ultrasonido y Ultrasonido para Uso M\u00e9dico.&rdquo;<\/span>&hellip;<\/a><\/div>\n","protected":false},"author":1,"featured_media":1564,"parent":1547,"menu_order":0,"comment_status":"closed","ping_status":"closed","template":"","meta":{"_acf_changed":false,"jetpack_post_was_ever_published":false,"footnotes":""},"class_list":["post-1562","page","type-page","status-publish","has-post-thumbnail","hentry","entry"],"acf":[],"jetpack_sharing_enabled":true,"jetpack_shortlink":"https:\/\/wp.me\/PaLbeA-pc","_links":{"self":[{"href":"https:\/\/dea.unsj.edu.ar\/principal\/wp-json\/wp\/v2\/pages\/1562","targetHints":{"allow":["GET"]}}],"collection":[{"href":"https:\/\/dea.unsj.edu.ar\/principal\/wp-json\/wp\/v2\/pages"}],"about":[{"href":"https:\/\/dea.unsj.edu.ar\/principal\/wp-json\/wp\/v2\/types\/page"}],"author":[{"embeddable":true,"href":"https:\/\/dea.unsj.edu.ar\/principal\/wp-json\/wp\/v2\/users\/1"}],"replies":[{"embeddable":true,"href":"https:\/\/dea.unsj.edu.ar\/principal\/wp-json\/wp\/v2\/comments?post=1562"}],"version-history":[{"count":0,"href":"https:\/\/dea.unsj.edu.ar\/principal\/wp-json\/wp\/v2\/pages\/1562\/revisions"}],"up":[{"embeddable":true,"href":"https:\/\/dea.unsj.edu.ar\/principal\/wp-json\/wp\/v2\/pages\/1547"}],"wp:featuredmedia":[{"embeddable":true,"href":"https:\/\/dea.unsj.edu.ar\/principal\/wp-json\/wp\/v2\/media\/1564"}],"wp:attachment":[{"href":"https:\/\/dea.unsj.edu.ar\/principal\/wp-json\/wp\/v2\/media?parent=1562"}],"curies":[{"name":"wp","href":"https:\/\/api.w.org\/{rel}","templated":true}]}}