{"id":1551,"date":"2019-06-12T09:15:48","date_gmt":"2019-06-12T12:15:48","guid":{"rendered":"http:\/\/dea.unsj.edu.ar\/principal\/?page_id=1551"},"modified":"2025-02-10T09:45:47","modified_gmt":"2025-02-10T12:45:47","slug":"libro-arquitecturas-circuitales-para-la-emision-y-recepcion-de-ultrasonido-orientadas-a-la-determinacion-del-tiempo-de-transito","status":"publish","type":"page","link":"https:\/\/dea.unsj.edu.ar\/principal\/oferta-academica\/biblioteca-libre-del-dea\/libro-arquitecturas-circuitales-para-la-emision-y-recepcion-de-ultrasonido-orientadas-a-la-determinacion-del-tiempo-de-transito\/","title":{"rendered":"Libro: Arquitecturas Circuitales para la Emisi\u00f3n y Recepci\u00f3n de Ultrasonido, Orientadas a la Determinaci\u00f3n del Tiempo de Transito"},"content":{"rendered":"\n<div class=\"wp-block-file\"><a href=\"http:\/\/dea.unsj.edu.ar\/principal\/wp-content\/uploads\/2019\/06\/Arquitecturas-Circuitales-Veca-2019.pdf\">Arquitecturas Circuitales-Veca-2019<\/a><a href=\"http:\/\/dea.unsj.edu.ar\/principal\/wp-content\/uploads\/2019\/06\/Arquitecturas-Circuitales-Veca-2019.pdf\" class=\"wp-block-file__button\" download>Descarga<\/a><\/div>\n\n\n\n<p>T\u00edtulo:  Arquitecturas Circuitales para la Emisi\u00f3n y Recepci\u00f3n de Ultrasonido, orientadas a la Determinaci\u00f3n del tiempo de transito<\/p>\n\n\n\n<p>A\u00f1o: 2019<\/p>\n\n\n\n<p>Autor:  \u00c1ngel C. Veca. <\/p>\n\n\n\n<p>ISBN: 978-987-86-0345-2 <\/p>\n\n\n\n<p>Resumen: <\/p>\n\n\n\n<p>Contenido:<\/p>\n\n\n<p>Pr\u00f3logo del Editor<\/p>\n<p><strong>Cap\u00edtulo I<\/strong><\/p>\n<p><strong>Esquemas b\u00e1sicos para determinaci\u00f3n de tiempo de tr\u00e1nsito <\/strong>(1)<\/p>\n<ol>\n<li>Introducci\u00f3n (2)<\/li>\n<\/ol>\n<p>1.1. Esquema de partida (3)<\/p>\n<p>1.2. Sistemas anal\u00f3gicos (3)<\/p>\n<p>1.3. Sistemas digitales (4)<\/p>\n<p>1.4. Variantes para la determinaci\u00f3n del tt por medios anal\u00f3gicos (5)<\/p>\n<p>1.4.1 El decodificador de tono (5)<\/p>\n<p>1.4.2. M\u00e9todos basados en la teor\u00eda del receptor \u00f3ptimo (7)<\/p>\n<p>1.4.2.1. Determinaci\u00f3n de tt por estimaci\u00f3n de retardos (7)<\/p>\n<p>1.4.2.1.1. Planteo del Receptor por Correlaci\u00f3n (7)<\/p>\n<p>1.4.2.1.2. Receptor Optimo (8)<\/p>\n<p>1.4.2.1.3. Implementaci\u00f3n del sistema (9)<\/p>\n<p>1.5. Sistemas h\u00edbridos (11)<\/p>\n<p>1.5.1. Conversor de tiempo a distancia (11)<\/p>\n<p>1.6. Esquemas de circuitos excitadores (13)<\/p>\n<p>1.7. Resumen del cap\u00edtulo (18)<\/p>\n<p>1.8. Preguntas y problemas propuestos (19)<\/p>\n<p>1.9. Referencias (20)<\/p>\n<p><strong>Cap\u00edtulo II<\/strong><\/p>\n<p><strong>Medici\u00f3n de tt con dispositivos Electr\u00f3nicos Espec\u00edficos <\/strong>(23)<\/p>\n<p>2.1. Introducci\u00f3n (24)<\/p>\n<p>2.2. Sistema de Sonar basado en el LM1812 (24)<\/p>\n<p>2.2.1. Ventajas y desventajas (26)<\/p>\n<p>2.3. M\u00f3dulos Massa (26)<\/p>\n<p>2.3.1. An\u00e1lisis de la serie E-201B (27)<\/p>\n<p>2.3.2. An\u00e1lisis de la serie E-220B (28)<\/p>\n<p>2.3.3. Ventajas y desventajas (28)<\/p>\n<p>2.4. Circuitos para sonar Texas (29)<\/p>\n<p>2.5. Circuitos para sonar Polaroy (31)<\/p>\n<p>2.6. Sistema HC-SRQ4 (31)<\/p>\n<p>2.7. Resumen del cap\u00edtulo (33)<\/p>\n<p>2.8. Preguntas y problemas propuestos (34)<\/p>\n<p>2.9. Referencias (34)<\/p>\n<p><strong>Cap\u00edtulo III<\/strong><\/p>\n<p><strong>An\u00e1lisis y Caracterizaci\u00f3n del M\u00f3dulo HC-SRQ4 <\/strong>(37)<\/p>\n<p>3.1. Introducci\u00f3n (38)<\/p>\n<p>3.2. An\u00e1lisis detallado del m\u00f3dulo HC-SRQ4 (38)<\/p>\n<p>3.2.1. Simulaci\u00f3n de la detecci\u00f3n. An\u00e1lisis de la respuesta en frecuencia (38)<\/p>\n<p>3.2.2. Respuesta de las tres etapas de amplificaci\u00f3n (42)<\/p>\n<p>3.3. Mediciones de laboratorio (43)<\/p>\n<p>3.3.1. Mediciones sobre la excitaci\u00f3n (44)<\/p>\n<p>3.3.2. Mediciones sobre la respuesta de la excitaci\u00f3n (45)<\/p>\n<p>3.3.3. Modelado de la se\u00f1al emitida (46)<\/p>\n<p>3.3.4. Efectos de la zona ciega (48)<\/p>\n<p>3.3.5. La se\u00f1al Echo (49)<\/p>\n<p>3.3.6. C\u00e1lculo de la amplitud de la se\u00f1al de eco para la m\u00e1xima<\/p>\n<p>distancia al blanco (52)<\/p>\n<p>3.4. Conclusiones (57)<\/p>\n<p>3.5. Preguntas y problemas propuestos (58)<\/p>\n<p>3.6. Referencias (58)<\/p>\n<p><strong>Ap\u00e9ndice A<\/strong><\/p>\n<p><strong>Planteo del Receptor Optimo <\/strong>(61)<\/p>\n<p>Indice alfab\u00e9tico (67)<\/p>\n<p><\/p>","protected":false},"excerpt":{"rendered":"<div class=\"entry-summary\">\nT\u00edtulo: Arquitecturas Circuitales para la Emisi\u00f3n y Recepci\u00f3n de Ultrasonido, orientadas a la Determinaci\u00f3n del tiempo de transito A\u00f1o: 2019&hellip;\n<\/div>\n<div class=\"link-more\"><a href=\"https:\/\/dea.unsj.edu.ar\/principal\/oferta-academica\/biblioteca-libre-del-dea\/libro-arquitecturas-circuitales-para-la-emision-y-recepcion-de-ultrasonido-orientadas-a-la-determinacion-del-tiempo-de-transito\/\" class=\"more-link\">Continue reading<span class=\"screen-reader-text\"> &ldquo;Libro: Arquitecturas Circuitales para la Emisi\u00f3n y Recepci\u00f3n de Ultrasonido, Orientadas a la Determinaci\u00f3n del Tiempo de Transito&rdquo;<\/span>&hellip;<\/a><\/div>\n","protected":false},"author":1,"featured_media":1553,"parent":1547,"menu_order":0,"comment_status":"closed","ping_status":"closed","template":"","meta":{"_acf_changed":false,"jetpack_post_was_ever_published":false,"footnotes":""},"class_list":["post-1551","page","type-page","status-publish","has-post-thumbnail","hentry","entry"],"acf":[],"jetpack_sharing_enabled":true,"jetpack_shortlink":"https:\/\/wp.me\/PaLbeA-p1","_links":{"self":[{"href":"https:\/\/dea.unsj.edu.ar\/principal\/wp-json\/wp\/v2\/pages\/1551","targetHints":{"allow":["GET"]}}],"collection":[{"href":"https:\/\/dea.unsj.edu.ar\/principal\/wp-json\/wp\/v2\/pages"}],"about":[{"href":"https:\/\/dea.unsj.edu.ar\/principal\/wp-json\/wp\/v2\/types\/page"}],"author":[{"embeddable":true,"href":"https:\/\/dea.unsj.edu.ar\/principal\/wp-json\/wp\/v2\/users\/1"}],"replies":[{"embeddable":true,"href":"https:\/\/dea.unsj.edu.ar\/principal\/wp-json\/wp\/v2\/comments?post=1551"}],"version-history":[{"count":1,"href":"https:\/\/dea.unsj.edu.ar\/principal\/wp-json\/wp\/v2\/pages\/1551\/revisions"}],"predecessor-version":[{"id":4212,"href":"https:\/\/dea.unsj.edu.ar\/principal\/wp-json\/wp\/v2\/pages\/1551\/revisions\/4212"}],"up":[{"embeddable":true,"href":"https:\/\/dea.unsj.edu.ar\/principal\/wp-json\/wp\/v2\/pages\/1547"}],"wp:featuredmedia":[{"embeddable":true,"href":"https:\/\/dea.unsj.edu.ar\/principal\/wp-json\/wp\/v2\/media\/1553"}],"wp:attachment":[{"href":"https:\/\/dea.unsj.edu.ar\/principal\/wp-json\/wp\/v2\/media?parent=1551"}],"curies":[{"name":"wp","href":"https:\/\/api.w.org\/{rel}","templated":true}]}}