{"id":1547,"date":"2019-06-12T08:43:25","date_gmt":"2019-06-12T11:43:25","guid":{"rendered":"http:\/\/dea.unsj.edu.ar\/principal\/?page_id=1547"},"modified":"2025-02-10T10:03:35","modified_gmt":"2025-02-10T13:03:35","slug":"biblioteca-libre-del-dea","status":"publish","type":"page","link":"https:\/\/dea.unsj.edu.ar\/principal\/oferta-academica\/biblioteca-libre-del-dea\/","title":{"rendered":"Biblioteca Libre del DEA"},"content":{"rendered":"\n<p>En esta secci\u00f3n se presentan libros y material de C\u00e1tedra de Libre Circulaci\u00f3n generados por personal del Departamento<\/p>\n\n\n\n<h2 class=\"wp-block-heading\">Libros <\/h2>\n\n\n<p>Arquitecturas Circuitales para la Emisi\u00f3n y Recepci\u00f3n de Ultrasonido, orientadas a la Determinaci\u00f3n del tiempo de transito Primera Edici\u00f3n, ISBN 978-987-86-0345-2, 2019, \u00c1ngel C. Veca. <a href=\"http:\/\/dea.unsj.edu.ar\/principal\/biblioteca-libre-del-dea\/libro-arquitecturas-circuitales-para-la-emision-y-recepcion-de-ultrasonido-orientadas-a-la-determinacion-del-tiempo-de-transito\/\" target=\"_blank\" rel=\"noopener noreferrer\">P\u00e1gina de Descarga<\/a><\/p>\n<p>Clases de Aplicaciones Industriales del Ultrasonido y Ultrasonido para Uso M\u00e9dico. Primera Edici\u00f3n. ISBN 978-987-42-7400-7. 2018. \u00c1ngel C. Veca. <a href=\"http:\/\/dea.unsj.edu.ar\/principal\/biblioteca-libre-del-dea\/libro-clases-de-aplicaciones-industriales-del-ultrasonido-y-ultrasonido-para-uso-medico\/\" target=\"_blank\" rel=\"noopener noreferrer\">P\u00e1gina de Descarga<\/a><\/p>\n<p>Ultrasonido para Ingenieros y Estudiantes de Ingenier\u00eda. Primera Edici\u00f3n, ISBN 978-987-42-0588-9, 2016, Angel C. Veca y Ernesto Accolti. <a href=\"http:\/\/dea.unsj.edu.ar\/principal\/biblioteca-libre-del-dea\/libro-ultrasonido-para-ingenieros-y-estudiantes-de-ingenieria\/\" target=\"_blank\" rel=\"noopener noreferrer\">P\u00e1gina de Descarga<\/a><\/p>\n<p>Filtros Anal\u00f3gicos: cl\u00e1sicos, basados en Capacitor Conmutado y con FPAA. Primera edici\u00f3n, ISBN 978-987-33-6154-8, 2014. \u00c1ngel C. Veca, Andr\u00e9s Lage, Mario Ruiz Noguera. <a href=\"http:\/\/dea.unsj.edu.ar\/principal\/biblioteca-libre-del-dea\/libro-filtros-analogicos-clasicos-basados-en-capacitor-conmutado-y-con-fpaa\/\" target=\"_blank\" rel=\"noopener noreferrer\">P\u00e1gina de Descarga<\/a><\/p>\n<p>Ultrasonido y Emisi\u00f3n Ac\u00fastica para Ingenieros y Estudiantes de Ingenier\u00eda. Primera edici\u00f3n, ISBN 978-987-86-3199-8. Angel C. Veca, Jos\u00e9 E. Ruzzante, Mar\u00eda I. L\u00f3pez Pumarega, Ernesto Accolti. <a href=\"http:\/\/dea.unsj.edu.ar\/principal\/oferta-academica\/biblioteca-libre-del-dea\/libro-ultrasonido-y-emision-acustica-para-ingenieros-y-estudiantes-de-ingenieria\/\" target=\"_blank\" rel=\"noopener noreferrer\">P\u00e1gina de Descarga<\/a><\/p>\n\n\n<p>Programaci\u00f3n de Computadoras para Estudiantes de Ingenier\u00eda. Primera edici\u00f3n, ISBN 978-987-86-4062-4. Eduardo M. Zavalla.       <a href=\"http:\/\/dea.unsj.edu.ar\/principal\/oferta-academica\/biblioteca-libre-del-dea\/libro-programacion-de-computadoras-para-estudiantes-de-ingenieria\/\" data-type=\"URL\" target=\"_blank\" rel=\"noreferrer noopener\">P\u00e1gina de Descarga<\/a><\/p>\n\n\n\n<p>An\u00e1lisis y Soluci\u00f3n de Problemas de Electr\u00f3nica Anal\u00f3gica, Primera Edici\u00f3n 2025, ISBN 978-631-00-7200-5, Ana Mar\u00eda Echenique, <a href=\"http:\/\/dea.unsj.edu.ar\/principal\/oferta-academica\/biblioteca-libre-del-dea\/libro-analisis-y-solucion-de-problemas-de-electronica-analogica\/\" data-type=\"page\" data-id=\"4210\">P\u00e1gina de Descarga<\/a><\/p>\n\n\n\n<p><\/p>\n","protected":false},"excerpt":{"rendered":"<div class=\"entry-summary\">\nEn esta secci\u00f3n se presentan libros y material de C\u00e1tedra de Libre Circulaci\u00f3n generados por personal del Departamento Libros Arquitecturas&hellip;\n<\/div>\n<div class=\"link-more\"><a href=\"https:\/\/dea.unsj.edu.ar\/principal\/oferta-academica\/biblioteca-libre-del-dea\/\" class=\"more-link\">Continue reading<span class=\"screen-reader-text\"> &ldquo;Biblioteca Libre del DEA&rdquo;<\/span>&hellip;<\/a><\/div>\n","protected":false},"author":1,"featured_media":0,"parent":562,"menu_order":0,"comment_status":"closed","ping_status":"closed","template":"","meta":{"_acf_changed":false,"jetpack_post_was_ever_published":false,"footnotes":""},"class_list":["post-1547","page","type-page","status-publish","hentry","entry"],"acf":[],"jetpack_sharing_enabled":true,"jetpack_shortlink":"https:\/\/wp.me\/PaLbeA-oX","_links":{"self":[{"href":"https:\/\/dea.unsj.edu.ar\/principal\/wp-json\/wp\/v2\/pages\/1547","targetHints":{"allow":["GET"]}}],"collection":[{"href":"https:\/\/dea.unsj.edu.ar\/principal\/wp-json\/wp\/v2\/pages"}],"about":[{"href":"https:\/\/dea.unsj.edu.ar\/principal\/wp-json\/wp\/v2\/types\/page"}],"author":[{"embeddable":true,"href":"https:\/\/dea.unsj.edu.ar\/principal\/wp-json\/wp\/v2\/users\/1"}],"replies":[{"embeddable":true,"href":"https:\/\/dea.unsj.edu.ar\/principal\/wp-json\/wp\/v2\/comments?post=1547"}],"version-history":[{"count":3,"href":"https:\/\/dea.unsj.edu.ar\/principal\/wp-json\/wp\/v2\/pages\/1547\/revisions"}],"predecessor-version":[{"id":4216,"href":"https:\/\/dea.unsj.edu.ar\/principal\/wp-json\/wp\/v2\/pages\/1547\/revisions\/4216"}],"up":[{"embeddable":true,"href":"https:\/\/dea.unsj.edu.ar\/principal\/wp-json\/wp\/v2\/pages\/562"}],"wp:attachment":[{"href":"https:\/\/dea.unsj.edu.ar\/principal\/wp-json\/wp\/v2\/media?parent=1547"}],"curies":[{"name":"wp","href":"https:\/\/api.w.org\/{rel}","templated":true}]}}