{"id":1400,"date":"2019-03-29T20:33:36","date_gmt":"2019-03-29T23:33:36","guid":{"rendered":"http:\/\/dea.unsj.edu.ar\/principal\/?page_id=1400"},"modified":"2019-03-29T20:33:36","modified_gmt":"2019-03-29T23:33:36","slug":"proyectos-dea-2018","status":"publish","type":"page","link":"https:\/\/dea.unsj.edu.ar\/principal\/investigacion-desarrollo-servicios\/proyectos-dea-2018\/","title":{"rendered":"Proyectos DEA (2018)"},"content":{"rendered":"\n<h1 class=\"wp-block-heading\">DEA<\/h1>\n\n\n\n<h3 class=\"wp-block-heading\">1)&nbsp;&nbsp;&nbsp;&nbsp;\nNeuroingenier\u00eda\nAplicada a Desarrollo de Tecnolog\u00edas para Personas con Discapacidad\nNeuromotora, Cognitiva y Sensorial.<\/h3>\n\n\n\n<p>Director: Echenique,\nAna Mar\u00eda<\/p>\n\n\n\n<p>Tipo: CICITCA, UNSJ<\/p>\n\n\n\n<h3 class=\"wp-block-heading\">2)&nbsp;&nbsp;&nbsp;&nbsp;\nCuantificaci\u00f3n\nde Patrones Epil\u00e9pticos En Registros Electroencefalogr\u00e1ficos Intracraneales y de\nSuperficie.<\/h3>\n\n\n\n<p>Director: Orosco,\nLorena Liliana<\/p>\n\n\n\n<p>Tipo: CICITCA, UNSJ<\/p>\n\n\n\n<h3 class=\"wp-block-heading\">3)&nbsp;&nbsp;&nbsp;&nbsp;\nAdquisici\u00f3n\ny Procesamiento de Datos de Marcha para el Control de \u00d3rtesis Rob\u00f3tica de\nRehabilitaci\u00f3n. Aplicaci\u00f3n a un Caso de Estudio de Mielomeningocele.<\/h3>\n\n\n\n<p>Director: Rodrigo,\nSilvia Elizabeth <\/p>\n\n\n\n<p>Tipo: CICITCA, UNSJ<\/p>\n\n\n\n<h3 class=\"wp-block-heading\">4)&nbsp;&nbsp;&nbsp;&nbsp;\nSensado\nInercial en Vestimenta para Asistencia de Discapacidades Mediante Uso de IoT.<\/h3>\n\n\n\n<p>Director: Orosco,\nEugenio Conrado <\/p>\n\n\n\n<p>Tipo: CICITCA, UNSJ<\/p>\n\n\n\n<h3 class=\"wp-block-heading\">5)&nbsp;&nbsp;&nbsp;&nbsp;\nDesarrollo\nde Serious Games para Neurorehabilitacion.<\/h3>\n\n\n\n<p>Director: Perez\nBerenguer, Mar\u00eda <\/p>\n\n\n\n<p>Tipo: CICITCA, UNSJ<\/p>\n\n\n\n<h3 class=\"wp-block-heading\">6)&nbsp;&nbsp;&nbsp;&nbsp;\nDesarrollo\nde un Sistema de Monitoreo de Variables F\u00edsicas de Equipos M\u00e9dicos en un Hospital,\nUsando Plataforma de Internet.<\/h3>\n\n\n\n<p>Director: \u00c1vila\nPerona, Enrique Mario<\/p>\n\n\n\n<p>Tipo: CICITCA, UNSJ<\/p>\n\n\n\n<h3 class=\"wp-block-heading\">7)&nbsp;&nbsp;&nbsp;&nbsp;\nDesarrollo\nde Procedimientos de An\u00e1lisis Funcional de Equipamiento M\u00e9dico.<\/h3>\n\n\n\n<p>Director: Romo,\nRaul<\/p>\n\n\n\n<p>Tipo: CICITCA, UNSJ<\/p>\n\n\n\n<h3 class=\"wp-block-heading\">8)&nbsp;&nbsp;&nbsp;&nbsp;\nDetecci\u00f3n\ny Cuantificaci\u00f3n de Signos Caracter\u00edsticos en Pacientes con Trastornos del\nMovimiento Empleando Sensores Portables Interconectados Mediante la Plataforma de\nInternet de las Cosas (IoT).<\/h3>\n\n\n\n<p>Director: Romero,\nLuis Eduardo<\/p>\n\n\n\n<p>Tipo: CICITCA, UNSJ<\/p>\n\n\n\n<h3 class=\"wp-block-heading\">9)&nbsp;&nbsp;&nbsp;&nbsp;\nSistema\nde Medici\u00f3n de Radio Interferencia para Radio Telescopio CART (RFI-CART).<\/h3>\n\n\n\n<p>Director: Guzzo,\nMartin Alejandro<\/p>\n\n\n\n<p>Tipo: CICITCA, UNSJ<\/p>\n\n\n\n<h3 class=\"wp-block-heading\">10)\nFormaci\u00f3n\nProfesional Competente y Digital en Ingenier\u00eda para la Inclusi\u00f3n y Retenci\u00f3n\nMediante Neurociencias, Ling\u00fc\u00edstica y Epistemolog\u00eda Integradas.<\/h3>\n\n\n\n<p>Director: Laplagne\nSarmiento, Mar\u00eda Cristina<\/p>\n\n\n\n<p>Tipo: CICITCA, UNSJ<\/p>\n\n\n\n<h3 class=\"wp-block-heading\">11)\nComunidades\nde Aprendizaje, Inclusi\u00f3n y Sustentabilidad para la Integraci\u00f3n de Competencias\nMediante Tecnolog\u00eda Educativa para Ingenier\u00eda.<\/h3>\n\n\n\n<p>Director: G\u00f3mez,\nDaniel Jos\u00e9<\/p>\n\n\n\n<p>Tipo: CICITCA, UNSJ<\/p>\n\n\n\n<h3 class=\"wp-block-heading\">12)&nbsp;&nbsp; Sistema de Localizaci\u00f3n y\nSeguimiento de Personas y Activos en Minas Subterr\u00e1nea.<\/h3>\n\n\n\n<p>Director: Segura,\nMarcelo<\/p>\n\n\n\n<p>Tipo: PDTS, UNSJ<\/p>\n\n\n\n<h3 class=\"wp-block-heading\">13)&nbsp;&nbsp; Fusi\u00f3n de Im\u00e1genes y de T\u00e9cnicas de\nConectividad en Cirug\u00eda de Epilepsia.<\/h3>\n\n\n\n<p>Director: Graffigna\nVaggione, Juan Pablo<\/p>\n\n\n\n<p>Tipo: PDTS,\nUNSJ<\/p>\n\n\n\n<h3 class=\"wp-block-heading\">14)&nbsp;&nbsp; Desarrollo de un Sistema Inal\u00e1mbrico de\nMonitoreo Ambulatorio de Se\u00f1ales Biom\u00e9dicas para Adultos Mayores<\/h3>\n\n\n\n<p>Director: Laciar\nLeber, Eric<\/p>\n\n\n\n<p>Tipo: PDTS,\nUNSJ<\/p>\n\n\n\n<h3 class=\"wp-block-heading\">15)\nRed\nde Luminarias de V\u00eda P\u00fablica<\/h3>\n\n\n\n<p>Director: Dr.\nMarcelo Segura<\/p>\n\n\n\n<p>Tipo: Proyecto\ncolaborativo, Fundaci\u00f3n Dr. Manuel Sadosky<\/p>\n","protected":false},"excerpt":{"rendered":"<div class=\"entry-summary\">\nDEA 1)&nbsp;&nbsp;&nbsp;&nbsp; Neuroingenier\u00eda Aplicada a Desarrollo de Tecnolog\u00edas para Personas con Discapacidad Neuromotora, Cognitiva y Sensorial. Director: Echenique, Ana Mar\u00eda&hellip;\n<\/div>\n<div class=\"link-more\"><a href=\"https:\/\/dea.unsj.edu.ar\/principal\/investigacion-desarrollo-servicios\/proyectos-dea-2018\/\" class=\"more-link\">Continue reading<span class=\"screen-reader-text\"> &ldquo;Proyectos DEA (2018)&rdquo;<\/span>&hellip;<\/a><\/div>\n","protected":false},"author":1,"featured_media":0,"parent":565,"menu_order":0,"comment_status":"closed","ping_status":"closed","template":"","meta":{"_acf_changed":false,"jetpack_post_was_ever_published":false,"footnotes":""},"class_list":["post-1400","page","type-page","status-publish","hentry","entry"],"acf":[],"jetpack_sharing_enabled":true,"jetpack_shortlink":"https:\/\/wp.me\/PaLbeA-mA","_links":{"self":[{"href":"https:\/\/dea.unsj.edu.ar\/principal\/wp-json\/wp\/v2\/pages\/1400","targetHints":{"allow":["GET"]}}],"collection":[{"href":"https:\/\/dea.unsj.edu.ar\/principal\/wp-json\/wp\/v2\/pages"}],"about":[{"href":"https:\/\/dea.unsj.edu.ar\/principal\/wp-json\/wp\/v2\/types\/page"}],"author":[{"embeddable":true,"href":"https:\/\/dea.unsj.edu.ar\/principal\/wp-json\/wp\/v2\/users\/1"}],"replies":[{"embeddable":true,"href":"https:\/\/dea.unsj.edu.ar\/principal\/wp-json\/wp\/v2\/comments?post=1400"}],"version-history":[{"count":0,"href":"https:\/\/dea.unsj.edu.ar\/principal\/wp-json\/wp\/v2\/pages\/1400\/revisions"}],"up":[{"embeddable":true,"href":"https:\/\/dea.unsj.edu.ar\/principal\/wp-json\/wp\/v2\/pages\/565"}],"wp:attachment":[{"href":"https:\/\/dea.unsj.edu.ar\/principal\/wp-json\/wp\/v2\/media?parent=1400"}],"curies":[{"name":"wp","href":"https:\/\/api.w.org\/{rel}","templated":true}]}}