{"id":1327,"date":"2019-03-26T20:12:51","date_gmt":"2019-03-26T23:12:51","guid":{"rendered":"http:\/\/dea.unsj.edu.ar\/principal\/?page_id=1327"},"modified":"2019-03-26T20:12:51","modified_gmt":"2019-03-26T23:12:51","slug":"horarios-de-laboratorio-de-electronica-1o-semestre","status":"publish","type":"page","link":"https:\/\/dea.unsj.edu.ar\/principal\/docentes\/horarios-de-uso-del-laboratorio-de-electronica\/horarios-de-uso-de-los-laboratorios-del-dea-1-semestre\/horarios-de-laboratorio-de-electronica-1o-semestre\/","title":{"rendered":"Horarios de uso del Laboratorio de Electr\u00f3nica Anal\u00f3gica (1\u00b0 semestre)"},"content":{"rendered":"\n<h2 class=\"wp-block-heading\">2024<\/h2>\n\n\n\n<p>Las asignaturas que figuran en el horario TIENEN PRIORIDAD. Si alg\u00fan docente desea utilizar el laboratorio en un horario que no tiene asignado, debe ponerse de acuerdo con el docente que lo tiene asignado.<\/p>\n\n\n\n<figure class=\"wp-block-table\"><table><tbody><tr><td>HORARIO MA\u00d1ANA<\/td><td>LUNES<\/td><td>MARTES<\/td><td>MI\u00c9RCOLES<\/td><td>JUEVES<\/td><td>VIERNES<\/td><\/tr><tr><td>(1\u00ba) 8:00 a 8:45<\/td><td><\/td><td>Sensores y Transductores (4\u00ba BIO)<br>Andr\u00e9s Valdez<\/td><td><\/td><td>TEOR\u00cdA DE LOS CIRCUITOS (2\u00ba ELO) &#8211; ELECTROTECNIA (2 BIO)<br>&nbsp;Pe\u00f1a &#8211; Fern\u00e1ndez<\/td><td>ELECTR\u00d3NICA ANAL\u00d3GICA I (ELO)<br>Mario Mu\u00f1oz<\/td><\/tr><tr><td>(2\u00ba) 8:50 a 9:35<\/td><td><\/td><td>Sensores y Transductores (4\u00ba BIO)<br>Andr\u00e9s Valdez<\/td><td><\/td><td>TEOR\u00cdA DE LOS CIRCUITOS (2\u00ba ELO) &#8211; ELECTROTECNIA (2 BIO)<br>&nbsp;Pe\u00f1a &#8211; Fern\u00e1ndez<\/td><td>ELECTR\u00d3NICA ANAL\u00d3GICA I (3\u00ba ELO)<br>Mario Mu\u00f1oz<\/td><\/tr><tr><td>(3\u00ba) 9:40 a 10:25<\/td><td><\/td><td>Sensores y Transductores (4\u00ba BIO)<br>Andr\u00e9s Valdez<\/td><td><\/td><td>TEOR\u00cdA DE LOS CIRCUITOS (2\u00ba ELO) &#8211; ELECTROTECNIA (2 BIO)<br>&nbsp;Pe\u00f1a &#8211; Fern\u00e1ndez<\/td><td>ELECTR\u00d3NICA ANAL\u00d3GICA I (3\u00ba ELO)<br>Mario Mu\u00f1oz<\/td><\/tr><tr><td>(4\u00ba) 10:30 a 11:15<\/td><td><\/td><td><\/td><td><\/td><td>TEOR\u00cdA DE LOS CIRCUITOS (2\u00ba ELO) &#8211; ELECTROTECNIA (2 BIO)<br>&nbsp;Pe\u00f1a &#8211; Fern\u00e1ndez<\/td><td>ELECTR\u00d3NICA ANAL\u00d3GICA I (3\u00ba ELO)<br>Mario Mu\u00f1oz<\/td><\/tr><tr><td>(5\u00ba) 11:20 a 12:05<\/td><td><\/td><td><\/td><td><\/td><td>TEOR\u00cdA DE LOS CIRCUITOS (2\u00ba ELO) &#8211; ELECTROTECNIA (2 BIO)<br>&nbsp;Pe\u00f1a &#8211; Fern\u00e1ndez<\/td><td>ELECTR\u00d3NICA ANAL\u00d3GICA I (3\u00ba ELO)<br>Mario Mu\u00f1oz<\/td><\/tr><tr><td>(6\u00ba) 12:10 a 12:55<\/td><td><\/td><td><\/td><td><\/td><td>TEOR\u00cdA DE LOS CIRCUITOS (2\u00ba ELO) &#8211; ELECTROTECNIA (2 BIO)<br>&nbsp;Pe\u00f1a &#8211; Fern\u00e1ndez<\/td><td>ELECTR\u00d3NICA ANAL\u00d3GICA I (3\u00ba ELO)<br>Mario Mu\u00f1oz<\/td><\/tr><tr><td>TARDE<\/td><td>LUNES<\/td><td>MARTES<\/td><td>MI\u00c9RCOLES<\/td><td>JUEVES<\/td><td>VIERNES<\/td><\/tr><tr><td>(1\u00ba) 15:00 a 15:45<\/td><td>Sensores y Transductores (4\u00ba BIO)<br>Andr\u00e9s Valdez<\/td><td>&nbsp;<\/td><td>Sensores y Transductores (4\u00ba BIO)<br>Andr\u00e9s Valdez<\/td><td>ELECTR\u00d3NICA ANAL\u00d3GICA I (3\u00ba BIO)<br>Luciano Camona<\/td><td>&nbsp;<\/td><\/tr><tr><td>(2\u00ba) 15:50 a 16:35<\/td><td>Sensores y Transductores (4\u00ba BIO)<br>Andr\u00e9s Valdez<\/td><td>&nbsp;<\/td><td>Sensores y Transductores (4\u00ba BIO)<br>Andr\u00e9s Valdez<\/td><td>ELECTR\u00d3NICA ANAL\u00d3GICA I (3\u00ba BIO)<br>Luciano Camona<\/td><td>&nbsp;<\/td><\/tr><tr><td>(3\u00ba) 16:40 a 17:25<\/td><td>Sensores y Transductores (4\u00ba BIO)<br>Andr\u00e9s Valdez<\/td><td>&nbsp;<\/td><td>Sensores y Transductores (4\u00ba BIO)<br>Andr\u00e9s Valdez<\/td><td>ELECTR\u00d3NICA ANAL\u00d3GICA I (3\u00ba BIO)<br>Luciano Camona<\/td><td>&nbsp;<\/td><\/tr><tr><td>(4\u00ba) 17:30 a 18:15<\/td><td>ELECTR\u00d3NICA ANAL\u00d3GICA I (3\u00ba BIO)<br>Luciano Camona<\/td><td>&nbsp;<\/td><td>Telecomunicaciones I (ELO)<br>Juan Pablo Aguiar<\/td><td>ELECTR\u00d3NICA ANAL\u00d3GICA I (3\u00ba BIO)<br>Luciano Camona<\/td><td>ELECTR\u00d3NICA ANAL\u00d3GICA I (3\u00ba ELO)<br>Mario Mu\u00f1oz<\/td><\/tr><tr><td>(5\u00ba) 18:20 a 19:05<\/td><td>ELECTR\u00d3NICA ANAL\u00d3GICA I (3\u00ba BIO)<br>Luciano Camona<\/td><td>&nbsp;<\/td><td>Telecomunicaciones I (ELO)<\/td><td>ELECTR\u00d3NICA ANAL\u00d3GICA I (3\u00ba BIO)<br>Luciano Camona<\/td><td>ELECTR\u00d3NICA ANAL\u00d3GICA I (3\u00ba ELO)<br>Mario Mu\u00f1oz<\/td><\/tr><tr><td>(6\u00ba) 19:10 a 19:55<\/td><td>ELECTR\u00d3NICA ANAL\u00d3GICA I (3\u00ba BIO)<br>Luciano Camona<\/td><td>Telecomunicaciones I (ELO)<br>Juan Pablo Aguiar<\/td><td>Telecomunicaciones I (ELO)<\/td><td>ELECTR\u00d3NICA ANAL\u00d3GICA I (3\u00ba BIO)<br>Luciano Camona<\/td><td>ELECTR\u00d3NICA ANAL\u00d3GICA I (3\u00ba ELO)<br>Mario Mu\u00f1oz<\/td><\/tr><tr><td>(7\u00ba) 20:00 a 20:45<\/td><td>ELECTR\u00d3NICA ANAL\u00d3GICA I (3\u00ba BIO)<br>Luciano Camona<\/td><td>Telecomunicaciones I (ELO)<\/td><td>Telecomunicaciones I (ELO)<\/td><td>ELECTR\u00d3NICA ANAL\u00d3GICA I (3\u00ba BIO)<br>Luciano Camona<\/td><td>ELECTR\u00d3NICA ANAL\u00d3GICA I (3\u00ba ELO)<br>Mario Mu\u00f1oz<\/td><\/tr><\/tbody><\/table><\/figure>\n\n\n\n<p><\/p>\n","protected":false},"excerpt":{"rendered":"<div class=\"entry-summary\">\n2024 Las asignaturas que figuran en el horario TIENEN PRIORIDAD. Si alg\u00fan docente desea utilizar el laboratorio en un horario&hellip;\n<\/div>\n<div class=\"link-more\"><a href=\"https:\/\/dea.unsj.edu.ar\/principal\/docentes\/horarios-de-uso-del-laboratorio-de-electronica\/horarios-de-uso-de-los-laboratorios-del-dea-1-semestre\/horarios-de-laboratorio-de-electronica-1o-semestre\/\" class=\"more-link\">Continue reading<span class=\"screen-reader-text\"> &ldquo;Horarios de uso del Laboratorio de Electr\u00f3nica Anal\u00f3gica (1\u00b0 semestre)&rdquo;<\/span>&hellip;<\/a><\/div>\n","protected":false},"author":1,"featured_media":0,"parent":2616,"menu_order":0,"comment_status":"closed","ping_status":"closed","template":"","meta":{"_acf_changed":false,"jetpack_post_was_ever_published":false,"footnotes":""},"class_list":["post-1327","page","type-page","status-publish","hentry","entry"],"acf":[],"jetpack_sharing_enabled":true,"jetpack_shortlink":"https:\/\/wp.me\/PaLbeA-lp","_links":{"self":[{"href":"https:\/\/dea.unsj.edu.ar\/principal\/wp-json\/wp\/v2\/pages\/1327","targetHints":{"allow":["GET"]}}],"collection":[{"href":"https:\/\/dea.unsj.edu.ar\/principal\/wp-json\/wp\/v2\/pages"}],"about":[{"href":"https:\/\/dea.unsj.edu.ar\/principal\/wp-json\/wp\/v2\/types\/page"}],"author":[{"embeddable":true,"href":"https:\/\/dea.unsj.edu.ar\/principal\/wp-json\/wp\/v2\/users\/1"}],"replies":[{"embeddable":true,"href":"https:\/\/dea.unsj.edu.ar\/principal\/wp-json\/wp\/v2\/comments?post=1327"}],"version-history":[{"count":0,"href":"https:\/\/dea.unsj.edu.ar\/principal\/wp-json\/wp\/v2\/pages\/1327\/revisions"}],"up":[{"embeddable":true,"href":"https:\/\/dea.unsj.edu.ar\/principal\/wp-json\/wp\/v2\/pages\/2616"}],"wp:attachment":[{"href":"https:\/\/dea.unsj.edu.ar\/principal\/wp-json\/wp\/v2\/media?parent=1327"}],"curies":[{"name":"wp","href":"https:\/\/api.w.org\/{rel}","templated":true}]}}