{"id":1036,"date":"2019-03-12T18:07:52","date_gmt":"2019-03-12T21:07:52","guid":{"rendered":"http:\/\/dea.unsj.edu.ar\/principal\/?page_id=1036"},"modified":"2019-03-12T18:07:52","modified_gmt":"2019-03-12T21:07:52","slug":"viaje-educativo-2015","status":"publish","type":"page","link":"https:\/\/dea.unsj.edu.ar\/principal\/alumnos\/viajes-educativos\/viaje-educativo-2015\/","title":{"rendered":"Viaje Educativo 2015"},"content":{"rendered":"\n<h1 class=\"wp-block-heading\">1.&nbsp;&nbsp;&nbsp;&nbsp;&nbsp;\nIntroducci\u00f3n<\/h1>\n\n\n\n<p>Del d\u00edas 3 al 11 de Octubre del a\u00f1o 2015 un grupo de alumnos de\nBioingenier\u00eda e Ingenier\u00eda Electr\u00f3nica de la Universidad Nacional de San Juan,\nviajaron a la ciudad de Buenos Aires con el prop\u00f3sito de realizar una serie de\nvisitas a empresas e instituciones de la mencionada provincia, relacionadas con\nel \u00e1mbito de la electr\u00f3nica y la electromedicina.<\/p>\n\n\n\n<p>Los objetivos del viaje fueron<\/p>\n\n\n\n<p>\u00b7&nbsp;&nbsp;&nbsp;&nbsp;&nbsp;&nbsp;\nTomar contacto con f\u00e1bricas e instituciones relacionadas a la\ningenier\u00eda electr\u00f3nica y bioingenier\u00eda<\/p>\n\n\n\n<p>\u00b7&nbsp;&nbsp;&nbsp;&nbsp;&nbsp;&nbsp;\nConocer las labores de los profesionales dentro de la\norganizaci\u00f3n<\/p>\n\n\n\n<p>\u00b7&nbsp;&nbsp;&nbsp;&nbsp;&nbsp;&nbsp;\nTomar contacto con la experiencia de las organizaciones visitadas<\/p>\n\n\n\n<p>\u00b7&nbsp;&nbsp;&nbsp;&nbsp;&nbsp;&nbsp;\nObservar la aplicaci\u00f3n de conocimientos adquiridos en la\nformaci\u00f3n acad\u00e9mica<\/p>\n\n\n\n<h1 class=\"wp-block-heading\">2.&nbsp;&nbsp;&nbsp;&nbsp;&nbsp;\nItinerario del viaje<\/h1>\n\n\n\n<h2 class=\"wp-block-heading\">2.1.&nbsp;&nbsp;&nbsp; D\u00eda\n1 (Lunes)<\/h2>\n\n\n\n<h3 class=\"wp-block-heading\">A)&nbsp;&nbsp;&nbsp;&nbsp;&nbsp;&nbsp;&nbsp;&nbsp;&nbsp;&nbsp;&nbsp;&nbsp;&nbsp;&nbsp;\n&nbsp;INTI (LABORATORIOS)<\/h3>\n\n\n\n<p>Se realiz\u00f3 visita a tres laboratorios:<\/p>\n\n\n\n<p>\u00b7&nbsp;&nbsp;&nbsp;&nbsp;&nbsp;&nbsp;\nLaboratorio de calibraciones y patrones cu\u00e1nticos<\/p>\n\n\n\n<p>\u00b7&nbsp;&nbsp;&nbsp;&nbsp;&nbsp;&nbsp;\nC\u00e1mara semianecoica<\/p>\n\n\n\n<p>\u00b7&nbsp;&nbsp;&nbsp;&nbsp;&nbsp;&nbsp;\nLaboratorio de micro y nano electr\u00f3nica<\/p>\n\n\n\n<p>Laboratorio de calibraciones y patrones cu\u00e1nticos<\/p>\n\n\n\n<figure class=\"wp-block-image\"><img decoding=\"async\" src=\"http:\/\/dea.unsj.edu.ar\/visitas\/Viaje_2015_archivos\/image001.jpg\" alt=\"\"\/><\/figure>\n\n\n\n<figure class=\"wp-block-image\"><img decoding=\"async\" src=\"http:\/\/dea.unsj.edu.ar\/visitas\/Viaje_2015_archivos\/image002.jpg\" alt=\"\"\/><\/figure>\n\n\n\n<figure class=\"wp-block-image\"><img decoding=\"async\" src=\"http:\/\/dea.unsj.edu.ar\/visitas\/Viaje_2015_archivos\/image003.gif\" alt=\"\"\/><\/figure>\n\n\n\n<figure class=\"wp-block-image\"><img decoding=\"async\" src=\"http:\/\/dea.unsj.edu.ar\/visitas\/Viaje_2015_archivos\/image004.gif\" alt=\"\"\/><\/figure>\n\n\n\n<figure class=\"wp-block-image\"><img decoding=\"async\" src=\"http:\/\/dea.unsj.edu.ar\/visitas\/Viaje_2015_archivos\/image005.jpg\" alt=\"\"\/><\/figure>\n\n\n\n<p>C\u00e1mara semianecoica<\/p>\n\n\n\n<figure class=\"wp-block-image\"><img decoding=\"async\" src=\"http:\/\/dea.unsj.edu.ar\/visitas\/Viaje_2015_archivos\/image006.jpg\" alt=\"\"\/><\/figure>\n\n\n\n<figure class=\"wp-block-image\"><img decoding=\"async\" src=\"http:\/\/dea.unsj.edu.ar\/visitas\/Viaje_2015_archivos\/image007.jpg\" alt=\"\"\/><\/figure>\n\n\n\n<p>Laboratorio de micro y nano electr\u00f3nica<\/p>\n\n\n\n<figure class=\"wp-block-image\"><img decoding=\"async\" src=\"http:\/\/dea.unsj.edu.ar\/visitas\/Viaje_2015_archivos\/image008.jpg\" alt=\"\"\/><\/figure>\n\n\n\n<figure class=\"wp-block-image\"><img decoding=\"async\" src=\"http:\/\/dea.unsj.edu.ar\/visitas\/Viaje_2015_archivos\/image009.jpg\" alt=\"\"\/><\/figure>\n\n\n\n<figure class=\"wp-block-image\"><img decoding=\"async\" src=\"http:\/\/dea.unsj.edu.ar\/visitas\/Viaje_2015_archivos\/image010.jpg\" alt=\"\"\/><\/figure>\n\n\n\n<figure class=\"wp-block-image\"><img decoding=\"async\" src=\"http:\/\/dea.unsj.edu.ar\/visitas\/Viaje_2015_archivos\/image011.jpg\" alt=\"\"\/><\/figure>\n\n\n\n<h3 class=\"wp-block-heading\">B)&nbsp;&nbsp;&nbsp;&nbsp;&nbsp;&nbsp;&nbsp;&nbsp;&nbsp;&nbsp;&nbsp;&nbsp;&nbsp;&nbsp;\nELECTROMEDIK<\/h3>\n\n\n\n<figure class=\"wp-block-image\"><img decoding=\"async\" src=\"http:\/\/dea.unsj.edu.ar\/visitas\/Viaje_2015_archivos\/image012.jpg\" alt=\"\"\/><\/figure>\n\n\n\n<figure class=\"wp-block-image\"><img decoding=\"async\" src=\"http:\/\/dea.unsj.edu.ar\/visitas\/Viaje_2015_archivos\/image013.jpg\" alt=\"\"\/><\/figure>\n\n\n\n<figure class=\"wp-block-image\"><img decoding=\"async\" src=\"http:\/\/dea.unsj.edu.ar\/visitas\/Viaje_2015_archivos\/image014.jpg\" alt=\"\"\/><\/figure>\n\n\n\n<h2 class=\"wp-block-heading\">2.2.&nbsp;&nbsp;&nbsp; D\u00eda\n2 (Martes)<\/h2>\n\n\n\n<h3 class=\"wp-block-heading\">A)&nbsp;&nbsp;&nbsp;&nbsp;&nbsp;&nbsp;&nbsp;&nbsp;&nbsp;&nbsp;&nbsp;&nbsp;&nbsp;&nbsp;\nGRAN BUENOS AIRES RX (GBA)<\/h3>\n\n\n\n<figure class=\"wp-block-image\"><img decoding=\"async\" src=\"http:\/\/dea.unsj.edu.ar\/visitas\/Viaje_2015_archivos\/image015.jpg\" alt=\"\"\/><\/figure>\n\n\n\n<figure class=\"wp-block-image\"><img decoding=\"async\" src=\"http:\/\/dea.unsj.edu.ar\/visitas\/Viaje_2015_archivos\/image016.jpg\" alt=\"\"\/><\/figure>\n\n\n\n<figure class=\"wp-block-image\"><img decoding=\"async\" src=\"http:\/\/dea.unsj.edu.ar\/visitas\/Viaje_2015_archivos\/image017.jpg\" alt=\"\"\/><\/figure>\n\n\n\n<figure class=\"wp-block-image\"><img decoding=\"async\" src=\"http:\/\/dea.unsj.edu.ar\/visitas\/Viaje_2015_archivos\/image018.jpg\" alt=\"\"\/><\/figure>\n\n\n\n<figure class=\"wp-block-image\"><img decoding=\"async\" src=\"http:\/\/dea.unsj.edu.ar\/visitas\/Viaje_2015_archivos\/image019.jpg\" alt=\"\"\/><\/figure>\n\n\n\n<h3 class=\"wp-block-heading\">B)&nbsp;&nbsp;&nbsp;&nbsp;&nbsp;&nbsp;&nbsp;&nbsp;&nbsp;&nbsp;&nbsp;&nbsp;&nbsp;&nbsp;\nMEDIX<\/h3>\n\n\n\n<figure class=\"wp-block-image\"><img decoding=\"async\" src=\"http:\/\/dea.unsj.edu.ar\/visitas\/Viaje_2015_archivos\/image020.jpg\" alt=\"\"\/><\/figure>\n\n\n\n<figure class=\"wp-block-image\"><img decoding=\"async\" src=\"http:\/\/dea.unsj.edu.ar\/visitas\/Viaje_2015_archivos\/image021.jpg\" alt=\"\"\/><\/figure>\n\n\n\n<h2 class=\"wp-block-heading\">2.3.&nbsp;&nbsp;&nbsp; D\u00eda\n3 (Mi\u00e9rcoles)<\/h2>\n\n\n\n<h3 class=\"wp-block-heading\">A)&nbsp;&nbsp;&nbsp;&nbsp;&nbsp;&nbsp;&nbsp;&nbsp;&nbsp;&nbsp;&nbsp;&nbsp;&nbsp;&nbsp;\nTENARIS<\/h3>\n\n\n\n<figure class=\"wp-block-image\"><img decoding=\"async\" src=\"http:\/\/dea.unsj.edu.ar\/visitas\/Viaje_2015_archivos\/image022.jpg\" alt=\"\"\/><\/figure>\n\n\n\n<figure class=\"wp-block-image\"><img decoding=\"async\" src=\"http:\/\/dea.unsj.edu.ar\/visitas\/Viaje_2015_archivos\/image023.jpg\" alt=\"\"\/><\/figure>\n\n\n\n<figure class=\"wp-block-image\"><img decoding=\"async\" src=\"http:\/\/dea.unsj.edu.ar\/visitas\/Viaje_2015_archivos\/image024.jpg\" alt=\"\"\/><\/figure>\n\n\n\n<figure class=\"wp-block-image\"><img decoding=\"async\" src=\"http:\/\/dea.unsj.edu.ar\/visitas\/Viaje_2015_archivos\/image025.jpg\" alt=\"\"\/><\/figure>\n\n\n\n<h2 class=\"wp-block-heading\">2.4.&nbsp;&nbsp;&nbsp; D\u00eda\n4 (Jueves)<\/h2>\n\n\n\n<h3 class=\"wp-block-heading\">A)&nbsp;&nbsp;&nbsp;&nbsp;&nbsp;&nbsp;&nbsp;&nbsp;&nbsp;&nbsp;&nbsp;&nbsp;&nbsp;&nbsp;\nADOX<\/h3>\n\n\n\n<figure class=\"wp-block-image\"><img decoding=\"async\" src=\"http:\/\/dea.unsj.edu.ar\/visitas\/Viaje_2015_archivos\/image026.jpg\" alt=\"\"\/><\/figure>\n\n\n\n<figure class=\"wp-block-image\"><img decoding=\"async\" src=\"http:\/\/dea.unsj.edu.ar\/visitas\/Viaje_2015_archivos\/image027.jpg\" alt=\"\"\/><\/figure>\n\n\n\n<figure class=\"wp-block-image\"><img decoding=\"async\" src=\"http:\/\/dea.unsj.edu.ar\/visitas\/Viaje_2015_archivos\/image028.jpg\" alt=\"\"\/><\/figure>\n\n\n\n<figure class=\"wp-block-image\"><img decoding=\"async\" src=\"http:\/\/dea.unsj.edu.ar\/visitas\/Viaje_2015_archivos\/image029.jpg\" alt=\"\"\/><\/figure>\n\n\n\n<h3 class=\"wp-block-heading\">B)&nbsp;&nbsp;&nbsp;&nbsp;&nbsp;&nbsp;&nbsp;&nbsp;&nbsp;&nbsp;&nbsp;&nbsp;&nbsp;&nbsp;\nMAYER<\/h3>\n\n\n\n<figure class=\"wp-block-image\"><img decoding=\"async\" src=\"http:\/\/dea.unsj.edu.ar\/visitas\/Viaje_2015_archivos\/image030.jpg\" alt=\"\"\/><\/figure>\n\n\n\n<figure class=\"wp-block-image\"><img decoding=\"async\" src=\"http:\/\/dea.unsj.edu.ar\/visitas\/Viaje_2015_archivos\/image031.jpg\" alt=\"\"\/><\/figure>\n\n\n\n<figure class=\"wp-block-image\"><img decoding=\"async\" src=\"http:\/\/dea.unsj.edu.ar\/visitas\/Viaje_2015_archivos\/image032.jpg\" alt=\"\"\/><\/figure>\n\n\n\n<h2 class=\"wp-block-heading\">2.5.&nbsp;&nbsp;&nbsp; D\u00eda\n5 (Viernes)<\/h2>\n\n\n\n<h3 class=\"wp-block-heading\">A)&nbsp;&nbsp;&nbsp;&nbsp;&nbsp;&nbsp;&nbsp;&nbsp;&nbsp;&nbsp;&nbsp;&nbsp;&nbsp;&nbsp;\nSILFAB<\/h3>\n\n\n\n<figure class=\"wp-block-image\"><img decoding=\"async\" src=\"http:\/\/dea.unsj.edu.ar\/visitas\/Viaje_2015_archivos\/image033.jpg\" alt=\"\"\/><\/figure>\n\n\n\n<figure class=\"wp-block-image\"><img decoding=\"async\" src=\"http:\/\/dea.unsj.edu.ar\/visitas\/Viaje_2015_archivos\/image034.jpg\" alt=\"\"\/><\/figure>\n\n\n\n<figure class=\"wp-block-image\"><img decoding=\"async\" src=\"http:\/\/dea.unsj.edu.ar\/visitas\/Viaje_2015_archivos\/image035.jpg\" alt=\"\"\/><\/figure>\n\n\n\n<figure class=\"wp-block-image\"><img decoding=\"async\" src=\"http:\/\/dea.unsj.edu.ar\/visitas\/Viaje_2015_archivos\/image036.jpg\" alt=\"\"\/><\/figure>\n\n\n\n<figure class=\"wp-block-image\"><img decoding=\"async\" src=\"http:\/\/dea.unsj.edu.ar\/visitas\/Viaje_2015_archivos\/image037.jpg\" alt=\"\"\/><\/figure>\n\n\n\n<h3 class=\"wp-block-heading\">B)&nbsp;&nbsp;&nbsp;&nbsp;&nbsp;&nbsp;&nbsp;&nbsp;&nbsp;&nbsp;&nbsp;&nbsp;&nbsp;&nbsp;\nDATA CENTER TELEF\u00d3NICA<\/h3>\n\n\n\n<figure class=\"wp-block-image\"><img decoding=\"async\" src=\"http:\/\/dea.unsj.edu.ar\/visitas\/Viaje_2015_archivos\/image038.jpg\" alt=\"\"\/><\/figure>\n\n\n\n<h2 class=\"wp-block-heading\">2.6.&nbsp;&nbsp;&nbsp; D\u00eda\n6 (S\u00e1bado)<\/h2>\n\n\n\n<h3 class=\"wp-block-heading\">A)&nbsp;&nbsp;&nbsp;&nbsp;&nbsp;&nbsp;&nbsp;&nbsp;&nbsp;&nbsp;&nbsp;&nbsp;&nbsp;&nbsp;\nGENDARMER\u00cdA<\/h3>\n\n\n\n<figure class=\"wp-block-image\"><img decoding=\"async\" src=\"http:\/\/dea.unsj.edu.ar\/visitas\/Viaje_2015_archivos\/image039.jpg\" alt=\"\"\/><\/figure>\n\n\n\n<figure class=\"wp-block-image\"><img decoding=\"async\" src=\"http:\/\/dea.unsj.edu.ar\/visitas\/Viaje_2015_archivos\/image040.jpg\" alt=\"\"\/><\/figure>\n\n\n\n<figure class=\"wp-block-image\"><img decoding=\"async\" src=\"http:\/\/dea.unsj.edu.ar\/visitas\/Viaje_2015_archivos\/image041.jpg\" alt=\"\"\/><\/figure>\n\n\n\n<h3 class=\"wp-block-heading\">B)&nbsp;&nbsp;&nbsp;&nbsp;&nbsp;&nbsp;&nbsp;&nbsp;&nbsp;&nbsp;&nbsp;&nbsp;&nbsp;&nbsp;\nTECN\u00d3POLIS<\/h3>\n\n\n\n<figure class=\"wp-block-image\"><img decoding=\"async\" src=\"http:\/\/dea.unsj.edu.ar\/visitas\/Viaje_2015_archivos\/image042.jpg\" alt=\"\"\/><\/figure>\n\n\n\n<h1 class=\"wp-block-heading\">3.&nbsp;&nbsp;&nbsp;&nbsp;&nbsp;\nConclusiones<\/h1>\n\n\n\n<p>Luego de visitar todas las empresas e instituciones y de recordar lo visto\nen cada una de ellas, se hizo un peque\u00f1o balance para calificar la experiencia\nde haber recorrido cada una de las mismas, y por qu\u00e9 no, del viaje en general.<\/p>\n","protected":false},"excerpt":{"rendered":"<div class=\"entry-summary\">\n1.&nbsp;&nbsp;&nbsp;&nbsp;&nbsp; Introducci\u00f3n Del d\u00edas 3 al 11 de Octubre del a\u00f1o 2015 un grupo de alumnos de Bioingenier\u00eda e Ingenier\u00eda&hellip;\n<\/div>\n<div class=\"link-more\"><a href=\"https:\/\/dea.unsj.edu.ar\/principal\/alumnos\/viajes-educativos\/viaje-educativo-2015\/\" class=\"more-link\">Continue reading<span class=\"screen-reader-text\"> &ldquo;Viaje Educativo 2015&rdquo;<\/span>&hellip;<\/a><\/div>\n","protected":false},"author":1,"featured_media":0,"parent":1019,"menu_order":0,"comment_status":"closed","ping_status":"closed","template":"","meta":{"_acf_changed":false,"jetpack_post_was_ever_published":false,"footnotes":""},"class_list":["post-1036","page","type-page","status-publish","hentry","entry"],"acf":[],"jetpack_sharing_enabled":true,"jetpack_shortlink":"https:\/\/wp.me\/PaLbeA-gI","_links":{"self":[{"href":"https:\/\/dea.unsj.edu.ar\/principal\/wp-json\/wp\/v2\/pages\/1036","targetHints":{"allow":["GET"]}}],"collection":[{"href":"https:\/\/dea.unsj.edu.ar\/principal\/wp-json\/wp\/v2\/pages"}],"about":[{"href":"https:\/\/dea.unsj.edu.ar\/principal\/wp-json\/wp\/v2\/types\/page"}],"author":[{"embeddable":true,"href":"https:\/\/dea.unsj.edu.ar\/principal\/wp-json\/wp\/v2\/users\/1"}],"replies":[{"embeddable":true,"href":"https:\/\/dea.unsj.edu.ar\/principal\/wp-json\/wp\/v2\/comments?post=1036"}],"version-history":[{"count":0,"href":"https:\/\/dea.unsj.edu.ar\/principal\/wp-json\/wp\/v2\/pages\/1036\/revisions"}],"up":[{"embeddable":true,"href":"https:\/\/dea.unsj.edu.ar\/principal\/wp-json\/wp\/v2\/pages\/1019"}],"wp:attachment":[{"href":"https:\/\/dea.unsj.edu.ar\/principal\/wp-json\/wp\/v2\/media?parent=1036"}],"curies":[{"name":"wp","href":"https:\/\/api.w.org\/{rel}","templated":true}]}}