{"id":1019,"date":"2019-03-12T14:51:48","date_gmt":"2019-03-12T17:51:48","guid":{"rendered":"http:\/\/dea.unsj.edu.ar\/principal\/?page_id=1019"},"modified":"2019-03-12T14:51:48","modified_gmt":"2019-03-12T17:51:48","slug":"viajes-educativos","status":"publish","type":"page","link":"https:\/\/dea.unsj.edu.ar\/principal\/alumnos\/viajes-educativos\/","title":{"rendered":"Viajes Educativos"},"content":{"rendered":"\n<h2 class=\"wp-block-heading\">Introducci\u00f3n<\/h2>\n\n\n\n<p>A partir del a\u00f1o 2013 el Departamento de Electr\u00f3nica y Autom\u00e1tica (DEA) de la Facultad de Ingenier\u00eda de la Universidad Nacional de San Juan (UNSJ) organiza una vez al a\u00f1o un Viaje Educativo destinado a los alumnos de los \u00faltimos de las carreras de Ingenier\u00eda Electr\u00f3nica y Bioingenier\u00eda.<\/p>\n\n\n\n<p>El mismo consiste en la visita de diferentes industrias y establecimientos relacionados con las carreras en donde los profesionales universitarios desarrollan sus actividades.<\/p>\n\n\n\n<p>Los objetivo fundamentales del viaje son:<\/p>\n\n\n\n<p>\u00b7&nbsp;&nbsp;&nbsp;&nbsp;&nbsp;&nbsp;&nbsp;Tomar contacto con f\u00e1bricas e instituciones relacionadas a la ingenier\u00eda electr\u00f3nica y bioingenier\u00eda<\/p>\n\n\n\n<p>\u00b7&nbsp;&nbsp;&nbsp;&nbsp;&nbsp;&nbsp;&nbsp;Conocer las labores de los profesionales dentro de la organizaci\u00f3n<\/p>\n\n\n\n<p>\u00b7&nbsp;&nbsp;&nbsp;&nbsp;&nbsp;&nbsp;&nbsp;Tomar contacto con la experiencia de las organizaciones visitadas<\/p>\n\n\n\n<p>\u00b7&nbsp;&nbsp;&nbsp;&nbsp;&nbsp;&nbsp;&nbsp;Observar la aplicaci\u00f3n de conocimientos adquiridos en la formaci\u00f3n acad\u00e9mica<\/p>\n\n\n\n<h2 class=\"wp-block-heading\">Pr\u00f3ximo Viaje Educativo<\/h2>\n\n\n<p>Durante este a\u00f1o se realizar\u00e1 la convocatoria para los alumnos que quieran participar del viaje educativo.<\/p>\n<p>Las condiciones para la realizaci\u00f3n son las siguientes:<\/p>\n<ul>\n<li>Estar matriculados en las carreras de Ingenier\u00eda Electr\u00f3nica o de Bioingenier\u00eda.<\/li>\n<li>Tener aprobadas a la fecha de la convocatoria m\u00e1s de 32 asignaturas de las carreras.<\/li>\n<\/ul>\n\n\n<h2 class=\"wp-block-heading\">Viajes Realizados Educativo<\/h2>\n\n\n<p><a href=\"http:\/\/dea.unsj.edu.ar\/principal\/viaje-educativo-2013\/\">Viaje Educativo 2013<\/a><\/p>\n<p><a href=\"http:\/\/dea.unsj.edu.ar\/principal\/viaje-educativo-2014\/\">Viaje Educativo 2014<\/a><\/p>\n<p><a href=\"http:\/\/dea.unsj.edu.ar\/principal\/viaje-educativo-2015\/\">Viaje Educativo 2015<\/a><\/p>\n<p><a href=\"http:\/\/dea.unsj.edu.ar\/principal\/viaje-educativo-2016\/\">Viaje Educativo 2016<\/a><\/p>\n<p><a href=\"http:\/\/dea.unsj.edu.ar\/principal\/viaje-educativo-2017\/\">Viaje Educativo 2017<\/a><\/p>\n<p><a href=\"http:\/\/dea.unsj.edu.ar\/principal\/viaje-educativo-2018\/\">Viaje Educativo 2018<\/a><\/p>\n\n\n<figure class=\"wp-block-image\"><img decoding=\"async\" src=\"http:\/\/dea.unsj.edu.ar\/visitas\/Viaje_Alumnos_DEA_archivos\/image005.gif\" alt=\"\"\/><figcaption> Contingente de 2017 <\/figcaption><\/figure>\n\n\n\n<figure class=\"wp-block-image\"><img decoding=\"async\" src=\"http:\/\/dea.unsj.edu.ar\/visitas\/Viaje_Alumnos_DEA_archivos\/image004.jpg\" alt=\"\"\/><figcaption> Contingente de 2016 <\/figcaption><\/figure>\n\n\n\n<figure class=\"wp-block-image\"><img decoding=\"async\" src=\"http:\/\/dea.unsj.edu.ar\/visitas\/Viaje_Alumnos_DEA_archivos\/image003.jpg\" alt=\"\"\/><figcaption> Contingente de 2015 <\/figcaption><\/figure>\n\n\n\n<figure class=\"wp-block-image\"><img decoding=\"async\" src=\"http:\/\/dea.unsj.edu.ar\/visitas\/Viaje_Alumnos_DEA_archivos\/image002.jpg\" alt=\"\"\/><figcaption> Contingente de 2014 <\/figcaption><\/figure>\n\n\n\n<figure class=\"wp-block-image\"><img decoding=\"async\" src=\"http:\/\/dea.unsj.edu.ar\/visitas\/Viaje_Alumnos_DEA_archivos\/image001.jpg\" alt=\"\"\/><figcaption> Contingente de 2013 <\/figcaption><\/figure>\n","protected":false},"excerpt":{"rendered":"<div class=\"entry-summary\">\nIntroducci\u00f3n A partir del a\u00f1o 2013 el Departamento de Electr\u00f3nica y Autom\u00e1tica (DEA) de la Facultad de Ingenier\u00eda de la&hellip;\n<\/div>\n<div class=\"link-more\"><a href=\"https:\/\/dea.unsj.edu.ar\/principal\/alumnos\/viajes-educativos\/\" class=\"more-link\">Continue reading<span class=\"screen-reader-text\"> &ldquo;Viajes Educativos&rdquo;<\/span>&hellip;<\/a><\/div>\n","protected":false},"author":1,"featured_media":1159,"parent":571,"menu_order":0,"comment_status":"closed","ping_status":"closed","template":"","meta":{"_acf_changed":false,"jetpack_post_was_ever_published":false,"footnotes":""},"class_list":["post-1019","page","type-page","status-publish","has-post-thumbnail","hentry","entry"],"acf":[],"jetpack_sharing_enabled":true,"jetpack_shortlink":"https:\/\/wp.me\/PaLbeA-gr","_links":{"self":[{"href":"https:\/\/dea.unsj.edu.ar\/principal\/wp-json\/wp\/v2\/pages\/1019","targetHints":{"allow":["GET"]}}],"collection":[{"href":"https:\/\/dea.unsj.edu.ar\/principal\/wp-json\/wp\/v2\/pages"}],"about":[{"href":"https:\/\/dea.unsj.edu.ar\/principal\/wp-json\/wp\/v2\/types\/page"}],"author":[{"embeddable":true,"href":"https:\/\/dea.unsj.edu.ar\/principal\/wp-json\/wp\/v2\/users\/1"}],"replies":[{"embeddable":true,"href":"https:\/\/dea.unsj.edu.ar\/principal\/wp-json\/wp\/v2\/comments?post=1019"}],"version-history":[{"count":0,"href":"https:\/\/dea.unsj.edu.ar\/principal\/wp-json\/wp\/v2\/pages\/1019\/revisions"}],"up":[{"embeddable":true,"href":"https:\/\/dea.unsj.edu.ar\/principal\/wp-json\/wp\/v2\/pages\/571"}],"wp:featuredmedia":[{"embeddable":true,"href":"https:\/\/dea.unsj.edu.ar\/principal\/wp-json\/wp\/v2\/media\/1159"}],"wp:attachment":[{"href":"https:\/\/dea.unsj.edu.ar\/principal\/wp-json\/wp\/v2\/media?parent=1019"}],"curies":[{"name":"wp","href":"https:\/\/api.w.org\/{rel}","templated":true}]}}